{"id":700050,"date":"2024-10-15T10:24:29","date_gmt":"2024-10-15T08:24:29","guid":{"rendered":"https:\/\/streetmarkets.fr\/app\/produit\/sac-banane-custine-xl-bleu-nuit-rive-droite\/"},"modified":"2026-05-12T08:37:09","modified_gmt":"2026-05-12T06:37:09","slug":"sac-banane-custine-xl-bleu-nuit-rive-droite","status":"publish","type":"product","link":"https:\/\/streetmarkets.fr\/app\/produit\/sac-banane-custine-xl-bleu-nuit-rive-droite\/","title":{"rendered":"Sac banane Custine XL bleu nuit &#8211; Rive Droite"},"content":{"rendered":"<p data-mce-fragment=\"1\">Avec sa forme arrondie, son grand compartiment principal, Custine le sac banane va vite remplacer votre sac \u00e0 main. Cl\u00e9s, portefeuille, t\u00e9l\u00e9phone, make-up, vous pouvez y ranger vos essentiels tout en gardant les mains libres.<\/p>\n<p data-mce-fragment=\"1\">\u00a0Sa anse s&#8217;ajuste facilement pour pouvoir le porter en bandouli\u00e8re ou \u00e0 la taille selon vos envies.<\/p>\n<p data-mce-fragment=\"1\">Emballage :\u00a0Ce produit est emball\u00e9 avec soin dans un pochon en coton r\u00e9utilisable avec un lien coulissan<\/p>\n<p data-mce-fragment=\"1\"><span data-mce-fragment=\"1\">Les sacs et accessoires Rive Droite sont fabriqu\u00e9s en circuit court \u00e0 Casablanca, au Maroc, \u00e0 partir de mati\u00e8res recycl\u00e9es, upcycl\u00e9es, et de surstocks de tissus de l\u2019industrie textile. <\/span><br data-mce-fragment=\"1\"><br data-mce-fragment=\"1\"><span data-mce-fragment=\"1\">Les sacs et accessoires sont confectionn\u00e9s par des &#8220;Dudes&#8221;, des couturiers d&#8217;exp\u00e9rience qui \u00e9taient dans des situations professionnelles pr\u00e9caires. <\/span><\/p>\n<p data-mce-fragment=\"1\"><span data-mce-fragment=\"1\"><strong>Rive Droite<\/strong>\u00a0finance l\u2019achat de machines \u00e0 coudre pour qu\u2019ils lancent leur activit\u00e9 et g\u00e9rons l&#8217;administratif pour eux.<\/span><\/p>\n","protected":false},"excerpt":{"rendered":"<p>Avec sa forme arrondie, son grand compartiment principal, Custine le sac banane va vite remplacer votre sac \u00e0 main. Cl\u00e9s, portefeuille, t\u00e9l\u00e9phone, make-up, vous pouvez y ranger vos essentiels tout en gardant les mains libres. \u00a0Sa anse s&#8217;ajuste facilement pour pouvoir le porter en bandouli\u00e8re ou \u00e0 la taille selon vos envies. Emballage :\u00a0Ce produit [&hellip;]<\/p>\n","protected":false},"featured_media":700052,"comment_status":"open","ping_status":"closed","template":"","meta":[],"product_brand":[],"product_cat":[1756,1764],"product_tag":[2244],"acf":[],"_links":{"self":[{"href":"https:\/\/streetmarkets.fr\/app\/wp-json\/wp\/v2\/product\/700050"}],"collection":[{"href":"https:\/\/streetmarkets.fr\/app\/wp-json\/wp\/v2\/product"}],"about":[{"href":"https:\/\/streetmarkets.fr\/app\/wp-json\/wp\/v2\/types\/product"}],"replies":[{"embeddable":true,"href":"https:\/\/streetmarkets.fr\/app\/wp-json\/wp\/v2\/comments?post=700050"}],"wp:featuredmedia":[{"embeddable":true,"href":"https:\/\/streetmarkets.fr\/app\/wp-json\/wp\/v2\/media\/700052"}],"wp:attachment":[{"href":"https:\/\/streetmarkets.fr\/app\/wp-json\/wp\/v2\/media?parent=700050"}],"wp:term":[{"taxonomy":"product_brand","embeddable":true,"href":"https:\/\/streetmarkets.fr\/app\/wp-json\/wp\/v2\/product_brand?post=700050"},{"taxonomy":"product_cat","embeddable":true,"href":"https:\/\/streetmarkets.fr\/app\/wp-json\/wp\/v2\/product_cat?post=700050"},{"taxonomy":"product_tag","embeddable":true,"href":"https:\/\/streetmarkets.fr\/app\/wp-json\/wp\/v2\/product_tag?post=700050"}],"curies":[{"name":"wp","href":"https:\/\/api.w.org\/{rel}","templated":true}]}}