{"id":699961,"date":"2024-10-15T10:24:26","date_gmt":"2024-10-15T08:24:26","guid":{"rendered":"https:\/\/streetmarkets.fr\/app\/produit\/trousse-de-toilette-hermel-au-choix\/"},"modified":"2024-10-15T10:25:11","modified_gmt":"2024-10-15T08:25:11","slug":"trousse-de-toilette-hermel-au-choix","status":"publish","type":"product","link":"https:\/\/streetmarkets.fr\/app\/produit\/trousse-de-toilette-hermel-au-choix\/","title":{"rendered":"Trousse de toilette Hermel (au choix)"},"content":{"rendered":"<p>Trousse de toilette Hermel (au choix) Rive Droite durable et \u00e9thique \u2713 Livraison rapide &amp; paiement en x3 ou x4.<\/p>\n<p class=\"p1\" style=\"margin:0px;font-size:12px;line-height:normal;font-family:'Helvetica Neue';text-align:justify\">\n<p>Hermel c\u2019est LA trousse de toilette dans laquelle vous adorerez ranger vos produits de beaut\u00e9 pr\u00e9f\u00e9r\u00e9s.<\/p>\n<p>Hermel c\u2019est LA trousse de toilette dans laquelle vous adorerez ranger vos produits de beaut\u00e9 pr\u00e9f\u00e9r\u00e9s.<\/p>\n<p>Le d\u00e9tail que vous allez adorer : ses doublures ray\u00e9es issues de fins de stocks de tissus qui vous donneront envie de vous allonger sous un parasol.<\/p>\n<ul class=\"ul1\" style=\"font-family:'Helvetica Neue';font-size:medium\">\n<li class=\"li1\" style=\"margin:0px;font-size:12px;line-height:normal\"><span class=\"s1\" style=\"font-size:10px;line-height:normal;font-family:Menlo\"><\/span>Composition\u00a0:\u00a0Coton recycl\u00e9 &#8211; 84% Coton &amp; 16% Polyester<\/li>\n<li class=\"li1\" style=\"margin:0px;font-size:12px;line-height:normal\"><span class=\"s1\" style=\"font-size:10px;line-height:normal;font-family:Menlo\"><\/span>Emballage :\u00a0Ce produit est emball\u00e9 avec soin dans un pochon en coton r\u00e9utilisable avec un lien coulissant<\/li>\n<li class=\"li1\" style=\"margin:0px;font-size:12px;line-height:normal\"><span class=\"s1\" style=\"font-size:10px;line-height:normal;font-family:Menlo\"><\/span>Doublure\u00a0: 100% polycoton upcycl\u00e9<\/li>\n<li class=\"li1\" style=\"margin:0px;font-size:12px;line-height:normal\"><span class=\"s1\" style=\"font-size:10px;line-height:normal;font-family:Menlo\"><\/span>Dimensions\u00a0:\u00a0L26xH18xP11 cm<\/li>\n<li class=\"li1\" style=\"margin:0px;font-size:12px;line-height:normal\"><span class=\"s1\" style=\"font-size:10px;line-height:normal;font-family:Menlo\"><\/span>Conseils d&#8217;entretien\u00a0: Lavage seul en machine \u00e0 froid, programme fragile. Repasser sur l&#8217;envers.<\/li>\n<\/ul>\n<p>Marque : Rive Droite<\/p>\n","protected":false},"excerpt":{"rendered":"<p>Trousse de toilette Hermel (au choix) Rive Droite durable et \u00e9thique \u2713 Livraison rapide &amp; paiement en x3 ou x4. Hermel c\u2019est LA trousse de toilette dans laquelle vous adorerez ranger vos produits de beaut\u00e9 pr\u00e9f\u00e9r\u00e9s. Hermel c\u2019est LA trousse de toilette dans laquelle vous adorerez ranger vos produits de beaut\u00e9 pr\u00e9f\u00e9r\u00e9s. Le d\u00e9tail que [&hellip;]<\/p>\n","protected":false},"featured_media":699962,"comment_status":"open","ping_status":"closed","template":"","meta":[],"product_brand":[],"product_cat":[1756,1764],"product_tag":[2244],"acf":[],"_links":{"self":[{"href":"https:\/\/streetmarkets.fr\/app\/wp-json\/wp\/v2\/product\/699961"}],"collection":[{"href":"https:\/\/streetmarkets.fr\/app\/wp-json\/wp\/v2\/product"}],"about":[{"href":"https:\/\/streetmarkets.fr\/app\/wp-json\/wp\/v2\/types\/product"}],"replies":[{"embeddable":true,"href":"https:\/\/streetmarkets.fr\/app\/wp-json\/wp\/v2\/comments?post=699961"}],"wp:featuredmedia":[{"embeddable":true,"href":"https:\/\/streetmarkets.fr\/app\/wp-json\/wp\/v2\/media\/699962"}],"wp:attachment":[{"href":"https:\/\/streetmarkets.fr\/app\/wp-json\/wp\/v2\/media?parent=699961"}],"wp:term":[{"taxonomy":"product_brand","embeddable":true,"href":"https:\/\/streetmarkets.fr\/app\/wp-json\/wp\/v2\/product_brand?post=699961"},{"taxonomy":"product_cat","embeddable":true,"href":"https:\/\/streetmarkets.fr\/app\/wp-json\/wp\/v2\/product_cat?post=699961"},{"taxonomy":"product_tag","embeddable":true,"href":"https:\/\/streetmarkets.fr\/app\/wp-json\/wp\/v2\/product_tag?post=699961"}],"curies":[{"name":"wp","href":"https:\/\/api.w.org\/{rel}","templated":true}]}}