{"id":699923,"date":"2024-10-15T10:24:24","date_gmt":"2024-10-15T08:24:24","guid":{"rendered":"https:\/\/streetmarkets.fr\/app\/produit\/sac-24-heures-celestins-au-choix\/"},"modified":"2024-10-15T10:25:10","modified_gmt":"2024-10-15T08:25:10","slug":"sac-24-heures-celestins-au-choix","status":"publish","type":"product","link":"https:\/\/streetmarkets.fr\/app\/produit\/sac-24-heures-celestins-au-choix\/","title":{"rendered":"Sac 24 heures C\u00e9lestins (au choix)"},"content":{"rendered":"<p>Sac 24 heures C\u00e9lestins (au choix) Rive Droite durable et \u00e9thique \u2713 Livraison rapide &amp; paiement en x3 ou x4.<\/p>\n<p class=\"p1\" style=\"margin:0px;font-size:12px;line-height:normal;font-family:'Helvetica Neue';text-align:justify\">\n<p class=\"p1\" style=\"margin:0px;font-size:12px;line-height:normal;font-family:'Helvetica Neue'\">C\u00e9lestins est l&#8217;indispensable sac 24h pour avoir\u00a0pouvoir\u00a0embarquer vos indispensables partout avec vous : dans le train comme\u00a0en week-end improvis\u00e9.<\/p>\n<p class=\"p1\" style=\"margin:0px;font-size:12px;line-height:normal;font-family:'Helvetica Neue'\">C\u00e9lestins est l&#8217;indispensable sac 24h pour avoir\u00a0pouvoir\u00a0embarquer tous vos indispensables partout avec vous : dans le train, dans les transports en commun, au bureau, en week-end improvis\u00e9.<\/p>\n<p class=\"p1\" style=\"margin:0px;font-size:12px;line-height:normal;font-family:'Helvetica Neue'\">\n<p class=\"p1\" style=\"margin:0px;font-size:12px;line-height:normal;font-family:'Helvetica Neue'\">C\u00e9lestins a la taille id\u00e9ale au quotidien pour une tenue de sport, vos affaires de boulot (ordinateur, cahier etc), et toutes vos affaires personnelles, et en week-end pour vos indispensables.<\/p>\n<p class=\"p1\" style=\"margin:0px;font-size:12px;line-height:normal;font-family:'Helvetica Neue'\">\n<p class=\"p1\" style=\"margin:0px;font-size:12px;line-height:normal;font-family:'Helvetica Neue'\">Le d\u00e9tail qui devrait vous plaire : des doublures int\u00e9rieures ray\u00e9es issues de fins de stocks de tissus qui vous donneront envie de vous allonger sous un parasol.<\/p>\n<p class=\"p2\" style=\"margin:0px;font-size:12px;line-height:normal;font-family:'Helvetica Neue';min-height:14px\">\n<ul class=\"ul1\" style=\"font-size:medium\">\n<li class=\"li1\" style=\"margin:0px;font-size:12px;line-height:normal;font-family:'Helvetica Neue'\"><span class=\"s1\" style=\"font-size:10px;line-height:normal;font-family:Menlo\"><\/span>Composition\u00a0:\u00a0\u00a0Coton recycl\u00e9 &#8211; 84% Coton &amp; 16% Polyester<\/li>\n<li class=\"li1\" style=\"margin:0px;font-size:12px;line-height:normal;font-family:'Helvetica Neue'\"><span class=\"s1\" style=\"font-size:10px;line-height:normal;font-family:Menlo\"><\/span>\u00a0Emballage :\u00a0Ce produit est emball\u00e9 avec soin dans un pochon en coton r\u00e9utilisable avec un lien coulissant<\/li>\n<li class=\"li1\" style=\"margin:0px;font-size:12px;line-height:normal;font-family:'Helvetica Neue'\"><span class=\"s1\" style=\"font-size:10px;line-height:normal;font-family:Menlo\"><\/span>Doublure\u00a0: 100% polycoton upcycl\u00e9<\/li>\n<li class=\"li1\" style=\"margin:0px;font-size:12px;line-height:normal;font-family:'Helvetica Neue'\"><span class=\"s1\" style=\"font-size:10px;line-height:normal;font-family:Menlo\"><\/span>Dimensions\u00a0:\u00a0L42xH33xP20 cm<\/li>\n<li class=\"li1\" style=\"margin:0px;font-size:12px;line-height:normal;font-family:'Helvetica Neue'\"><span class=\"s1\" style=\"font-size:10px;line-height:normal;font-family:Menlo\"><\/span>Conseils d&#8217;entretien\u00a0: Lavage seul en machine \u00e0 froid, programme fragile. Repasser sur l&#8217;envers.<\/li>\n<\/ul>\n<p><span style=\"font-family:'Helvetica Neue';font-size:12px\">Marque : Rive Droite<\/span><\/p>\n","protected":false},"excerpt":{"rendered":"<p>Sac 24 heures C\u00e9lestins (au choix) Rive Droite durable et \u00e9thique \u2713 Livraison rapide &amp; paiement en x3 ou x4. C\u00e9lestins est l&#8217;indispensable sac 24h pour avoir\u00a0pouvoir\u00a0embarquer vos indispensables partout avec vous : dans le train comme\u00a0en week-end improvis\u00e9. C\u00e9lestins est l&#8217;indispensable sac 24h pour avoir\u00a0pouvoir\u00a0embarquer tous vos indispensables partout avec vous : dans le [&hellip;]<\/p>\n","protected":false},"featured_media":699924,"comment_status":"open","ping_status":"closed","template":"","meta":[],"product_brand":[],"product_cat":[1756,1764],"product_tag":[2244],"acf":[],"_links":{"self":[{"href":"https:\/\/streetmarkets.fr\/app\/wp-json\/wp\/v2\/product\/699923"}],"collection":[{"href":"https:\/\/streetmarkets.fr\/app\/wp-json\/wp\/v2\/product"}],"about":[{"href":"https:\/\/streetmarkets.fr\/app\/wp-json\/wp\/v2\/types\/product"}],"replies":[{"embeddable":true,"href":"https:\/\/streetmarkets.fr\/app\/wp-json\/wp\/v2\/comments?post=699923"}],"wp:featuredmedia":[{"embeddable":true,"href":"https:\/\/streetmarkets.fr\/app\/wp-json\/wp\/v2\/media\/699924"}],"wp:attachment":[{"href":"https:\/\/streetmarkets.fr\/app\/wp-json\/wp\/v2\/media?parent=699923"}],"wp:term":[{"taxonomy":"product_brand","embeddable":true,"href":"https:\/\/streetmarkets.fr\/app\/wp-json\/wp\/v2\/product_brand?post=699923"},{"taxonomy":"product_cat","embeddable":true,"href":"https:\/\/streetmarkets.fr\/app\/wp-json\/wp\/v2\/product_cat?post=699923"},{"taxonomy":"product_tag","embeddable":true,"href":"https:\/\/streetmarkets.fr\/app\/wp-json\/wp\/v2\/product_tag?post=699923"}],"curies":[{"name":"wp","href":"https:\/\/api.w.org\/{rel}","templated":true}]}}