{"id":699919,"date":"2024-10-15T10:24:24","date_gmt":"2024-10-15T08:24:24","guid":{"rendered":"https:\/\/streetmarkets.fr\/app\/produit\/pince-a-cheveux-teckel\/"},"modified":"2024-10-15T10:25:10","modified_gmt":"2024-10-15T08:25:10","slug":"pince-a-cheveux-teckel","status":"publish","type":"product","link":"https:\/\/streetmarkets.fr\/app\/produit\/pince-a-cheveux-teckel\/","title":{"rendered":"Pince \u00e0 cheveux Teckel"},"content":{"rendered":"<p>D\u00e9couvrez la pince \u00e0 cheveux en forme de teckel de la marque Coucou Suzette chez Mamamushi.<br \/>\nClick and collect disponible, livraison &amp; paiement s\u00e9curis\u00e9.<\/p>\n<div id=\"product-description-tab-content\" class=\"product-description-tab-content tab-pane active\">\n<div class=\"rte\">\n<p class=\"p1\" style=\"margin:0px;font-size:12px;line-height:normal;font-family:'Helvetica Neue'\">Chez Coucou Suzette on adore les chiens, alors\u00a0on a imagin\u00e9 l&#8217;accessoire \u00e0 cheveux id\u00e9al : original,\u00a0rigolo et\u00a0qui se glisse facilement dans\u00a0le sac \u00e0 main.<\/p>\n<p class=\"p1\" style=\"margin:0px;font-size:12px;line-height:normal;font-family:'Helvetica Neue'\">\n<p class=\"p1\" style=\"margin:0px;font-size:12px;line-height:normal;font-family:'Helvetica Neue'\">\n<p class=\"p1\" style=\"margin:0px;font-size:12px;line-height:normal;font-family:'Helvetica Neue'\">Ces\u00a0pinces sont faites \u00e0 partir d&#8217;ac\u00e9tate de cellulose recycl\u00e9e &amp; biod\u00e9gradable (eco-friendly).<\/p>\n<p class=\"p1\" style=\"margin:0px;font-size:12px;line-height:normal;font-family:'Helvetica Neue'\">\n<p class=\"p1\" style=\"margin:0px;font-size:12px;line-height:normal;font-family:'Helvetica Neue'\">\n<p class=\"p1\" style=\"margin:0px;font-size:12px;line-height:normal;font-family:'Helvetica Neue'\">Marque : Coucou Suzette<\/p>\n<\/div>\n<\/div>\n","protected":false},"excerpt":{"rendered":"<p>D\u00e9couvrez la pince \u00e0 cheveux en forme de teckel de la marque Coucou Suzette chez Mamamushi. Click and collect disponible, livraison &amp; paiement s\u00e9curis\u00e9. Chez Coucou Suzette on adore les chiens, alors\u00a0on a imagin\u00e9 l&#8217;accessoire \u00e0 cheveux id\u00e9al : original,\u00a0rigolo et\u00a0qui se glisse facilement dans\u00a0le sac \u00e0 main. Ces\u00a0pinces sont faites \u00e0 partir d&#8217;ac\u00e9tate de [&hellip;]<\/p>\n","protected":false},"featured_media":699920,"comment_status":"open","ping_status":"closed","template":"","meta":[],"product_brand":[],"product_cat":[1756,1764],"product_tag":[2244],"acf":[],"_links":{"self":[{"href":"https:\/\/streetmarkets.fr\/app\/wp-json\/wp\/v2\/product\/699919"}],"collection":[{"href":"https:\/\/streetmarkets.fr\/app\/wp-json\/wp\/v2\/product"}],"about":[{"href":"https:\/\/streetmarkets.fr\/app\/wp-json\/wp\/v2\/types\/product"}],"replies":[{"embeddable":true,"href":"https:\/\/streetmarkets.fr\/app\/wp-json\/wp\/v2\/comments?post=699919"}],"wp:featuredmedia":[{"embeddable":true,"href":"https:\/\/streetmarkets.fr\/app\/wp-json\/wp\/v2\/media\/699920"}],"wp:attachment":[{"href":"https:\/\/streetmarkets.fr\/app\/wp-json\/wp\/v2\/media?parent=699919"}],"wp:term":[{"taxonomy":"product_brand","embeddable":true,"href":"https:\/\/streetmarkets.fr\/app\/wp-json\/wp\/v2\/product_brand?post=699919"},{"taxonomy":"product_cat","embeddable":true,"href":"https:\/\/streetmarkets.fr\/app\/wp-json\/wp\/v2\/product_cat?post=699919"},{"taxonomy":"product_tag","embeddable":true,"href":"https:\/\/streetmarkets.fr\/app\/wp-json\/wp\/v2\/product_tag?post=699919"}],"curies":[{"name":"wp","href":"https:\/\/api.w.org\/{rel}","templated":true}]}}