{"id":699915,"date":"2024-10-15T10:24:23","date_gmt":"2024-10-15T08:24:23","guid":{"rendered":"https:\/\/streetmarkets.fr\/app\/produit\/chaussettes-corgi\/"},"modified":"2024-10-15T10:25:10","modified_gmt":"2024-10-15T08:25:10","slug":"chaussettes-corgi","status":"publish","type":"product","link":"https:\/\/streetmarkets.fr\/app\/produit\/chaussettes-corgi\/","title":{"rendered":"Chaussettes Corgi"},"content":{"rendered":"<p>D\u00e9couvrez les superbes chaussettes \u00e0 motifs de chiens de la marque fran\u00e7aise Coucou Suzette chez Mamamushi.<br \/>\nClick and collect disponible, livraison &amp; paiement s\u00e9curis\u00e9.<\/p>\n<p class=\"p1\" style=\"margin:0px;font-size:12px;line-height:normal;font-family:'Helvetica Neue'\"><span style=\"text-align:justify\">Vous ne savez pas quel toutou choisir parmi notre large s\u00e9lection ? Voil\u00e0 un petit m\u00e9lange qui mettra tout le monde d\u2019accord !<\/span><\/p>\n<p class=\"p1\" style=\"margin:0px;text-align:justify;font-size:12px;line-height:normal;font-family:'Helvetica Neue'\">Vous ne savez pas quel toutou choisir parmi notre large s\u00e9lection ? Voil\u00e0 un petit m\u00e9lange qui mettra tout le monde d\u2019accord ! Shiba, teckel, bouledogue\u2026 Tous nos chiens pr\u00e9f\u00e9r\u00e9s sur des paires de chaussettes.<\/p>\n<p class=\"p2\" style=\"margin:0px;text-align:justify;font-size:12px;line-height:normal;font-family:'Helvetica Neue';min-height:14px\">\n<p class=\"p1\" style=\"margin:0px;text-align:justify;font-size:12px;line-height:normal;font-family:'Helvetica Neue'\">Elles ont \u00e9t\u00e9 cr\u00e9\u00e9es en collaboration avec Petty Well, la\u00a0marque fran\u00e7aise de nourriture \u00e9quilibr\u00e9e pour compagnons \u00e0 quatre pattes. Des chaussettes mixtes en coton certifi\u00e9 Oeko-Tex confortable, fabriqu\u00e9es en France et taille unique (du 35 au 44).<\/p>\n<p class=\"p1\" style=\"margin:0px;font-size:12px;line-height:normal;font-family:'Helvetica Neue'\">\n<p>Marque: Coucou Suzette<\/p>\n","protected":false},"excerpt":{"rendered":"<p>D\u00e9couvrez les superbes chaussettes \u00e0 motifs de chiens de la marque fran\u00e7aise Coucou Suzette chez Mamamushi. Click and collect disponible, livraison &amp; paiement s\u00e9curis\u00e9. Vous ne savez pas quel toutou choisir parmi notre large s\u00e9lection ? Voil\u00e0 un petit m\u00e9lange qui mettra tout le monde d\u2019accord ! Vous ne savez pas quel toutou choisir parmi [&hellip;]<\/p>\n","protected":false},"featured_media":699916,"comment_status":"open","ping_status":"closed","template":"","meta":[],"product_brand":[],"product_cat":[1756,1764],"product_tag":[2244],"acf":[],"_links":{"self":[{"href":"https:\/\/streetmarkets.fr\/app\/wp-json\/wp\/v2\/product\/699915"}],"collection":[{"href":"https:\/\/streetmarkets.fr\/app\/wp-json\/wp\/v2\/product"}],"about":[{"href":"https:\/\/streetmarkets.fr\/app\/wp-json\/wp\/v2\/types\/product"}],"replies":[{"embeddable":true,"href":"https:\/\/streetmarkets.fr\/app\/wp-json\/wp\/v2\/comments?post=699915"}],"wp:featuredmedia":[{"embeddable":true,"href":"https:\/\/streetmarkets.fr\/app\/wp-json\/wp\/v2\/media\/699916"}],"wp:attachment":[{"href":"https:\/\/streetmarkets.fr\/app\/wp-json\/wp\/v2\/media?parent=699915"}],"wp:term":[{"taxonomy":"product_brand","embeddable":true,"href":"https:\/\/streetmarkets.fr\/app\/wp-json\/wp\/v2\/product_brand?post=699915"},{"taxonomy":"product_cat","embeddable":true,"href":"https:\/\/streetmarkets.fr\/app\/wp-json\/wp\/v2\/product_cat?post=699915"},{"taxonomy":"product_tag","embeddable":true,"href":"https:\/\/streetmarkets.fr\/app\/wp-json\/wp\/v2\/product_tag?post=699915"}],"curies":[{"name":"wp","href":"https:\/\/api.w.org\/{rel}","templated":true}]}}