{"id":699878,"date":"2024-10-15T10:24:21","date_gmt":"2024-10-15T08:24:21","guid":{"rendered":"https:\/\/streetmarkets.fr\/app\/produit\/gant-demaquillant-a-leau-au-choix\/"},"modified":"2024-10-15T10:25:10","modified_gmt":"2024-10-15T08:25:10","slug":"gant-demaquillant-a-leau-au-choix","status":"publish","type":"product","link":"https:\/\/streetmarkets.fr\/app\/produit\/gant-demaquillant-a-leau-au-choix\/","title":{"rendered":"Gant d\u00e9maquillant \u00e0 l&#8217;eau (au choix)"},"content":{"rendered":"<p>Gant d\u00e9maquillant \u00e0 l&#8217;eau (au choix) Malou &amp; Marius durable et \u00e9thique \u2713 Livraison rapide &amp; paiement en x3 ou x4.<\/p>\n<p class=\"p1\" style=\"margin:0px;font-size:12px;line-height:normal;font-family:'Helvetica Neue'\">Ce gant est magique, juste avec de l&#8217;eau, sans utilisation d&#8217;autres produits, il d\u00e9maquille parfaitement le visage et les yeux.<br \/>Ce gant est une v\u00e9ritable alternative \u00e9cologique pour un d\u00e9maquillage int\u00e9gral, tout en douceur.<\/p>\n<p class=\"p2\" style=\"margin:0px;font-size:12px;line-height:normal;font-family:'Helvetica Neue';min-height:14px\">\n<p class=\"p1\" style=\"margin:0px;font-size:12px;line-height:normal;font-family:'Helvetica Neue'\">Il permet de prendre soin de la plan\u00e8te en r\u00e9duisant les d\u00e9chets, de plus le tissu qui le compose est certifi\u00e9 OEKO-TEX, classe I (la plus exigeante).<br \/>Il est tr\u00e8s doux et utilisable par tous types de peau, il suffit de l&#8217;humidifier \u00e0 l&#8217;eau ti\u00e8de et de proc\u00e9der au nettoyage du visage, il se lave ensuite \u00e0 l&#8217;eau et au savon, tr\u00e8s simplement.<\/p>\n<p class=\"p2\" style=\"margin:0px;font-size:12px;line-height:normal;font-family:'Helvetica Neue';min-height:14px\">\n<p class=\"p1\" style=\"margin:0px;font-size:12px;line-height:normal;font-family:'Helvetica Neue'\">Sa boite en kraft est recyclable et contient un gant magique !<\/p>\n<p class=\"p2\" style=\"margin:0px;font-size:12px;line-height:normal;font-family:'Helvetica Neue';min-height:14px\">\n<p class=\"p1\" style=\"margin:0px;font-size:12px;line-height:normal;font-family:'Helvetica Neue'\">Fabriqu\u00e9\u00a0en France.<\/p>\n<p class=\"p1\">\n<p class=\"p1\"><span class=\"s1\">Marque : Malou &amp; Marius<\/span><\/p>\n","protected":false},"excerpt":{"rendered":"<p>Gant d\u00e9maquillant \u00e0 l&#8217;eau (au choix) Malou &amp; Marius durable et \u00e9thique \u2713 Livraison rapide &amp; paiement en x3 ou x4. Ce gant est magique, juste avec de l&#8217;eau, sans utilisation d&#8217;autres produits, il d\u00e9maquille parfaitement le visage et les yeux.Ce gant est une v\u00e9ritable alternative \u00e9cologique pour un d\u00e9maquillage int\u00e9gral, tout en douceur. Il [&hellip;]<\/p>\n","protected":false},"featured_media":699879,"comment_status":"open","ping_status":"closed","template":"","meta":[],"product_brand":[],"product_cat":[1756,1764],"product_tag":[2244],"acf":[],"_links":{"self":[{"href":"https:\/\/streetmarkets.fr\/app\/wp-json\/wp\/v2\/product\/699878"}],"collection":[{"href":"https:\/\/streetmarkets.fr\/app\/wp-json\/wp\/v2\/product"}],"about":[{"href":"https:\/\/streetmarkets.fr\/app\/wp-json\/wp\/v2\/types\/product"}],"replies":[{"embeddable":true,"href":"https:\/\/streetmarkets.fr\/app\/wp-json\/wp\/v2\/comments?post=699878"}],"wp:featuredmedia":[{"embeddable":true,"href":"https:\/\/streetmarkets.fr\/app\/wp-json\/wp\/v2\/media\/699879"}],"wp:attachment":[{"href":"https:\/\/streetmarkets.fr\/app\/wp-json\/wp\/v2\/media?parent=699878"}],"wp:term":[{"taxonomy":"product_brand","embeddable":true,"href":"https:\/\/streetmarkets.fr\/app\/wp-json\/wp\/v2\/product_brand?post=699878"},{"taxonomy":"product_cat","embeddable":true,"href":"https:\/\/streetmarkets.fr\/app\/wp-json\/wp\/v2\/product_cat?post=699878"},{"taxonomy":"product_tag","embeddable":true,"href":"https:\/\/streetmarkets.fr\/app\/wp-json\/wp\/v2\/product_tag?post=699878"}],"curies":[{"name":"wp","href":"https:\/\/api.w.org\/{rel}","templated":true}]}}