{"id":699869,"date":"2024-10-15T10:24:20","date_gmt":"2024-10-15T08:24:20","guid":{"rendered":"https:\/\/streetmarkets.fr\/app\/produit\/pince-a-cheveux-chat-roux\/"},"modified":"2024-10-15T10:25:10","modified_gmt":"2024-10-15T08:25:10","slug":"pince-a-cheveux-chat-roux","status":"publish","type":"product","link":"https:\/\/streetmarkets.fr\/app\/produit\/pince-a-cheveux-chat-roux\/","title":{"rendered":"Pince \u00e0 cheveux Chat Roux"},"content":{"rendered":"<p>D\u00e9couvrez la superbe pince \u00e0 cheveux en forme de chat de la marque fran\u00e7aise Coucou Suzette chez Mamamushi.<br \/>\nClick and collect disponible, livraison &amp; paiement s\u00e9curis\u00e9.<\/p>\n<div class=\"rte\">Un matou pour vos cheveux ? Oui oui, ce gros chat blanc va adorer se pr\u00e9lasser dans votre crini\u00e8re !<\/div>\n<div id=\"product-description-tab-content\" class=\"product-description-tab-content tab-pane active\">\n<div class=\"rte\">\n<p class=\"MsoNormal\">Tu feras gaffe, tu as un gros chat roux qui se pr\u00e9lasse au sommet de ton cr\u00e2ne.<\/p>\n<\/p>\n<p class=\"MsoNormal\">\n<p>\u00a0<\/p>\n<p>Pas de panique Edgar le flemmard n\u2019est pas pr\u00e8s de bouger, chignon au top assur\u00e9 !<\/p>\n<p class=\"MsoNormal\">\n<\/p>\n<\/div>\n<div class=\"rte\">\n<p class=\"p1\" style=\"margin:0px;font-size:12px;line-height:normal;font-family:'Helvetica Neue'\">Marque : Coucou Suzette<\/p>\n<\/div>\n<\/div>\n","protected":false},"excerpt":{"rendered":"<p>D\u00e9couvrez la superbe pince \u00e0 cheveux en forme de chat de la marque fran\u00e7aise Coucou Suzette chez Mamamushi. Click and collect disponible, livraison &amp; paiement s\u00e9curis\u00e9. Un matou pour vos cheveux ? Oui oui, ce gros chat blanc va adorer se pr\u00e9lasser dans votre crini\u00e8re ! Tu feras gaffe, tu as un gros chat roux [&hellip;]<\/p>\n","protected":false},"featured_media":699870,"comment_status":"open","ping_status":"closed","template":"","meta":[],"product_brand":[],"product_cat":[1756,1764],"product_tag":[2244],"acf":[],"_links":{"self":[{"href":"https:\/\/streetmarkets.fr\/app\/wp-json\/wp\/v2\/product\/699869"}],"collection":[{"href":"https:\/\/streetmarkets.fr\/app\/wp-json\/wp\/v2\/product"}],"about":[{"href":"https:\/\/streetmarkets.fr\/app\/wp-json\/wp\/v2\/types\/product"}],"replies":[{"embeddable":true,"href":"https:\/\/streetmarkets.fr\/app\/wp-json\/wp\/v2\/comments?post=699869"}],"wp:featuredmedia":[{"embeddable":true,"href":"https:\/\/streetmarkets.fr\/app\/wp-json\/wp\/v2\/media\/699870"}],"wp:attachment":[{"href":"https:\/\/streetmarkets.fr\/app\/wp-json\/wp\/v2\/media?parent=699869"}],"wp:term":[{"taxonomy":"product_brand","embeddable":true,"href":"https:\/\/streetmarkets.fr\/app\/wp-json\/wp\/v2\/product_brand?post=699869"},{"taxonomy":"product_cat","embeddable":true,"href":"https:\/\/streetmarkets.fr\/app\/wp-json\/wp\/v2\/product_cat?post=699869"},{"taxonomy":"product_tag","embeddable":true,"href":"https:\/\/streetmarkets.fr\/app\/wp-json\/wp\/v2\/product_tag?post=699869"}],"curies":[{"name":"wp","href":"https:\/\/api.w.org\/{rel}","templated":true}]}}