{"id":699864,"date":"2024-10-15T10:24:20","date_gmt":"2024-10-15T08:24:20","guid":{"rendered":"https:\/\/streetmarkets.fr\/app\/produit\/sac-banane-custine-rising-sun-au-choix\/"},"modified":"2024-10-15T10:25:10","modified_gmt":"2024-10-15T08:25:10","slug":"sac-banane-custine-rising-sun-au-choix","status":"publish","type":"product","link":"https:\/\/streetmarkets.fr\/app\/produit\/sac-banane-custine-rising-sun-au-choix\/","title":{"rendered":"Sac banane Custine Rising Sun (au choix)"},"content":{"rendered":"<p>Sac banane Custine Rising Sun (au choix) Rive Droite durable et \u00e9thique \u2713 Livraison rapide &amp; paiement en x3 ou x4.<\/p>\n<p><span class=\"s1\" style=\"font-size:10px;line-height:normal;font-family:Menlo\"><\/span><span style=\"font-family:SimplonNorm, sans-serif;font-size:15px;background-color:#ffffff\">Rising Sun c&#8217;est le nom de la nouvelle collection Spring Summer de Rive Droite, enti\u00e8rement inspir\u00e9e par les vibes des ann\u00e9es 70. Cette collection est avant tout un hymne \u00e0 la couleur avec 4 nouveaux coloris tr\u00e8s joyeux qui portent chacun le nom d&#8217;une chanson mythique de l&#8217;\u00e9poque &#8220;Green Rivers of Babylon&#8221;, &#8220;Yellow here comes the Sun&#8221; , &#8220;Beige dust in the wind&#8221; et &#8220;Red born to be alive&#8221;. Vous allez adorer ses doublures imprim\u00e9es aux motifs Flower Power qui refl\u00e8tent l\u2019effervescence boh\u00e8me de cette d\u00e9cennie.<\/span><\/p>\n<p><strong><span style=\"font-family:SimplonNorm, sans-serif;font-size:15px;background-color:#ffffff\"><\/span><\/strong><span style=\"font-family:SimplonNorm, sans-serif;font-size:15px;background-color:#ffffff\">Custine c&#8217;est le sac banane qui donnera un joli twist \u00e0 tous vos looks du printemps et de l&#8217;\u00e9t\u00e9.\u00a0<\/span><span style=\"font-family:SimplonNorm, sans-serif;font-size:15px\">Avec sa forme arrondie, son grand compartiment principal, Custine va vite remplacer votre sac \u00e0 main. Cl\u00e9s, portefeuille, t\u00e9l\u00e9phone, make-up, vous pouvez y ranger vos essentiels tout en gardant les mains libres.\u00a0<\/span><strong><span style=\"font-family:SimplonNorm, sans-serif;font-size:15px;background-color:#ffffff\"><\/span><\/strong><\/p>\n<p><span style=\"font-family:SimplonNorm, sans-serif;font-size:15px\">Sa anse s&#8217;ajuste facilement pour pouvoir le porter en bandouli\u00e8re ou \u00e0 la taille selon vos envies.\u00a0<\/span><\/p>\n<ul class=\"ul1\" style=\"font-size:medium\">\n<li class=\"li1\" style=\"margin:0px;font-size:12px;line-height:normal;font-family:'Helvetica Neue'\">Composition\u00a0:\u00a0Coton recycl\u00e9 &#8211; 84% Coton &amp; 16% Polyester<\/li>\n<li class=\"li1\" style=\"margin:0px;font-size:12px;line-height:normal;font-family:'Helvetica Neue'\"><span class=\"s1\" style=\"font-size:10px;line-height:normal;font-family:Menlo\"><\/span>Emballage :\u00a0Ce produit est emball\u00e9 avec soin dans un pochon en coton r\u00e9utilisable avec un lien coulissant<\/li>\n<li class=\"li1\" style=\"margin:0px;font-size:12px;line-height:normal;font-family:'Helvetica Neue'\"><span class=\"s1\" style=\"font-size:10px;line-height:normal;font-family:Menlo\"><\/span>Doublure\u00a0: 100% polycoton upcycl\u00e9<\/li>\n<li class=\"li1\" style=\"margin:0px;font-size:12px;line-height:normal;font-family:'Helvetica Neue'\"><span class=\"s1\" style=\"font-size:10px;line-height:normal;font-family:Menlo\"><\/span>Dimensions\u00a0:\u00a0L25 x H17cm. Tour de taille maximum 112cm. Tour de taille minimum 62cm.<\/li>\n<li class=\"li1\" style=\"margin:0px;font-size:12px;line-height:normal;font-family:'Helvetica Neue'\"><span class=\"s1\" style=\"font-size:10px;line-height:normal;font-family:Menlo\"><\/span>Conseils d&#8217;entretien\u00a0: Lavage seul en machine \u00e0 froid, programme fragile. Repasser sur l&#8217;envers.<\/li>\n<\/ul>\n<p>Marque : Rive Droite<\/p>\n","protected":false},"excerpt":{"rendered":"<p>Sac banane Custine Rising Sun (au choix) Rive Droite durable et \u00e9thique \u2713 Livraison rapide &amp; paiement en x3 ou x4. Rising Sun c&#8217;est le nom de la nouvelle collection Spring Summer de Rive Droite, enti\u00e8rement inspir\u00e9e par les vibes des ann\u00e9es 70. Cette collection est avant tout un hymne \u00e0 la couleur avec 4 [&hellip;]<\/p>\n","protected":false},"featured_media":699865,"comment_status":"open","ping_status":"closed","template":"","meta":[],"product_brand":[],"product_cat":[1756,1764],"product_tag":[2244],"acf":[],"_links":{"self":[{"href":"https:\/\/streetmarkets.fr\/app\/wp-json\/wp\/v2\/product\/699864"}],"collection":[{"href":"https:\/\/streetmarkets.fr\/app\/wp-json\/wp\/v2\/product"}],"about":[{"href":"https:\/\/streetmarkets.fr\/app\/wp-json\/wp\/v2\/types\/product"}],"replies":[{"embeddable":true,"href":"https:\/\/streetmarkets.fr\/app\/wp-json\/wp\/v2\/comments?post=699864"}],"wp:featuredmedia":[{"embeddable":true,"href":"https:\/\/streetmarkets.fr\/app\/wp-json\/wp\/v2\/media\/699865"}],"wp:attachment":[{"href":"https:\/\/streetmarkets.fr\/app\/wp-json\/wp\/v2\/media?parent=699864"}],"wp:term":[{"taxonomy":"product_brand","embeddable":true,"href":"https:\/\/streetmarkets.fr\/app\/wp-json\/wp\/v2\/product_brand?post=699864"},{"taxonomy":"product_cat","embeddable":true,"href":"https:\/\/streetmarkets.fr\/app\/wp-json\/wp\/v2\/product_cat?post=699864"},{"taxonomy":"product_tag","embeddable":true,"href":"https:\/\/streetmarkets.fr\/app\/wp-json\/wp\/v2\/product_tag?post=699864"}],"curies":[{"name":"wp","href":"https:\/\/api.w.org\/{rel}","templated":true}]}}