{"id":699833,"date":"2024-10-15T10:24:19","date_gmt":"2024-10-15T08:24:19","guid":{"rendered":"https:\/\/streetmarkets.fr\/app\/produit\/sac-city-bag-sauval-au-choix\/"},"modified":"2024-10-15T10:25:09","modified_gmt":"2024-10-15T08:25:09","slug":"sac-city-bag-sauval-au-choix","status":"publish","type":"product","link":"https:\/\/streetmarkets.fr\/app\/produit\/sac-city-bag-sauval-au-choix\/","title":{"rendered":"Sac city bag Sauval (au choix)"},"content":{"rendered":"<p>Sac city bag Sauval (au choix) Rive Droite durable et \u00e9thique \u2713 Livraison rapide &amp; paiement en x3 ou x4.<\/p>\n<p class=\"p1\" style=\"margin:0px;font-size:12px;line-height:normal;font-family:'Helvetica Neue';text-align:justify\">\n<p class=\"p1\" style=\"margin:0px;font-size:12px;line-height:normal;font-family:'Helvetica Neue'\">Sauval est le city bag qui vous accompagne partout. Il se porte aussi bien en bandouli\u00e8re avec sa anse r\u00e9glable qu&#8217;\u00e0 la main avec ses petites anses.<\/p>\n<ul class=\"ul1\" style=\"font-size:medium\">\n<li class=\"li1\" style=\"margin:0px;font-size:12px;line-height:normal;font-family:'Helvetica Neue'\"><span class=\"s1\" style=\"font-size:10px;line-height:normal;font-family:Menlo\"><\/span>Composition\u00a0:\u00a0Denim upcycl\u00e9 &#8211; 95% coton 5% \u00e9lasthanne<\/li>\n<li class=\"li1\" style=\"margin:0px;font-size:12px;line-height:normal;font-family:'Helvetica Neue'\"><span class=\"s1\" style=\"font-size:10px;line-height:normal;font-family:Menlo\"><\/span>Emballage :\u00a0Ce produit est emball\u00e9 avec soin dans un pochon en coton r\u00e9utilisable avec un lien coulissant<\/li>\n<li class=\"li1\" style=\"margin:0px;font-size:12px;line-height:normal;font-family:'Helvetica Neue'\"><span class=\"s1\" style=\"font-size:10px;line-height:normal;font-family:Menlo\"><\/span>Doublure\u00a0: 100% polycoton upcycl\u00e9<\/li>\n<li class=\"li1\" style=\"margin:0px;font-size:12px;line-height:normal;font-family:'Helvetica Neue'\"><span class=\"s1\" style=\"font-size:10px;line-height:normal;font-family:Menlo\"><\/span>Dimensions\u00a0:\u00a0L33xH24xP18 cm<\/li>\n<li class=\"li1\" style=\"margin:0px;font-size:12px;line-height:normal;font-family:'Helvetica Neue'\"><span class=\"s1\" style=\"font-size:10px;line-height:normal;font-family:Menlo\"><\/span>Conseils d&#8217;entretien\u00a0: Lavage seul en machine \u00e0 froid, programme fragile. Repasser sur l&#8217;envers.<\/li>\n<\/ul>\n<p>Marque : Rive Droite<\/p>\n","protected":false},"excerpt":{"rendered":"<p>Sac city bag Sauval (au choix) Rive Droite durable et \u00e9thique \u2713 Livraison rapide &amp; paiement en x3 ou x4. Sauval est le city bag qui vous accompagne partout. Il se porte aussi bien en bandouli\u00e8re avec sa anse r\u00e9glable qu&#8217;\u00e0 la main avec ses petites anses. Composition\u00a0:\u00a0Denim upcycl\u00e9 &#8211; 95% coton 5% \u00e9lasthanne Emballage [&hellip;]<\/p>\n","protected":false},"featured_media":699834,"comment_status":"open","ping_status":"closed","template":"","meta":[],"product_brand":[],"product_cat":[1756,1764],"product_tag":[2244],"acf":[],"_links":{"self":[{"href":"https:\/\/streetmarkets.fr\/app\/wp-json\/wp\/v2\/product\/699833"}],"collection":[{"href":"https:\/\/streetmarkets.fr\/app\/wp-json\/wp\/v2\/product"}],"about":[{"href":"https:\/\/streetmarkets.fr\/app\/wp-json\/wp\/v2\/types\/product"}],"replies":[{"embeddable":true,"href":"https:\/\/streetmarkets.fr\/app\/wp-json\/wp\/v2\/comments?post=699833"}],"wp:featuredmedia":[{"embeddable":true,"href":"https:\/\/streetmarkets.fr\/app\/wp-json\/wp\/v2\/media\/699834"}],"wp:attachment":[{"href":"https:\/\/streetmarkets.fr\/app\/wp-json\/wp\/v2\/media?parent=699833"}],"wp:term":[{"taxonomy":"product_brand","embeddable":true,"href":"https:\/\/streetmarkets.fr\/app\/wp-json\/wp\/v2\/product_brand?post=699833"},{"taxonomy":"product_cat","embeddable":true,"href":"https:\/\/streetmarkets.fr\/app\/wp-json\/wp\/v2\/product_cat?post=699833"},{"taxonomy":"product_tag","embeddable":true,"href":"https:\/\/streetmarkets.fr\/app\/wp-json\/wp\/v2\/product_tag?post=699833"}],"curies":[{"name":"wp","href":"https:\/\/api.w.org\/{rel}","templated":true}]}}