{"id":699821,"date":"2024-10-15T10:24:18","date_gmt":"2024-10-15T08:24:18","guid":{"rendered":"https:\/\/streetmarkets.fr\/app\/produit\/sac-a-langer-darcy-au-choix\/"},"modified":"2024-10-15T10:25:09","modified_gmt":"2024-10-15T08:25:09","slug":"sac-a-langer-darcy-au-choix","status":"publish","type":"product","link":"https:\/\/streetmarkets.fr\/app\/produit\/sac-a-langer-darcy-au-choix\/","title":{"rendered":"Sac \u00e0 langer Darcy (au choix)"},"content":{"rendered":"<p>Sac \u00e0 langer Darcy (au choix) Rive Droite durable et \u00e9thique \u2713 Livraison rapide &amp; paiement en x3 ou x4.<\/p>\n<p class=\"p1\" style=\"margin:0px;font-size:12px;line-height:normal;font-family:'Helvetica Neue';text-align:justify\">\n<p class=\"p1\" style=\"margin:0px;font-size:12px;line-height:normal;font-family:'Helvetica Neue';text-align:justify\">Darcy l&#8217;anti sac \u00e0 langer c&#8217;est le sac \u00e0 langer qui ne ressemble pas \u00e0 un sac \u00e0 langer.<\/p>\n<p>Vous aimerez son style intemporel et son c\u00f4t\u00e9 ultra pratique avec sa grande pochette amovible, ses poches int\u00e9rieures (poche ext\u00e9rieure plaqu\u00e9e sur le devant du sac pour glisser son t\u00e9l\u00e9phone, poche int\u00e9rieure plaqu\u00e9e pour les couches, et une poche resserr\u00e9e par une \u00e9lastique pour le biberon), son passant pour le glisser sur une valise, ses attaches qui s&#8217;ajustent sur de nombreux mod\u00e8les de poussettes. Avec sa grande anse r\u00e9glable, vous pouvez le porter \u00e0 l&#8217;\u00e9paule ou en bandouli\u00e8re, selon les envies.<\/p>\n<\/p>\n<p>Il vous accompagnera partout, avec ou sans b\u00e9b\u00e9.<\/p>\n<\/p>\n<ul>\n<li>Composition\u00a0:\u00a0Denim upcycl\u00e9 &#8211; 95% coton 5% \u00e9lasthanne<\/li>\n<li>Emballage :\u00a0Ce produit est emball\u00e9 avec soin dans un pochon en coton r\u00e9utilisable avec un lien coulissant<\/li>\n<li>Doublure\u00a0: 100% polycoton upcycl\u00e9<\/li>\n<li>Dimensions\u00a0:\u00a0L42xH31xP15 cm<\/li>\n<li>Conseils d&#8217;entretien\u00a0: Lavage seul en machine \u00e0 froid, programme fragile. Repasser sur l&#8217;envers.<\/li>\n<\/ul>\n<p>Marque : Rive Droite<\/p>\n","protected":false},"excerpt":{"rendered":"<p>Sac \u00e0 langer Darcy (au choix) Rive Droite durable et \u00e9thique \u2713 Livraison rapide &amp; paiement en x3 ou x4. Darcy l&#8217;anti sac \u00e0 langer c&#8217;est le sac \u00e0 langer qui ne ressemble pas \u00e0 un sac \u00e0 langer. Vous aimerez son style intemporel et son c\u00f4t\u00e9 ultra pratique avec sa grande pochette amovible, ses [&hellip;]<\/p>\n","protected":false},"featured_media":699822,"comment_status":"open","ping_status":"closed","template":"","meta":[],"product_brand":[],"product_cat":[1756,1764],"product_tag":[2244],"acf":[],"_links":{"self":[{"href":"https:\/\/streetmarkets.fr\/app\/wp-json\/wp\/v2\/product\/699821"}],"collection":[{"href":"https:\/\/streetmarkets.fr\/app\/wp-json\/wp\/v2\/product"}],"about":[{"href":"https:\/\/streetmarkets.fr\/app\/wp-json\/wp\/v2\/types\/product"}],"replies":[{"embeddable":true,"href":"https:\/\/streetmarkets.fr\/app\/wp-json\/wp\/v2\/comments?post=699821"}],"wp:featuredmedia":[{"embeddable":true,"href":"https:\/\/streetmarkets.fr\/app\/wp-json\/wp\/v2\/media\/699822"}],"wp:attachment":[{"href":"https:\/\/streetmarkets.fr\/app\/wp-json\/wp\/v2\/media?parent=699821"}],"wp:term":[{"taxonomy":"product_brand","embeddable":true,"href":"https:\/\/streetmarkets.fr\/app\/wp-json\/wp\/v2\/product_brand?post=699821"},{"taxonomy":"product_cat","embeddable":true,"href":"https:\/\/streetmarkets.fr\/app\/wp-json\/wp\/v2\/product_cat?post=699821"},{"taxonomy":"product_tag","embeddable":true,"href":"https:\/\/streetmarkets.fr\/app\/wp-json\/wp\/v2\/product_tag?post=699821"}],"curies":[{"name":"wp","href":"https:\/\/api.w.org\/{rel}","templated":true}]}}