{"id":699808,"date":"2024-10-15T10:24:18","date_gmt":"2024-10-15T08:24:18","guid":{"rendered":"https:\/\/streetmarkets.fr\/app\/produit\/sac-banane-olivia-uni-plusieurs-coloris\/"},"modified":"2024-10-15T10:25:09","modified_gmt":"2024-10-15T08:25:09","slug":"sac-banane-olivia-uni-plusieurs-coloris","status":"publish","type":"product","link":"https:\/\/streetmarkets.fr\/app\/produit\/sac-banane-olivia-uni-plusieurs-coloris\/","title":{"rendered":"Sac banane Olivia uni (plusieurs coloris)"},"content":{"rendered":"<p>Sac banane Olivia uni (plusieurs coloris) Hindbag durable et \u00e9thique \u2713 Livraison rapide &amp; paiement en x3 ou x4.<\/p>\n<p class=\"p1\" style=\"margin:0px;font-size:12px;line-height:normal;font-family:'Helvetica Neue'\">Sac banane.<\/p>\n<p class=\"p1\" style=\"margin:0px;font-size:12px;line-height:normal;font-family:'Helvetica Neue'\">\n<p class=\"p1\" style=\"margin:0px;font-size:12px;line-height:normal;font-family:'Helvetica Neue'\">\u2022 Dimensions : L 32 x H 15 x P 9 cm<\/p>\n<p class=\"p1\" style=\"margin:0px;font-size:12px;line-height:normal;font-family:'Helvetica Neue'\">\u2022 Mati\u00e8re : Coton bio \u00e9pais 500g\/m2\u00a0labellis\u00e9\u00a0GOTS<\/p>\n<p class=\"p1\" style=\"margin:0px;font-size:12px;line-height:normal;font-family:'Helvetica Neue'\">\u2022 Fermeture \u00e9claire solide YKK<\/p>\n<p class=\"p1\" style=\"margin:0px;font-size:12px;line-height:normal;font-family:'Helvetica Neue'\">\u2022 Bandouli\u00e8re ajustable en coton super r\u00e9sistant<\/p>\n<p class=\"p1\" style=\"margin:0px;font-size:12px;line-height:normal;font-family:'Helvetica Neue'\">\u2022 Coloris \/Motif exclusif Hindbag<\/p>\n<p class=\"p1\" style=\"margin:0px;font-size:12px;line-height:normal;font-family:'Helvetica Neue'\">\u2022 Dessin\u00e9 en France et fabriqu\u00e9 par une ONG indienne, SSMI, qui oeuvre \u00e0 l&#8217;\u00e9mancipation des femmes et l&#8217;\u00e9ducation des enfants en Inde.<\/p>\n<p class=\"p2\" style=\"margin:0px;font-size:12px;line-height:normal;font-family:'Helvetica Neue';min-height:14px\">\n<p><span style=\"font-family:'Helvetica Neue';font-size:12px\">Marque : Hindbag<\/span>Marque : Hindbag<\/p>\n","protected":false},"excerpt":{"rendered":"<p>Sac banane Olivia uni (plusieurs coloris) Hindbag durable et \u00e9thique \u2713 Livraison rapide &amp; paiement en x3 ou x4. Sac banane. \u2022 Dimensions : L 32 x H 15 x P 9 cm \u2022 Mati\u00e8re : Coton bio \u00e9pais 500g\/m2\u00a0labellis\u00e9\u00a0GOTS \u2022 Fermeture \u00e9claire solide YKK \u2022 Bandouli\u00e8re ajustable en coton super r\u00e9sistant \u2022 Coloris \/Motif [&hellip;]<\/p>\n","protected":false},"featured_media":699809,"comment_status":"open","ping_status":"closed","template":"","meta":[],"product_brand":[],"product_cat":[1756,1764],"product_tag":[2244],"acf":[],"_links":{"self":[{"href":"https:\/\/streetmarkets.fr\/app\/wp-json\/wp\/v2\/product\/699808"}],"collection":[{"href":"https:\/\/streetmarkets.fr\/app\/wp-json\/wp\/v2\/product"}],"about":[{"href":"https:\/\/streetmarkets.fr\/app\/wp-json\/wp\/v2\/types\/product"}],"replies":[{"embeddable":true,"href":"https:\/\/streetmarkets.fr\/app\/wp-json\/wp\/v2\/comments?post=699808"}],"wp:featuredmedia":[{"embeddable":true,"href":"https:\/\/streetmarkets.fr\/app\/wp-json\/wp\/v2\/media\/699809"}],"wp:attachment":[{"href":"https:\/\/streetmarkets.fr\/app\/wp-json\/wp\/v2\/media?parent=699808"}],"wp:term":[{"taxonomy":"product_brand","embeddable":true,"href":"https:\/\/streetmarkets.fr\/app\/wp-json\/wp\/v2\/product_brand?post=699808"},{"taxonomy":"product_cat","embeddable":true,"href":"https:\/\/streetmarkets.fr\/app\/wp-json\/wp\/v2\/product_cat?post=699808"},{"taxonomy":"product_tag","embeddable":true,"href":"https:\/\/streetmarkets.fr\/app\/wp-json\/wp\/v2\/product_tag?post=699808"}],"curies":[{"name":"wp","href":"https:\/\/api.w.org\/{rel}","templated":true}]}}