{"id":699805,"date":"2024-10-15T10:24:17","date_gmt":"2024-10-15T08:24:17","guid":{"rendered":"https:\/\/streetmarkets.fr\/app\/produit\/trousse-mini-moly-cognac\/"},"modified":"2024-10-15T10:25:09","modified_gmt":"2024-10-15T08:25:09","slug":"trousse-mini-moly-cognac","status":"publish","type":"product","link":"https:\/\/streetmarkets.fr\/app\/produit\/trousse-mini-moly-cognac\/","title":{"rendered":"Trousse Mini Moly cognac"},"content":{"rendered":"<p>Trousse Mini Moly cognac Maradji durable et \u00e9thique \u2713 Livraison rapide &amp; paiement en x3 ou x4.<\/p>\n<p>Une pochette format mini, \u00e0 glisser d\u00e8s maintenant dans votre sac \u00e0 main !<\/p>\n<p>Porte monnaie en cuir de vachette emboss\u00e9 croco. Fermeture zipp\u00e9e avec rabat aimant\u00e9 en cuir fantaisie<\/p>\n<p>4 rivets d\u00e9coratifs. Int\u00e9rieur doubl\u00e9 en coton.<\/p>\n<p>Rangement int\u00e9rieur pours 6 cartes.<\/p>\n<p class=\"p3\">Dimensions :16 x 12 cm<\/p>\n<p class=\"p3\">Marque : Maradji<\/p>\n","protected":false},"excerpt":{"rendered":"<p>Trousse Mini Moly cognac Maradji durable et \u00e9thique \u2713 Livraison rapide &amp; paiement en x3 ou x4. Une pochette format mini, \u00e0 glisser d\u00e8s maintenant dans votre sac \u00e0 main ! Porte monnaie en cuir de vachette emboss\u00e9 croco. Fermeture zipp\u00e9e avec rabat aimant\u00e9 en cuir fantaisie 4 rivets d\u00e9coratifs. Int\u00e9rieur doubl\u00e9 en coton. Rangement [&hellip;]<\/p>\n","protected":false},"featured_media":699806,"comment_status":"open","ping_status":"closed","template":"","meta":[],"product_brand":[],"product_cat":[1756,1764],"product_tag":[2244],"acf":[],"_links":{"self":[{"href":"https:\/\/streetmarkets.fr\/app\/wp-json\/wp\/v2\/product\/699805"}],"collection":[{"href":"https:\/\/streetmarkets.fr\/app\/wp-json\/wp\/v2\/product"}],"about":[{"href":"https:\/\/streetmarkets.fr\/app\/wp-json\/wp\/v2\/types\/product"}],"replies":[{"embeddable":true,"href":"https:\/\/streetmarkets.fr\/app\/wp-json\/wp\/v2\/comments?post=699805"}],"wp:featuredmedia":[{"embeddable":true,"href":"https:\/\/streetmarkets.fr\/app\/wp-json\/wp\/v2\/media\/699806"}],"wp:attachment":[{"href":"https:\/\/streetmarkets.fr\/app\/wp-json\/wp\/v2\/media?parent=699805"}],"wp:term":[{"taxonomy":"product_brand","embeddable":true,"href":"https:\/\/streetmarkets.fr\/app\/wp-json\/wp\/v2\/product_brand?post=699805"},{"taxonomy":"product_cat","embeddable":true,"href":"https:\/\/streetmarkets.fr\/app\/wp-json\/wp\/v2\/product_cat?post=699805"},{"taxonomy":"product_tag","embeddable":true,"href":"https:\/\/streetmarkets.fr\/app\/wp-json\/wp\/v2\/product_tag?post=699805"}],"curies":[{"name":"wp","href":"https:\/\/api.w.org\/{rel}","templated":true}]}}