{"id":699778,"date":"2024-10-15T10:24:16","date_gmt":"2024-10-15T08:24:16","guid":{"rendered":"https:\/\/streetmarkets.fr\/app\/produit\/trousse-definitions\/"},"modified":"2024-10-15T10:25:09","modified_gmt":"2024-10-15T08:25:09","slug":"trousse-definitions","status":"publish","type":"product","link":"https:\/\/streetmarkets.fr\/app\/produit\/trousse-definitions\/","title":{"rendered":"Trousse d\u00e9finitions"},"content":{"rendered":"<p>Trousse d\u00e9finitions Hindbag durable et \u00e9thique \u2713 Livraison rapide &amp; paiement en x3 ou x4.<\/p>\n<p><span>Des trousses aux d\u00e9finitions pleines d&#8217;amours et d&#8217;humour. Un cadeaux touchant et plein de bonnes intentions.<br \/><\/span><\/p>\n<p><span>Trousse en coton bio \u00e9pais 340g\/m2<\/span><span>, labellis\u00e9 GOTS<\/span>, avec doublure 150g\/m2<\/p>\n<p>Dimensions : H18xL25cm<\/p>\n<\/p>\n<p>Dessin\u00e9 en France et fabriqu\u00e9 par une ONG indienne, SSMI, qui oeuvre \u00e0 l&#8217;\u00e9mancipation des femmes et l&#8217;\u00e9ducation des enfants en Inde.<\/p>\n<p class=\"p3\">Marque : Hindbag<\/p>\n","protected":false},"excerpt":{"rendered":"<p>Trousse d\u00e9finitions Hindbag durable et \u00e9thique \u2713 Livraison rapide &amp; paiement en x3 ou x4. Des trousses aux d\u00e9finitions pleines d&#8217;amours et d&#8217;humour. Un cadeaux touchant et plein de bonnes intentions. Trousse en coton bio \u00e9pais 340g\/m2, labellis\u00e9 GOTS, avec doublure 150g\/m2 Dimensions : H18xL25cm Dessin\u00e9 en France et fabriqu\u00e9 par une ONG indienne, SSMI, [&hellip;]<\/p>\n","protected":false},"featured_media":699779,"comment_status":"open","ping_status":"closed","template":"","meta":[],"product_brand":[],"product_cat":[1756,1764],"product_tag":[2244],"acf":[],"_links":{"self":[{"href":"https:\/\/streetmarkets.fr\/app\/wp-json\/wp\/v2\/product\/699778"}],"collection":[{"href":"https:\/\/streetmarkets.fr\/app\/wp-json\/wp\/v2\/product"}],"about":[{"href":"https:\/\/streetmarkets.fr\/app\/wp-json\/wp\/v2\/types\/product"}],"replies":[{"embeddable":true,"href":"https:\/\/streetmarkets.fr\/app\/wp-json\/wp\/v2\/comments?post=699778"}],"wp:featuredmedia":[{"embeddable":true,"href":"https:\/\/streetmarkets.fr\/app\/wp-json\/wp\/v2\/media\/699779"}],"wp:attachment":[{"href":"https:\/\/streetmarkets.fr\/app\/wp-json\/wp\/v2\/media?parent=699778"}],"wp:term":[{"taxonomy":"product_brand","embeddable":true,"href":"https:\/\/streetmarkets.fr\/app\/wp-json\/wp\/v2\/product_brand?post=699778"},{"taxonomy":"product_cat","embeddable":true,"href":"https:\/\/streetmarkets.fr\/app\/wp-json\/wp\/v2\/product_cat?post=699778"},{"taxonomy":"product_tag","embeddable":true,"href":"https:\/\/streetmarkets.fr\/app\/wp-json\/wp\/v2\/product_tag?post=699778"}],"curies":[{"name":"wp","href":"https:\/\/api.w.org\/{rel}","templated":true}]}}