{"id":699745,"date":"2024-10-15T10:24:14","date_gmt":"2024-10-15T08:24:14","guid":{"rendered":"https:\/\/streetmarkets.fr\/app\/produit\/housse-dordinateur-ava-13-unie-plusieurs-coloris\/"},"modified":"2024-10-15T10:25:09","modified_gmt":"2024-10-15T08:25:09","slug":"housse-dordinateur-ava-13-unie-plusieurs-coloris","status":"publish","type":"product","link":"https:\/\/streetmarkets.fr\/app\/produit\/housse-dordinateur-ava-13-unie-plusieurs-coloris\/","title":{"rendered":"Housse d&#8217;ordinateur Ava 13&#8243; unie (plusieurs coloris)"},"content":{"rendered":"<p>Housse d&#8217;ordinateur Ava 13&#8243; unie (plusieurs coloris) Hindbag durable et \u00e9thique \u2713 Livraison rapide &amp; paiement en x3 ou x4.<\/p>\n<p><span class=\"s1\">Housse pour ordinateur portable 13 pouces.<\/span><\/p>\n<\/p>\n<p class=\"p2\">\u2022 Dimensions : 13&#8243;\u00a0 L 33 x H 23 x 2 cm<\/p>\n<p class=\"p2\"><span class=\"s1\">\u2022 Mati\u00e8re : Coton bio \u00e9pais 500g\/m2\u00a0labellis\u00e9\u00a0GOTS, doublure int\u00e9rieure en coton fin<\/span><\/p>\n<p class=\"p3\"><span class=\"s1\">\u2022 Fermeture \u00e9clair solide YKK<\/span><\/p>\n<p class=\"p3\"><span class=\"s1\">\u2022 Mousse anti choc\u00a0<\/span>bien \u00e9paisse pour une protection optimale<\/p>\n<p class=\"p3\"><span class=\"s1\">\u2022 C<\/span>oloris \/Motif exclusif Hindbag<\/p>\n<p class=\"p1\">\u2022 Dessin\u00e9 en France et fabriqu\u00e9 par une ONG indienne, SSMI, qui oeuvre \u00e0 l&#8217;\u00e9mancipation des femmes et l&#8217;\u00e9ducation des enfants en Inde.<\/p>\n<p class=\"p1\">\n<p class=\"p3\">Marque : Hindbag<\/p>\n","protected":false},"excerpt":{"rendered":"<p>Housse d&#8217;ordinateur Ava 13&#8243; unie (plusieurs coloris) Hindbag durable et \u00e9thique \u2713 Livraison rapide &amp; paiement en x3 ou x4. Housse pour ordinateur portable 13 pouces. \u2022 Dimensions : 13&#8243;\u00a0 L 33 x H 23 x 2 cm \u2022 Mati\u00e8re : Coton bio \u00e9pais 500g\/m2\u00a0labellis\u00e9\u00a0GOTS, doublure int\u00e9rieure en coton fin \u2022 Fermeture \u00e9clair solide YKK [&hellip;]<\/p>\n","protected":false},"featured_media":699746,"comment_status":"open","ping_status":"closed","template":"","meta":[],"product_brand":[],"product_cat":[1756,1764],"product_tag":[2244],"acf":[],"_links":{"self":[{"href":"https:\/\/streetmarkets.fr\/app\/wp-json\/wp\/v2\/product\/699745"}],"collection":[{"href":"https:\/\/streetmarkets.fr\/app\/wp-json\/wp\/v2\/product"}],"about":[{"href":"https:\/\/streetmarkets.fr\/app\/wp-json\/wp\/v2\/types\/product"}],"replies":[{"embeddable":true,"href":"https:\/\/streetmarkets.fr\/app\/wp-json\/wp\/v2\/comments?post=699745"}],"wp:featuredmedia":[{"embeddable":true,"href":"https:\/\/streetmarkets.fr\/app\/wp-json\/wp\/v2\/media\/699746"}],"wp:attachment":[{"href":"https:\/\/streetmarkets.fr\/app\/wp-json\/wp\/v2\/media?parent=699745"}],"wp:term":[{"taxonomy":"product_brand","embeddable":true,"href":"https:\/\/streetmarkets.fr\/app\/wp-json\/wp\/v2\/product_brand?post=699745"},{"taxonomy":"product_cat","embeddable":true,"href":"https:\/\/streetmarkets.fr\/app\/wp-json\/wp\/v2\/product_cat?post=699745"},{"taxonomy":"product_tag","embeddable":true,"href":"https:\/\/streetmarkets.fr\/app\/wp-json\/wp\/v2\/product_tag?post=699745"}],"curies":[{"name":"wp","href":"https:\/\/api.w.org\/{rel}","templated":true}]}}