{"id":699741,"date":"2024-10-15T10:24:14","date_gmt":"2024-10-15T08:24:14","guid":{"rendered":"https:\/\/streetmarkets.fr\/app\/produit\/sac-cuir-falkor\/"},"modified":"2024-10-15T10:25:09","modified_gmt":"2024-10-15T08:25:09","slug":"sac-cuir-falkor","status":"publish","type":"product","link":"https:\/\/streetmarkets.fr\/app\/produit\/sac-cuir-falkor\/","title":{"rendered":"Sac cuir Falkor"},"content":{"rendered":"<p>Sac cuir Falkor Mamamushi Studio durable et \u00e9thique \u2713 Livraison rapide &amp; paiement en x3 ou x4.<\/p>\n<p>Tote bag en cuir de vachette, pleine fleur, gros grain.<br \/>Ces pi\u00e8ces sont limit\u00e9es et soigneusement r\u00e9alis\u00e9es dans un petit atelier famillial de Tunis.<br \/>Apr\u00e8s leur passage dans une tannerie italienne, les peaux sont retravaill\u00e9es avec le plus grand soin par des artisans Tunisiens.<br \/>Chacune des peaux, afin de garder tout le charme de la mati\u00e8re, peut accueillir un \u00e0 trois models.<\/p>\n<p>Ce tote bag revisit\u00e9 saura vous charmer gr\u00e2ce \u00e0 ses multiples possibilit\u00e9s et changera de style selon le grain, la souplesse ou la rigidit\u00e9 de son cuir.<\/p>\n<p>Nos cuirs proviennent de la Maison parisienne Chadefaux qui <span class=\"aCOpRe\"><span>garantit des peaux de tr\u00e8s haute qualit\u00e9 obtenues \u00e0 partir des meilleurs bruts tann\u00e9s.<\/span><\/span><\/p>\n<p><span class=\"aCOpRe\"><span>Marque : Mamamushi-Studio<\/span><\/span><\/p>\n","protected":false},"excerpt":{"rendered":"<p>Sac cuir Falkor Mamamushi Studio durable et \u00e9thique \u2713 Livraison rapide &amp; paiement en x3 ou x4. Tote bag en cuir de vachette, pleine fleur, gros grain.Ces pi\u00e8ces sont limit\u00e9es et soigneusement r\u00e9alis\u00e9es dans un petit atelier famillial de Tunis.Apr\u00e8s leur passage dans une tannerie italienne, les peaux sont retravaill\u00e9es avec le plus grand soin [&hellip;]<\/p>\n","protected":false},"featured_media":699742,"comment_status":"open","ping_status":"closed","template":"","meta":[],"product_brand":[],"product_cat":[1756,1764],"product_tag":[2244],"acf":[],"_links":{"self":[{"href":"https:\/\/streetmarkets.fr\/app\/wp-json\/wp\/v2\/product\/699741"}],"collection":[{"href":"https:\/\/streetmarkets.fr\/app\/wp-json\/wp\/v2\/product"}],"about":[{"href":"https:\/\/streetmarkets.fr\/app\/wp-json\/wp\/v2\/types\/product"}],"replies":[{"embeddable":true,"href":"https:\/\/streetmarkets.fr\/app\/wp-json\/wp\/v2\/comments?post=699741"}],"wp:featuredmedia":[{"embeddable":true,"href":"https:\/\/streetmarkets.fr\/app\/wp-json\/wp\/v2\/media\/699742"}],"wp:attachment":[{"href":"https:\/\/streetmarkets.fr\/app\/wp-json\/wp\/v2\/media?parent=699741"}],"wp:term":[{"taxonomy":"product_brand","embeddable":true,"href":"https:\/\/streetmarkets.fr\/app\/wp-json\/wp\/v2\/product_brand?post=699741"},{"taxonomy":"product_cat","embeddable":true,"href":"https:\/\/streetmarkets.fr\/app\/wp-json\/wp\/v2\/product_cat?post=699741"},{"taxonomy":"product_tag","embeddable":true,"href":"https:\/\/streetmarkets.fr\/app\/wp-json\/wp\/v2\/product_tag?post=699741"}],"curies":[{"name":"wp","href":"https:\/\/api.w.org\/{rel}","templated":true}]}}