{"id":699683,"date":"2024-10-15T10:23:51","date_gmt":"2024-10-15T08:23:51","guid":{"rendered":"https:\/\/streetmarkets.fr\/app\/produit\/bracelet-sunrise-cherry-shirley-saona\/"},"modified":"2026-05-03T08:37:08","modified_gmt":"2026-05-03T06:37:08","slug":"bracelet-sunrise-cherry-shirley-saona","status":"publish","type":"product","link":"https:\/\/streetmarkets.fr\/app\/produit\/bracelet-sunrise-cherry-shirley-saona\/","title":{"rendered":"Bracelet Sunrise cherry Shirley &#8211; Saona"},"content":{"rendered":"<p data-mce-fragment=\"1\">Le bracelet SUNRISE\u00a0SHIRLEY\u00a0est compos\u00e9 de perles d\u2019Agate.<\/p>\n<p data-mce-fragment=\"1\">&#8211; Pierres gold sand et onyx noir.\u00a0<\/p>\n<p data-mce-fragment=\"1\">Intercalaires :\u00a0Plaqu\u00e9 or (3 microns) viennent parfois s&#8217;immiscer pour rythmer et souligner l&#8217;\u00e9clat de cette succession de pierres color\u00e9es.<\/p>\n<p data-mce-fragment=\"1\">Son ++ : Son fermoir &#8220;lock&#8221;, vous pouvez l&#8217;ajuster tr\u00e8s facilement !\u00a0<\/p>\n<p data-mce-fragment=\"1\">Longueur bracelet: 30cm \/ le cordon est en daim couleur terracotta. \u00a0<\/p>\n<p data-mce-fragment=\"1\">Fermoir : Ajustable &#8220;Lock&#8221; plaqu\u00e9 or<\/p>\n<p data-mce-fragment=\"1\"><strong>Cr\u00e9atrice fran\u00e7aise<\/strong>, Victoria ancienne attach\u00e9e de presse dans la mode et les bijoux a cr\u00e9\u00e9 une ligne de bijoux autour de l&#8217;agate avec une id\u00e9e judicieuse de fermoir ajustable. \u00a0<\/p>\n","protected":false},"excerpt":{"rendered":"<p>Le bracelet SUNRISE\u00a0SHIRLEY\u00a0est compos\u00e9 de perles d\u2019Agate. &#8211; Pierres gold sand et onyx noir.\u00a0 Intercalaires :\u00a0Plaqu\u00e9 or (3 microns) viennent parfois s&#8217;immiscer pour rythmer et souligner l&#8217;\u00e9clat de cette succession de pierres color\u00e9es. Son ++ : Son fermoir &#8220;lock&#8221;, vous pouvez l&#8217;ajuster tr\u00e8s facilement !\u00a0 Longueur bracelet: 30cm \/ le cordon est en daim couleur [&hellip;]<\/p>\n","protected":false},"featured_media":699684,"comment_status":"open","ping_status":"closed","template":"","meta":[],"product_brand":[],"product_cat":[1807,1756],"product_tag":[2244],"acf":[],"_links":{"self":[{"href":"https:\/\/streetmarkets.fr\/app\/wp-json\/wp\/v2\/product\/699683"}],"collection":[{"href":"https:\/\/streetmarkets.fr\/app\/wp-json\/wp\/v2\/product"}],"about":[{"href":"https:\/\/streetmarkets.fr\/app\/wp-json\/wp\/v2\/types\/product"}],"replies":[{"embeddable":true,"href":"https:\/\/streetmarkets.fr\/app\/wp-json\/wp\/v2\/comments?post=699683"}],"wp:featuredmedia":[{"embeddable":true,"href":"https:\/\/streetmarkets.fr\/app\/wp-json\/wp\/v2\/media\/699684"}],"wp:attachment":[{"href":"https:\/\/streetmarkets.fr\/app\/wp-json\/wp\/v2\/media?parent=699683"}],"wp:term":[{"taxonomy":"product_brand","embeddable":true,"href":"https:\/\/streetmarkets.fr\/app\/wp-json\/wp\/v2\/product_brand?post=699683"},{"taxonomy":"product_cat","embeddable":true,"href":"https:\/\/streetmarkets.fr\/app\/wp-json\/wp\/v2\/product_cat?post=699683"},{"taxonomy":"product_tag","embeddable":true,"href":"https:\/\/streetmarkets.fr\/app\/wp-json\/wp\/v2\/product_tag?post=699683"}],"curies":[{"name":"wp","href":"https:\/\/api.w.org\/{rel}","templated":true}]}}