{"id":699542,"date":"2024-10-15T10:23:01","date_gmt":"2024-10-15T08:23:01","guid":{"rendered":"https:\/\/streetmarkets.fr\/app\/produit\/col-ecru-koon\/"},"modified":"2026-04-12T08:37:12","modified_gmt":"2026-04-12T06:37:12","slug":"col-ecru-koon","status":"publish","type":"product","link":"https:\/\/streetmarkets.fr\/app\/produit\/col-ecru-koon\/","title":{"rendered":"Col \u00e9cru &#8211; KOON"},"content":{"rendered":"<div class=\"product__description color--primary-text bg--primary-background my2\" data-mce-fragment=\"1\">\n<p class=\"rte mx--auto font-size__basic max-width--3\" data-mce-fragment=\"1\">Col\u00a0en cachemire unisexe qui remplace de fa\u00e7on styl\u00e9e une \u00e9charpe.<\/p>\n<p class=\"rte mx--auto font-size__basic max-width--3\" data-mce-fragment=\"1\">Il se porte en dessous d&#8217;une chemise ou d&#8217;un pull colV, il remplacera \u00e0 merveille un col, roul\u00e9<\/p>\n<div class=\"rte mx--auto font-size__basic max-width--3\" data-product-description=\"\" data-mce-fragment=\"1\"><\/div>\n<div class=\"rte mx--auto font-size__basic max-width--3\" data-product-description=\"\" data-mce-fragment=\"1\"><\/div>\n<div class=\"rte mx--auto font-size__basic max-width--3\" data-product-description=\"\" data-mce-fragment=\"1\"><\/div>\n<\/div>\n","protected":false},"excerpt":{"rendered":"<p>Col\u00a0en cachemire unisexe qui remplace de fa\u00e7on styl\u00e9e une \u00e9charpe. Il se porte en dessous d&#8217;une chemise ou d&#8217;un pull colV, il remplacera \u00e0 merveille un col, roul\u00e9<\/p>\n","protected":false},"featured_media":699543,"comment_status":"open","ping_status":"closed","template":"","meta":[],"product_brand":[],"product_cat":[1756,1764],"product_tag":[2244],"acf":[],"_links":{"self":[{"href":"https:\/\/streetmarkets.fr\/app\/wp-json\/wp\/v2\/product\/699542"}],"collection":[{"href":"https:\/\/streetmarkets.fr\/app\/wp-json\/wp\/v2\/product"}],"about":[{"href":"https:\/\/streetmarkets.fr\/app\/wp-json\/wp\/v2\/types\/product"}],"replies":[{"embeddable":true,"href":"https:\/\/streetmarkets.fr\/app\/wp-json\/wp\/v2\/comments?post=699542"}],"wp:featuredmedia":[{"embeddable":true,"href":"https:\/\/streetmarkets.fr\/app\/wp-json\/wp\/v2\/media\/699543"}],"wp:attachment":[{"href":"https:\/\/streetmarkets.fr\/app\/wp-json\/wp\/v2\/media?parent=699542"}],"wp:term":[{"taxonomy":"product_brand","embeddable":true,"href":"https:\/\/streetmarkets.fr\/app\/wp-json\/wp\/v2\/product_brand?post=699542"},{"taxonomy":"product_cat","embeddable":true,"href":"https:\/\/streetmarkets.fr\/app\/wp-json\/wp\/v2\/product_cat?post=699542"},{"taxonomy":"product_tag","embeddable":true,"href":"https:\/\/streetmarkets.fr\/app\/wp-json\/wp\/v2\/product_tag?post=699542"}],"curies":[{"name":"wp","href":"https:\/\/api.w.org\/{rel}","templated":true}]}}