{"id":699535,"date":"2024-10-15T10:23:00","date_gmt":"2024-10-15T08:23:00","guid":{"rendered":"https:\/\/streetmarkets.fr\/app\/produit\/sac-n2-moyen-bleu-archipel-paris\/"},"modified":"2026-04-12T08:37:12","modified_gmt":"2026-04-12T06:37:12","slug":"sac-n2-moyen-bleu-archipel-paris","status":"publish","type":"product","link":"https:\/\/streetmarkets.fr\/app\/produit\/sac-n2-moyen-bleu-archipel-paris\/","title":{"rendered":"Sac n\u00b02 moyen bleu &#8211; Archipel Paris"},"content":{"rendered":"<p>Sac en cuir v\u00e9g\u00e9tal sans couture.<\/p>\n<p>Belles finitions avec boucles en laiton de qualit\u00e9.<\/p>\n<p>Anse r\u00e9glable \u00e0 l&#8217;int\u00e9rieur du sac<br \/>Poids : 450\u2009g<\/p>\n<p>Id\u00e9al pour vos soir\u00e9es, il conf\u00e8re \u00e9l\u00e9gance \u00e0 vos tenues.<\/p>\n<p><\/p>\n","protected":false},"excerpt":{"rendered":"<p>Sac en cuir v\u00e9g\u00e9tal sans couture. Belles finitions avec boucles en laiton de qualit\u00e9. Anse r\u00e9glable \u00e0 l&#8217;int\u00e9rieur du sacPoids : 450\u2009g Id\u00e9al pour vos soir\u00e9es, il conf\u00e8re \u00e9l\u00e9gance \u00e0 vos tenues.<\/p>\n","protected":false},"featured_media":699536,"comment_status":"open","ping_status":"closed","template":"","meta":[],"product_brand":[],"product_cat":[1756,1764],"product_tag":[2244],"acf":[],"_links":{"self":[{"href":"https:\/\/streetmarkets.fr\/app\/wp-json\/wp\/v2\/product\/699535"}],"collection":[{"href":"https:\/\/streetmarkets.fr\/app\/wp-json\/wp\/v2\/product"}],"about":[{"href":"https:\/\/streetmarkets.fr\/app\/wp-json\/wp\/v2\/types\/product"}],"replies":[{"embeddable":true,"href":"https:\/\/streetmarkets.fr\/app\/wp-json\/wp\/v2\/comments?post=699535"}],"wp:featuredmedia":[{"embeddable":true,"href":"https:\/\/streetmarkets.fr\/app\/wp-json\/wp\/v2\/media\/699536"}],"wp:attachment":[{"href":"https:\/\/streetmarkets.fr\/app\/wp-json\/wp\/v2\/media?parent=699535"}],"wp:term":[{"taxonomy":"product_brand","embeddable":true,"href":"https:\/\/streetmarkets.fr\/app\/wp-json\/wp\/v2\/product_brand?post=699535"},{"taxonomy":"product_cat","embeddable":true,"href":"https:\/\/streetmarkets.fr\/app\/wp-json\/wp\/v2\/product_cat?post=699535"},{"taxonomy":"product_tag","embeddable":true,"href":"https:\/\/streetmarkets.fr\/app\/wp-json\/wp\/v2\/product_tag?post=699535"}],"curies":[{"name":"wp","href":"https:\/\/api.w.org\/{rel}","templated":true}]}}