{"id":699509,"date":"2024-10-15T10:22:59","date_gmt":"2024-10-15T08:22:59","guid":{"rendered":"https:\/\/streetmarkets.fr\/app\/produit\/sac-ysa-naturel-suzanne-paris\/"},"modified":"2026-05-15T08:36:57","modified_gmt":"2026-05-15T06:36:57","slug":"sac-ysa-naturel-suzanne-paris","status":"publish","type":"product","link":"https:\/\/streetmarkets.fr\/app\/produit\/sac-ysa-naturel-suzanne-paris\/","title":{"rendered":"Sac Ysa Naturel &#8211; Suzanne Paris"},"content":{"rendered":"<p>Sac en raphia<\/p>\n<p>Coloris Naturel<\/p>\n<p>Se porte \u00e0 l&#8217;\u00e9paule ou en cross body gr\u00e2ce \u00e0 sa grande anse.<\/p>\n","protected":false},"excerpt":{"rendered":"<p>Sac en raphia Coloris Naturel Se porte \u00e0 l&#8217;\u00e9paule ou en cross body gr\u00e2ce \u00e0 sa grande anse.<\/p>\n","protected":false},"featured_media":699510,"comment_status":"open","ping_status":"closed","template":"","meta":[],"product_brand":[],"product_cat":[1756,1764],"product_tag":[2244],"acf":[],"_links":{"self":[{"href":"https:\/\/streetmarkets.fr\/app\/wp-json\/wp\/v2\/product\/699509"}],"collection":[{"href":"https:\/\/streetmarkets.fr\/app\/wp-json\/wp\/v2\/product"}],"about":[{"href":"https:\/\/streetmarkets.fr\/app\/wp-json\/wp\/v2\/types\/product"}],"replies":[{"embeddable":true,"href":"https:\/\/streetmarkets.fr\/app\/wp-json\/wp\/v2\/comments?post=699509"}],"wp:featuredmedia":[{"embeddable":true,"href":"https:\/\/streetmarkets.fr\/app\/wp-json\/wp\/v2\/media\/699510"}],"wp:attachment":[{"href":"https:\/\/streetmarkets.fr\/app\/wp-json\/wp\/v2\/media?parent=699509"}],"wp:term":[{"taxonomy":"product_brand","embeddable":true,"href":"https:\/\/streetmarkets.fr\/app\/wp-json\/wp\/v2\/product_brand?post=699509"},{"taxonomy":"product_cat","embeddable":true,"href":"https:\/\/streetmarkets.fr\/app\/wp-json\/wp\/v2\/product_cat?post=699509"},{"taxonomy":"product_tag","embeddable":true,"href":"https:\/\/streetmarkets.fr\/app\/wp-json\/wp\/v2\/product_tag?post=699509"}],"curies":[{"name":"wp","href":"https:\/\/api.w.org\/{rel}","templated":true}]}}