{"id":699494,"date":"2024-10-15T10:22:58","date_gmt":"2024-10-15T08:22:58","guid":{"rendered":"https:\/\/streetmarkets.fr\/app\/produit\/bracelet-gold-black-n828-marie-laure-chamorel\/"},"modified":"2026-05-05T08:36:50","modified_gmt":"2026-05-05T06:36:50","slug":"bracelet-gold-black-n828-marie-laure-chamorel","status":"publish","type":"product","link":"https:\/\/streetmarkets.fr\/app\/produit\/bracelet-gold-black-n828-marie-laure-chamorel\/","title":{"rendered":"Bracelet gold black n\u00b0828 &#8211; Marie Laure Chamorel"},"content":{"rendered":"<p><strong>Nouveaut\u00e9 !<\/strong><\/p>\n<p>Bracelet tiss\u00e9 en argent 925, compos\u00e9 de chaines fines dor\u00e9es et de fils de soie noir. Ce maillage original lui apporte de subtils reflets moir\u00e9s.<\/p>\n<p>Un bijou au style \u00e9pur\u00e9 et sophistiqu\u00e9 qui retranscrit les codes de l&#8217;artisanat de luxe.<\/p>\n<p>Retrouvez sur notre eshop une s\u00e9lection des plus belles cr\u00e9ations bijoux de la nouvelle collection de <a href=\"https:\/\/www.joee.fr\/concept-store-chamorel-paris\" target=\"_blank\" rel=\"noopener\">Marie Laure Charmorel.<\/a><\/p>\n<p>\u00a0<\/p>\n","protected":false},"excerpt":{"rendered":"<p>Nouveaut\u00e9 ! Bracelet tiss\u00e9 en argent 925, compos\u00e9 de chaines fines dor\u00e9es et de fils de soie noir. Ce maillage original lui apporte de subtils reflets moir\u00e9s. Un bijou au style \u00e9pur\u00e9 et sophistiqu\u00e9 qui retranscrit les codes de l&#8217;artisanat de luxe. Retrouvez sur notre eshop une s\u00e9lection des plus belles cr\u00e9ations bijoux de la [&hellip;]<\/p>\n","protected":false},"featured_media":699495,"comment_status":"open","ping_status":"closed","template":"","meta":[],"product_brand":[],"product_cat":[1807,1756],"product_tag":[2244],"acf":[],"_links":{"self":[{"href":"https:\/\/streetmarkets.fr\/app\/wp-json\/wp\/v2\/product\/699494"}],"collection":[{"href":"https:\/\/streetmarkets.fr\/app\/wp-json\/wp\/v2\/product"}],"about":[{"href":"https:\/\/streetmarkets.fr\/app\/wp-json\/wp\/v2\/types\/product"}],"replies":[{"embeddable":true,"href":"https:\/\/streetmarkets.fr\/app\/wp-json\/wp\/v2\/comments?post=699494"}],"wp:featuredmedia":[{"embeddable":true,"href":"https:\/\/streetmarkets.fr\/app\/wp-json\/wp\/v2\/media\/699495"}],"wp:attachment":[{"href":"https:\/\/streetmarkets.fr\/app\/wp-json\/wp\/v2\/media?parent=699494"}],"wp:term":[{"taxonomy":"product_brand","embeddable":true,"href":"https:\/\/streetmarkets.fr\/app\/wp-json\/wp\/v2\/product_brand?post=699494"},{"taxonomy":"product_cat","embeddable":true,"href":"https:\/\/streetmarkets.fr\/app\/wp-json\/wp\/v2\/product_cat?post=699494"},{"taxonomy":"product_tag","embeddable":true,"href":"https:\/\/streetmarkets.fr\/app\/wp-json\/wp\/v2\/product_tag?post=699494"}],"curies":[{"name":"wp","href":"https:\/\/api.w.org\/{rel}","templated":true}]}}