{"id":699440,"date":"2024-10-15T10:22:23","date_gmt":"2024-10-15T08:22:23","guid":{"rendered":"https:\/\/streetmarkets.fr\/app\/produit\/cabas-fasika-tea-i-beliv\/"},"modified":"2026-05-05T08:36:49","modified_gmt":"2026-05-05T06:36:49","slug":"cabas-fasika-tea-i-beliv","status":"publish","type":"product","link":"https:\/\/streetmarkets.fr\/app\/produit\/cabas-fasika-tea-i-beliv\/","title":{"rendered":"Cabas Fasika Tea &#8211; I Beliv"},"content":{"rendered":"<p><span><strong>FASIKA<\/strong> signifie \u00ab sable \u00bb en malgache. Ce sac est un hommage \u00e0 la l\u00e9g\u00e8ret\u00e9 et sera l\u2019alli\u00e9 parfait pour construire vos plus beaux souvenirs.\u00a0<\/span><\/p>\n<p>Sac l\u00e9ger et pliable<\/p>\n<p><strong>I Beliv est une <\/strong>e<span data-mce-fragment=\"1\">ntreprise familiale malgache ( m\u00e8re et fils) qui promeut l&#8217;artisanat malgache avec son atelier qui emploie des femmes dans le but de developper le travail et l&#8217;\u00e9mancipation des femmes.\u00a0<\/span><span>\u00a0<\/span><\/p>\n","protected":false},"excerpt":{"rendered":"<p>FASIKA signifie \u00ab sable \u00bb en malgache. Ce sac est un hommage \u00e0 la l\u00e9g\u00e8ret\u00e9 et sera l\u2019alli\u00e9 parfait pour construire vos plus beaux souvenirs.\u00a0 Sac l\u00e9ger et pliable I Beliv est une entreprise familiale malgache ( m\u00e8re et fils) qui promeut l&#8217;artisanat malgache avec son atelier qui emploie des femmes dans le but de [&hellip;]<\/p>\n","protected":false},"featured_media":699441,"comment_status":"open","ping_status":"closed","template":"","meta":[],"product_brand":[],"product_cat":[1756,1764],"product_tag":[2244],"acf":[],"_links":{"self":[{"href":"https:\/\/streetmarkets.fr\/app\/wp-json\/wp\/v2\/product\/699440"}],"collection":[{"href":"https:\/\/streetmarkets.fr\/app\/wp-json\/wp\/v2\/product"}],"about":[{"href":"https:\/\/streetmarkets.fr\/app\/wp-json\/wp\/v2\/types\/product"}],"replies":[{"embeddable":true,"href":"https:\/\/streetmarkets.fr\/app\/wp-json\/wp\/v2\/comments?post=699440"}],"wp:featuredmedia":[{"embeddable":true,"href":"https:\/\/streetmarkets.fr\/app\/wp-json\/wp\/v2\/media\/699441"}],"wp:attachment":[{"href":"https:\/\/streetmarkets.fr\/app\/wp-json\/wp\/v2\/media?parent=699440"}],"wp:term":[{"taxonomy":"product_brand","embeddable":true,"href":"https:\/\/streetmarkets.fr\/app\/wp-json\/wp\/v2\/product_brand?post=699440"},{"taxonomy":"product_cat","embeddable":true,"href":"https:\/\/streetmarkets.fr\/app\/wp-json\/wp\/v2\/product_cat?post=699440"},{"taxonomy":"product_tag","embeddable":true,"href":"https:\/\/streetmarkets.fr\/app\/wp-json\/wp\/v2\/product_tag?post=699440"}],"curies":[{"name":"wp","href":"https:\/\/api.w.org\/{rel}","templated":true}]}}