{"id":699429,"date":"2024-10-15T10:22:22","date_gmt":"2024-10-15T08:22:22","guid":{"rendered":"https:\/\/streetmarkets.fr\/app\/produit\/ceinture-patrimonio-dark-amber-mare-di-latte\/"},"modified":"2026-05-10T08:36:48","modified_gmt":"2026-05-10T06:36:48","slug":"ceinture-patrimonio-dark-amber-mare-di-latte","status":"publish","type":"product","link":"https:\/\/streetmarkets.fr\/app\/produit\/ceinture-patrimonio-dark-amber-mare-di-latte\/","title":{"rendered":"Ceinture Patrimonio Dark Amber &#8211; Mare Di Latte"},"content":{"rendered":"<p><span data-mce-fragment=\"1\">La ceinture PATRIMONIO se ferme \u00e0 l&#8217;aide de liens que vous passerez \u00e0 travers sa boucle avant de les nouer. Elle est r\u00e9alis\u00e9e en corde de coton et soulign\u00e9e de finitions en fils lurex.<\/span><\/p>\n<p><span data-mce-fragment=\"1\">Ceinture \u00e0 corde \u00e0 nouer<\/span><\/p>\n<p>Taille unique<\/p>\n<p>Elle permettra de ceintur\u00e9 vos robes les plus vaporeuses\u00a0<\/p>\n<p>Cr\u00e9atrice Mare di Latte<\/p>\n","protected":false},"excerpt":{"rendered":"<p>La ceinture PATRIMONIO se ferme \u00e0 l&#8217;aide de liens que vous passerez \u00e0 travers sa boucle avant de les nouer. Elle est r\u00e9alis\u00e9e en corde de coton et soulign\u00e9e de finitions en fils lurex. Ceinture \u00e0 corde \u00e0 nouer Taille unique Elle permettra de ceintur\u00e9 vos robes les plus vaporeuses\u00a0 Cr\u00e9atrice Mare di Latte<\/p>\n","protected":false},"featured_media":699430,"comment_status":"open","ping_status":"closed","template":"","meta":[],"product_brand":[],"product_cat":[1756,1764],"product_tag":[2244],"acf":[],"_links":{"self":[{"href":"https:\/\/streetmarkets.fr\/app\/wp-json\/wp\/v2\/product\/699429"}],"collection":[{"href":"https:\/\/streetmarkets.fr\/app\/wp-json\/wp\/v2\/product"}],"about":[{"href":"https:\/\/streetmarkets.fr\/app\/wp-json\/wp\/v2\/types\/product"}],"replies":[{"embeddable":true,"href":"https:\/\/streetmarkets.fr\/app\/wp-json\/wp\/v2\/comments?post=699429"}],"wp:featuredmedia":[{"embeddable":true,"href":"https:\/\/streetmarkets.fr\/app\/wp-json\/wp\/v2\/media\/699430"}],"wp:attachment":[{"href":"https:\/\/streetmarkets.fr\/app\/wp-json\/wp\/v2\/media?parent=699429"}],"wp:term":[{"taxonomy":"product_brand","embeddable":true,"href":"https:\/\/streetmarkets.fr\/app\/wp-json\/wp\/v2\/product_brand?post=699429"},{"taxonomy":"product_cat","embeddable":true,"href":"https:\/\/streetmarkets.fr\/app\/wp-json\/wp\/v2\/product_cat?post=699429"},{"taxonomy":"product_tag","embeddable":true,"href":"https:\/\/streetmarkets.fr\/app\/wp-json\/wp\/v2\/product_tag?post=699429"}],"curies":[{"name":"wp","href":"https:\/\/api.w.org\/{rel}","templated":true}]}}