{"id":699422,"date":"2024-10-15T10:22:22","date_gmt":"2024-10-15T08:22:22","guid":{"rendered":"https:\/\/streetmarkets.fr\/app\/produit\/bracelet-de-cheville-candies-opale-multicolore-mon-precieux-gem\/"},"modified":"2026-05-05T08:36:49","modified_gmt":"2026-05-05T06:36:49","slug":"bracelet-de-cheville-candies-opale-multicolore-mon-precieux-gem","status":"publish","type":"product","link":"https:\/\/streetmarkets.fr\/app\/produit\/bracelet-de-cheville-candies-opale-multicolore-mon-precieux-gem\/","title":{"rendered":"Bracelet de cheville candies Opale multicolore &#8211; Mon Precieux Gem"},"content":{"rendered":"<div data-mce-fragment=\"1\" class=\"description-short\" id=\"product-description-short-935\">\n<p data-mce-fragment=\"1\">Bracelet de cheville candies en\u00a0opale multicolore.<\/p>\n<p data-mce-fragment=\"1\"><strong>Vertu de la pierre opale<\/strong>\u00a0: <span data-mce-fragment=\"1\">\u00c9motionnellement parlant, l\u2019opale a toujours \u00e9t\u00e9 associ\u00e9e \u00e0 l\u2019amour, \u00e0 la passion, au d\u00e9sir. C\u2019est une pierre s\u00e9duisante qui intensifie les \u00e9tats \u00e9motionnels<\/span><\/p>\n<p data-mce-fragment=\"1\">\u00a0<\/p>\n<\/div>\n<div data-mce-fragment=\"1\" class=\"product-actions\">\n<div data-mce-fragment=\"1\" class=\"product-variants\"><br data-mce-fragment=\"1\"><\/div>\n<section data-mce-fragment=\"1\" class=\"product-discounts\"><\/section>\n<div data-mce-fragment=\"1\" class=\"product-add-to-cart\">\n<div data-mce-fragment=\"1\" class=\"product-quantity clearfix\">\n<div data-mce-fragment=\"1\" class=\"qty clearfix\">\n<div data-mce-fragment=\"1\" class=\"input-group bootstrap-touchspin\"><\/div>\n<\/div>\n<\/div>\n<\/div>\n<\/div>\n","protected":false},"excerpt":{"rendered":"<p>Bracelet de cheville candies en\u00a0opale multicolore. Vertu de la pierre opale\u00a0: \u00c9motionnellement parlant, l\u2019opale a toujours \u00e9t\u00e9 associ\u00e9e \u00e0 l\u2019amour, \u00e0 la passion, au d\u00e9sir. C\u2019est une pierre s\u00e9duisante qui intensifie les \u00e9tats \u00e9motionnels \u00a0<\/p>\n","protected":false},"featured_media":699423,"comment_status":"open","ping_status":"closed","template":"","meta":[],"product_brand":[],"product_cat":[1807,1756],"product_tag":[2244],"acf":[],"_links":{"self":[{"href":"https:\/\/streetmarkets.fr\/app\/wp-json\/wp\/v2\/product\/699422"}],"collection":[{"href":"https:\/\/streetmarkets.fr\/app\/wp-json\/wp\/v2\/product"}],"about":[{"href":"https:\/\/streetmarkets.fr\/app\/wp-json\/wp\/v2\/types\/product"}],"replies":[{"embeddable":true,"href":"https:\/\/streetmarkets.fr\/app\/wp-json\/wp\/v2\/comments?post=699422"}],"wp:featuredmedia":[{"embeddable":true,"href":"https:\/\/streetmarkets.fr\/app\/wp-json\/wp\/v2\/media\/699423"}],"wp:attachment":[{"href":"https:\/\/streetmarkets.fr\/app\/wp-json\/wp\/v2\/media?parent=699422"}],"wp:term":[{"taxonomy":"product_brand","embeddable":true,"href":"https:\/\/streetmarkets.fr\/app\/wp-json\/wp\/v2\/product_brand?post=699422"},{"taxonomy":"product_cat","embeddable":true,"href":"https:\/\/streetmarkets.fr\/app\/wp-json\/wp\/v2\/product_cat?post=699422"},{"taxonomy":"product_tag","embeddable":true,"href":"https:\/\/streetmarkets.fr\/app\/wp-json\/wp\/v2\/product_tag?post=699422"}],"curies":[{"name":"wp","href":"https:\/\/api.w.org\/{rel}","templated":true}]}}