{"id":699408,"date":"2024-10-15T10:22:21","date_gmt":"2024-10-15T08:22:21","guid":{"rendered":"https:\/\/streetmarkets.fr\/app\/produit\/maillot-de-bain-1-piece-mat-fig-beach-lingerie-la-nouvelle\/"},"modified":"2026-04-24T08:37:10","modified_gmt":"2026-04-24T06:37:10","slug":"maillot-de-bain-1-piece-mat-fig-beach-lingerie-la-nouvelle","status":"publish","type":"product","link":"https:\/\/streetmarkets.fr\/app\/produit\/maillot-de-bain-1-piece-mat-fig-beach-lingerie-la-nouvelle\/","title":{"rendered":"Maillot de bain 1 pi\u00e8ce Mat Fig Beach &#8211; Lingerie La Nouvelle"},"content":{"rendered":"<p>\u00a0<\/p>\n<p data-mce-fragment=\"1\">Maillot de bain couleur figue,\u00a0<strong data-mce-fragment=\"1\">diff\u00e9rents nouages possibles<\/strong><span data-mce-fragment=\"1\">, peut s&#8217;attacher <\/span><strong data-mce-fragment=\"1\">autour du cou<\/strong><span data-mce-fragment=\"1\"> ou bien avec un petit pour se porter en <\/span><strong data-mce-fragment=\"1\">bustier<\/strong><span data-mce-fragment=\"1\"> et parfaire son bronzage.<br \/>Poss\u00e8de un dos nu avec un noeud \u00e0 nouer.<br \/>Dot\u00e9 de mousse amovible<\/span><\/p>\n<p>Echancr\u00e9<\/p>\n<p data-mce-fragment=\"1\">Il est\u00a0dot\u00e9 de mousses amovibles.<\/p>\n<p data-mce-fragment=\"1\">\u00a0<\/p>\n<p data-mce-fragment=\"1\"><strong>Guide des\u00a0tailles<\/strong> :\u00a0<\/p>\n<p data-mce-fragment=\"1\">La taille 1 correspond \u00e0 un 36<\/p>\n<p data-mce-fragment=\"1\">La taille 2 correspond \u00e0 un 38<\/p>\n","protected":false},"excerpt":{"rendered":"<p>\u00a0 Maillot de bain couleur figue,\u00a0diff\u00e9rents nouages possibles, peut s&#8217;attacher autour du cou ou bien avec un petit pour se porter en bustier et parfaire son bronzage.Poss\u00e8de un dos nu avec un noeud \u00e0 nouer.Dot\u00e9 de mousse amovible Echancr\u00e9 Il est\u00a0dot\u00e9 de mousses amovibles. \u00a0 Guide des\u00a0tailles :\u00a0 La taille 1 correspond \u00e0 un 36 [&hellip;]<\/p>\n","protected":false},"featured_media":699409,"comment_status":"open","ping_status":"closed","template":"","meta":[],"product_brand":[],"product_cat":[1756,1762],"product_tag":[2244],"acf":[],"_links":{"self":[{"href":"https:\/\/streetmarkets.fr\/app\/wp-json\/wp\/v2\/product\/699408"}],"collection":[{"href":"https:\/\/streetmarkets.fr\/app\/wp-json\/wp\/v2\/product"}],"about":[{"href":"https:\/\/streetmarkets.fr\/app\/wp-json\/wp\/v2\/types\/product"}],"replies":[{"embeddable":true,"href":"https:\/\/streetmarkets.fr\/app\/wp-json\/wp\/v2\/comments?post=699408"}],"wp:featuredmedia":[{"embeddable":true,"href":"https:\/\/streetmarkets.fr\/app\/wp-json\/wp\/v2\/media\/699409"}],"wp:attachment":[{"href":"https:\/\/streetmarkets.fr\/app\/wp-json\/wp\/v2\/media?parent=699408"}],"wp:term":[{"taxonomy":"product_brand","embeddable":true,"href":"https:\/\/streetmarkets.fr\/app\/wp-json\/wp\/v2\/product_brand?post=699408"},{"taxonomy":"product_cat","embeddable":true,"href":"https:\/\/streetmarkets.fr\/app\/wp-json\/wp\/v2\/product_cat?post=699408"},{"taxonomy":"product_tag","embeddable":true,"href":"https:\/\/streetmarkets.fr\/app\/wp-json\/wp\/v2\/product_tag?post=699408"}],"curies":[{"name":"wp","href":"https:\/\/api.w.org\/{rel}","templated":true}]}}