{"id":699383,"date":"2024-10-15T10:22:19","date_gmt":"2024-10-15T08:22:19","guid":{"rendered":"https:\/\/streetmarkets.fr\/app\/produit\/chemise-charly-kelly-fish-club\/"},"modified":"2026-05-15T08:36:42","modified_gmt":"2026-05-15T06:36:42","slug":"chemise-charly-kelly-fish-club","status":"publish","type":"product","link":"https:\/\/streetmarkets.fr\/app\/produit\/chemise-charly-kelly-fish-club\/","title":{"rendered":"Chemise CHARLY Kelly &#8211; Fish Club"},"content":{"rendered":"<p><span data-mce-fragment=\"1\">Chemise en coton \u00e0 carreaux multicolores et empi\u00e8cements, brod\u00e9e et num\u00e9rot\u00e9e. \u00e0 Paris.\u00a0<\/span><span data-mce-fragment=\"1\"><br \/><\/span>2 exemplaires num\u00e9rot\u00e9s<br \/>Taille unique.\u00a0<\/p>\n<div class=\"product-actions\">\n<div class=\"product-variants\"><\/div>\n<\/div>\n<p><strong><\/strong>Cr\u00e9atrice Fran\u00e7aise, univers rock, r\u00e9gressive et r\u00e9tro !\u00a0<\/p>\n","protected":false},"excerpt":{"rendered":"<p>Chemise en coton \u00e0 carreaux multicolores et empi\u00e8cements, brod\u00e9e et num\u00e9rot\u00e9e. \u00e0 Paris.\u00a02 exemplaires num\u00e9rot\u00e9sTaille unique.\u00a0 Cr\u00e9atrice Fran\u00e7aise, univers rock, r\u00e9gressive et r\u00e9tro !\u00a0<\/p>\n","protected":false},"featured_media":699384,"comment_status":"open","ping_status":"closed","template":"","meta":[],"product_brand":[],"product_cat":[1756,1762],"product_tag":[2244],"acf":[],"_links":{"self":[{"href":"https:\/\/streetmarkets.fr\/app\/wp-json\/wp\/v2\/product\/699383"}],"collection":[{"href":"https:\/\/streetmarkets.fr\/app\/wp-json\/wp\/v2\/product"}],"about":[{"href":"https:\/\/streetmarkets.fr\/app\/wp-json\/wp\/v2\/types\/product"}],"replies":[{"embeddable":true,"href":"https:\/\/streetmarkets.fr\/app\/wp-json\/wp\/v2\/comments?post=699383"}],"wp:featuredmedia":[{"embeddable":true,"href":"https:\/\/streetmarkets.fr\/app\/wp-json\/wp\/v2\/media\/699384"}],"wp:attachment":[{"href":"https:\/\/streetmarkets.fr\/app\/wp-json\/wp\/v2\/media?parent=699383"}],"wp:term":[{"taxonomy":"product_brand","embeddable":true,"href":"https:\/\/streetmarkets.fr\/app\/wp-json\/wp\/v2\/product_brand?post=699383"},{"taxonomy":"product_cat","embeddable":true,"href":"https:\/\/streetmarkets.fr\/app\/wp-json\/wp\/v2\/product_cat?post=699383"},{"taxonomy":"product_tag","embeddable":true,"href":"https:\/\/streetmarkets.fr\/app\/wp-json\/wp\/v2\/product_tag?post=699383"}],"curies":[{"name":"wp","href":"https:\/\/api.w.org\/{rel}","templated":true}]}}