{"id":699339,"date":"2024-10-15T10:21:44","date_gmt":"2024-10-15T08:21:44","guid":{"rendered":"https:\/\/streetmarkets.fr\/app\/produit\/paire-de-boucles-magellan-perrine-taverniti\/"},"modified":"2026-05-10T08:36:36","modified_gmt":"2026-05-10T06:36:36","slug":"paire-de-boucles-magellan-perrine-taverniti","status":"publish","type":"product","link":"https:\/\/streetmarkets.fr\/app\/produit\/paire-de-boucles-magellan-perrine-taverniti\/","title":{"rendered":"Paire de boucles Magellan &#8211; Perrine Taverniti"},"content":{"rendered":"<p>Paire de boucles longues de Perrine Taverniti\u00a0mixant une maille fa\u00e7on gourmette et de la cha\u00eene ultra-fine.\u00a0<\/p>\n<p><strong>. Composition<\/strong> : Elle est compos\u00e9 de 3 maillons et de cha\u00eenes tr\u00e8s fines.\u00a0<br \/>Longueur : 12 cm \/ poids : 18\u00a0grammes<\/p>\n<p data-mce-fragment=\"1\"><strong data-mce-fragment=\"1\">.\u00a0<\/strong><span data-mce-fragment=\"1\">laiton plaqu\u00e9 or 24 carats avec patine afin d&#8217;obtenir un aspect vintage.\u00a0<\/span><br data-mce-fragment=\"1\"><strong data-mce-fragment=\"1\"><\/strong><\/p>\n<p data-mce-fragment=\"1\"><strong data-mce-fragment=\"1\">. Entretien : <\/strong><span data-mce-fragment=\"1\">\u00c9vitez l&#8217;eau. Les bijoux peuvent \u00eatre nettoy\u00e9s \u00e0 l&#8217;aide d&#8217;un chiffon doux.\u00a0<\/span><\/p>\n<p data-mce-fragment=\"1\"><span data-mce-fragment=\"1\">Cr\u00e9atrice fran\u00e7aise, les bijoux sont dessin\u00e9s et\u00a0fabriqu\u00e9s \u00e0 Paris.<\/span><\/p>\n","protected":false},"excerpt":{"rendered":"<p>Paire de boucles longues de Perrine Taverniti\u00a0mixant une maille fa\u00e7on gourmette et de la cha\u00eene ultra-fine.\u00a0 . Composition : Elle est compos\u00e9 de 3 maillons et de cha\u00eenes tr\u00e8s fines.\u00a0Longueur : 12 cm \/ poids : 18\u00a0grammes .\u00a0laiton plaqu\u00e9 or 24 carats avec patine afin d&#8217;obtenir un aspect vintage.\u00a0 . Entretien : \u00c9vitez l&#8217;eau. Les [&hellip;]<\/p>\n","protected":false},"featured_media":699340,"comment_status":"open","ping_status":"closed","template":"","meta":[],"product_brand":[],"product_cat":[1807,1756],"product_tag":[2244],"acf":[],"_links":{"self":[{"href":"https:\/\/streetmarkets.fr\/app\/wp-json\/wp\/v2\/product\/699339"}],"collection":[{"href":"https:\/\/streetmarkets.fr\/app\/wp-json\/wp\/v2\/product"}],"about":[{"href":"https:\/\/streetmarkets.fr\/app\/wp-json\/wp\/v2\/types\/product"}],"replies":[{"embeddable":true,"href":"https:\/\/streetmarkets.fr\/app\/wp-json\/wp\/v2\/comments?post=699339"}],"wp:featuredmedia":[{"embeddable":true,"href":"https:\/\/streetmarkets.fr\/app\/wp-json\/wp\/v2\/media\/699340"}],"wp:attachment":[{"href":"https:\/\/streetmarkets.fr\/app\/wp-json\/wp\/v2\/media?parent=699339"}],"wp:term":[{"taxonomy":"product_brand","embeddable":true,"href":"https:\/\/streetmarkets.fr\/app\/wp-json\/wp\/v2\/product_brand?post=699339"},{"taxonomy":"product_cat","embeddable":true,"href":"https:\/\/streetmarkets.fr\/app\/wp-json\/wp\/v2\/product_cat?post=699339"},{"taxonomy":"product_tag","embeddable":true,"href":"https:\/\/streetmarkets.fr\/app\/wp-json\/wp\/v2\/product_tag?post=699339"}],"curies":[{"name":"wp","href":"https:\/\/api.w.org\/{rel}","templated":true}]}}