{"id":699309,"date":"2024-10-15T10:21:42","date_gmt":"2024-10-15T08:21:42","guid":{"rendered":"https:\/\/streetmarkets.fr\/app\/produit\/sac-celestins-coton-recycle-black-light-rive-droite\/"},"modified":"2026-04-12T08:36:56","modified_gmt":"2026-04-12T06:36:56","slug":"sac-celestins-coton-recycle-black-light-rive-droite","status":"publish","type":"product","link":"https:\/\/streetmarkets.fr\/app\/produit\/sac-celestins-coton-recycle-black-light-rive-droite\/","title":{"rendered":"Sac C\u00e9lestins coton recycl\u00e9 Black light &#8211; Rive Droite"},"content":{"rendered":"<p>C\u00e9lestins c&#8217;est le sac 24h id\u00e9al pour les vadrouilles du quotidien ou pour un court week-end. Au quotidien, vous y glissez facilement une tenue de sport, vos affaires de boulot (ordinateur, cahier etc), et toutes vos affaires personnelles comme un porte monnaie, une trousse make-up<\/p>\n","protected":false},"excerpt":{"rendered":"<p>C\u00e9lestins c&#8217;est le sac 24h id\u00e9al pour les vadrouilles du quotidien ou pour un court week-end. Au quotidien, vous y glissez facilement une tenue de sport, vos affaires de boulot (ordinateur, cahier etc), et toutes vos affaires personnelles comme un porte monnaie, une trousse make-up<\/p>\n","protected":false},"featured_media":699310,"comment_status":"open","ping_status":"closed","template":"","meta":[],"product_brand":[],"product_cat":[1756,1764],"product_tag":[2244],"acf":[],"_links":{"self":[{"href":"https:\/\/streetmarkets.fr\/app\/wp-json\/wp\/v2\/product\/699309"}],"collection":[{"href":"https:\/\/streetmarkets.fr\/app\/wp-json\/wp\/v2\/product"}],"about":[{"href":"https:\/\/streetmarkets.fr\/app\/wp-json\/wp\/v2\/types\/product"}],"replies":[{"embeddable":true,"href":"https:\/\/streetmarkets.fr\/app\/wp-json\/wp\/v2\/comments?post=699309"}],"wp:featuredmedia":[{"embeddable":true,"href":"https:\/\/streetmarkets.fr\/app\/wp-json\/wp\/v2\/media\/699310"}],"wp:attachment":[{"href":"https:\/\/streetmarkets.fr\/app\/wp-json\/wp\/v2\/media?parent=699309"}],"wp:term":[{"taxonomy":"product_brand","embeddable":true,"href":"https:\/\/streetmarkets.fr\/app\/wp-json\/wp\/v2\/product_brand?post=699309"},{"taxonomy":"product_cat","embeddable":true,"href":"https:\/\/streetmarkets.fr\/app\/wp-json\/wp\/v2\/product_cat?post=699309"},{"taxonomy":"product_tag","embeddable":true,"href":"https:\/\/streetmarkets.fr\/app\/wp-json\/wp\/v2\/product_tag?post=699309"}],"curies":[{"name":"wp","href":"https:\/\/api.w.org\/{rel}","templated":true}]}}