{"id":699306,"date":"2024-10-15T10:21:42","date_gmt":"2024-10-15T08:21:42","guid":{"rendered":"https:\/\/streetmarkets.fr\/app\/produit\/sac-sauval-coton-recycle-dark-red-rive-droite\/"},"modified":"2026-05-10T08:36:36","modified_gmt":"2026-05-10T06:36:36","slug":"sac-sauval-coton-recycle-dark-red-rive-droite","status":"publish","type":"product","link":"https:\/\/streetmarkets.fr\/app\/produit\/sac-sauval-coton-recycle-dark-red-rive-droite\/","title":{"rendered":"Sac Sauval coton recycl\u00e9 Dark red &#8211; Rive Droite"},"content":{"rendered":"<p><span data-mce-fragment=\"1\">C&#8217;<\/span>est le city bag qui vous accompagne partout, de la maison au bureau, en v\u00e9lo, en transports, ou en scooter. Il est petit mais peut facilement contenir tous vos essentiels de la journ\u00e9e : ordinateur 13 pouces, cahier, porte monnaie, petite trousse makeup. Il se porte aussi bien en bandouli\u00e8re qu&#8217;\u00e0 l&#8217;\u00e9paule avec sa anse r\u00e9glable, et \u00e0 la main ou sur l&#8217;avant-bras avec ses 2 petites anses. <br data-mce-fragment=\"1\"><\/p>\n<p>Son plus: sa poche int\u00e9rieure zipp\u00e9e pour garder cl\u00e9s et t\u00e9l\u00e9phone \u00e0 proximit\u00e9<\/p>\n","protected":false},"excerpt":{"rendered":"<p>C&#8217;est le city bag qui vous accompagne partout, de la maison au bureau, en v\u00e9lo, en transports, ou en scooter. Il est petit mais peut facilement contenir tous vos essentiels de la journ\u00e9e : ordinateur 13 pouces, cahier, porte monnaie, petite trousse makeup. Il se porte aussi bien en bandouli\u00e8re qu&#8217;\u00e0 l&#8217;\u00e9paule avec sa anse [&hellip;]<\/p>\n","protected":false},"featured_media":699307,"comment_status":"open","ping_status":"closed","template":"","meta":[],"product_brand":[],"product_cat":[1756,1764],"product_tag":[2244],"acf":[],"_links":{"self":[{"href":"https:\/\/streetmarkets.fr\/app\/wp-json\/wp\/v2\/product\/699306"}],"collection":[{"href":"https:\/\/streetmarkets.fr\/app\/wp-json\/wp\/v2\/product"}],"about":[{"href":"https:\/\/streetmarkets.fr\/app\/wp-json\/wp\/v2\/types\/product"}],"replies":[{"embeddable":true,"href":"https:\/\/streetmarkets.fr\/app\/wp-json\/wp\/v2\/comments?post=699306"}],"wp:featuredmedia":[{"embeddable":true,"href":"https:\/\/streetmarkets.fr\/app\/wp-json\/wp\/v2\/media\/699307"}],"wp:attachment":[{"href":"https:\/\/streetmarkets.fr\/app\/wp-json\/wp\/v2\/media?parent=699306"}],"wp:term":[{"taxonomy":"product_brand","embeddable":true,"href":"https:\/\/streetmarkets.fr\/app\/wp-json\/wp\/v2\/product_brand?post=699306"},{"taxonomy":"product_cat","embeddable":true,"href":"https:\/\/streetmarkets.fr\/app\/wp-json\/wp\/v2\/product_cat?post=699306"},{"taxonomy":"product_tag","embeddable":true,"href":"https:\/\/streetmarkets.fr\/app\/wp-json\/wp\/v2\/product_tag?post=699306"}],"curies":[{"name":"wp","href":"https:\/\/api.w.org\/{rel}","templated":true}]}}