{"id":699292,"date":"2024-10-15T10:21:41","date_gmt":"2024-10-15T08:21:41","guid":{"rendered":"https:\/\/streetmarkets.fr\/app\/produit\/sac-pochette-kyomai-2\/"},"modified":"2026-05-08T08:36:40","modified_gmt":"2026-05-08T06:36:40","slug":"sac-pochette-kyomai-2","status":"publish","type":"product","link":"https:\/\/streetmarkets.fr\/app\/produit\/sac-pochette-kyomai-2\/","title":{"rendered":"Sac Pochette &#8211; Kyomai"},"content":{"rendered":"<p data-mce-fragment=\"1\">Cette pochette se porte \u00e0 la main.<\/p>\n<p data-mce-fragment=\"1\">Une poche \u00e0 l\u2019int\u00e9rieur permet de ranger votre t\u00e9l\u00e9phone portable. Int\u00e9rieur soie noire.\u00a0<\/p>\n<p data-mce-fragment=\"1\">Elle<span data-mce-fragment=\"1\">\u00a0<\/span>est livr\u00e9e dans un \u00e9crin en bois de paulownia. Ce bois est utilis\u00e9 traditionnellement au Japon pour ranger obis et kimonos.<\/p>\n","protected":false},"excerpt":{"rendered":"<p>Cette pochette se porte \u00e0 la main. Une poche \u00e0 l\u2019int\u00e9rieur permet de ranger votre t\u00e9l\u00e9phone portable. Int\u00e9rieur soie noire.\u00a0 Elle\u00a0est livr\u00e9e dans un \u00e9crin en bois de paulownia. Ce bois est utilis\u00e9 traditionnellement au Japon pour ranger obis et kimonos.<\/p>\n","protected":false},"featured_media":699293,"comment_status":"open","ping_status":"closed","template":"","meta":[],"product_brand":[],"product_cat":[1756,1764],"product_tag":[2244],"acf":[],"_links":{"self":[{"href":"https:\/\/streetmarkets.fr\/app\/wp-json\/wp\/v2\/product\/699292"}],"collection":[{"href":"https:\/\/streetmarkets.fr\/app\/wp-json\/wp\/v2\/product"}],"about":[{"href":"https:\/\/streetmarkets.fr\/app\/wp-json\/wp\/v2\/types\/product"}],"replies":[{"embeddable":true,"href":"https:\/\/streetmarkets.fr\/app\/wp-json\/wp\/v2\/comments?post=699292"}],"wp:featuredmedia":[{"embeddable":true,"href":"https:\/\/streetmarkets.fr\/app\/wp-json\/wp\/v2\/media\/699293"}],"wp:attachment":[{"href":"https:\/\/streetmarkets.fr\/app\/wp-json\/wp\/v2\/media?parent=699292"}],"wp:term":[{"taxonomy":"product_brand","embeddable":true,"href":"https:\/\/streetmarkets.fr\/app\/wp-json\/wp\/v2\/product_brand?post=699292"},{"taxonomy":"product_cat","embeddable":true,"href":"https:\/\/streetmarkets.fr\/app\/wp-json\/wp\/v2\/product_cat?post=699292"},{"taxonomy":"product_tag","embeddable":true,"href":"https:\/\/streetmarkets.fr\/app\/wp-json\/wp\/v2\/product_tag?post=699292"}],"curies":[{"name":"wp","href":"https:\/\/api.w.org\/{rel}","templated":true}]}}