{"id":699287,"date":"2024-10-15T10:21:41","date_gmt":"2024-10-15T08:21:41","guid":{"rendered":"https:\/\/streetmarkets.fr\/app\/produit\/sac-pochette-kyomai\/"},"modified":"2026-05-05T08:36:37","modified_gmt":"2026-05-05T06:36:37","slug":"sac-pochette-kyomai","status":"publish","type":"product","link":"https:\/\/streetmarkets.fr\/app\/produit\/sac-pochette-kyomai\/","title":{"rendered":"Sac Pochette &#8211; Kyomai"},"content":{"rendered":"<p>\u00a0<\/p>\n<p data-mce-fragment=\"1\">Cette pochette se porte \u00e0 la main\u00a0<\/p>\n<p data-mce-fragment=\"1\">Une poche \u00e0 l\u2019int\u00e9rieur permet de ranger votre t\u00e9l\u00e9phone portable. Int\u00e9rieur soie vert.\u00a0<\/p>\n<p data-mce-fragment=\"1\">Elle<span data-mce-fragment=\"1\">\u00a0<\/span>est livr\u00e9e dans un \u00e9crin en bois de paulownia. Ce bois est utilis\u00e9 traditionnellement au Japon pour ranger obis et kimonos.<\/p>\n","protected":false},"excerpt":{"rendered":"<p>\u00a0 Cette pochette se porte \u00e0 la main\u00a0 Une poche \u00e0 l\u2019int\u00e9rieur permet de ranger votre t\u00e9l\u00e9phone portable. Int\u00e9rieur soie vert.\u00a0 Elle\u00a0est livr\u00e9e dans un \u00e9crin en bois de paulownia. Ce bois est utilis\u00e9 traditionnellement au Japon pour ranger obis et kimonos.<\/p>\n","protected":false},"featured_media":699288,"comment_status":"open","ping_status":"closed","template":"","meta":[],"product_brand":[],"product_cat":[1756,1764],"product_tag":[2244],"acf":[],"_links":{"self":[{"href":"https:\/\/streetmarkets.fr\/app\/wp-json\/wp\/v2\/product\/699287"}],"collection":[{"href":"https:\/\/streetmarkets.fr\/app\/wp-json\/wp\/v2\/product"}],"about":[{"href":"https:\/\/streetmarkets.fr\/app\/wp-json\/wp\/v2\/types\/product"}],"replies":[{"embeddable":true,"href":"https:\/\/streetmarkets.fr\/app\/wp-json\/wp\/v2\/comments?post=699287"}],"wp:featuredmedia":[{"embeddable":true,"href":"https:\/\/streetmarkets.fr\/app\/wp-json\/wp\/v2\/media\/699288"}],"wp:attachment":[{"href":"https:\/\/streetmarkets.fr\/app\/wp-json\/wp\/v2\/media?parent=699287"}],"wp:term":[{"taxonomy":"product_brand","embeddable":true,"href":"https:\/\/streetmarkets.fr\/app\/wp-json\/wp\/v2\/product_brand?post=699287"},{"taxonomy":"product_cat","embeddable":true,"href":"https:\/\/streetmarkets.fr\/app\/wp-json\/wp\/v2\/product_cat?post=699287"},{"taxonomy":"product_tag","embeddable":true,"href":"https:\/\/streetmarkets.fr\/app\/wp-json\/wp\/v2\/product_tag?post=699287"}],"curies":[{"name":"wp","href":"https:\/\/api.w.org\/{rel}","templated":true}]}}