{"id":699263,"date":"2024-10-15T10:21:39","date_gmt":"2024-10-15T08:21:39","guid":{"rendered":"https:\/\/streetmarkets.fr\/app\/produit\/bijou-1-2-3-tours-en-saphir-et-onyx-mon-precieux-gem\/"},"modified":"2026-05-05T08:36:37","modified_gmt":"2026-05-05T06:36:37","slug":"bijou-1-2-3-tours-en-saphir-et-onyx-mon-precieux-gem","status":"publish","type":"product","link":"https:\/\/streetmarkets.fr\/app\/produit\/bijou-1-2-3-tours-en-saphir-et-onyx-mon-precieux-gem\/","title":{"rendered":"Bijou 1\/2\/3 Tours en Saphir et Onyx &#8211; Mon Precieux Gem"},"content":{"rendered":"<div class=\"description-short\" id=\"product-description-short-1300\" data-mce-fragment=\"1\">\n<p data-mce-fragment=\"1\">Bijou 1\/2\/3 TOURS en saphir et onyx.<\/p>\n<p data-mce-fragment=\"1\">Ce bijou est en pierres naturelles <strong>saphir et onyx.<\/strong> Il peut se porter de 3 fa\u00e7ons : collier, bracelet ou bracelet de cheville gr\u00e2ce \u00e0 son cordon ajustable.\u00a0<\/p>\n<p data-mce-fragment=\"1\"><strong>Vertus des pierres<\/strong> : L<strong>\u2019Onyx<\/strong>\u00a0de couleur noir apporte une grande stabilit\u00e9 \u00e9motionnelle. C&#8217;est une pierre qui apporte l\u2019\u00e9quilibre et soutient le mental.<\/p>\n<p data-mce-fragment=\"1\">Le <strong>saphir<\/strong>\u00a0de couleur bleu est l&#8217;\u00e9l\u00e9ment de l&#8217;esp\u00e9rance et de la foi dans les moments difficiles de la vie. Il repr\u00e9sente la stabilit\u00e9 et la fid\u00e9lit\u00e9. C&#8217;est pourquoi il est un cadeau fr\u00e9quent dans les rapports amoureux : c&#8217;est la pierre id\u00e9ale des fian\u00e7ailles. Ses \u00e9nergies apaisent aussi les \u00e9tats de col\u00e8re.<\/p>\n<\/div>\n<div class=\"description-short\" data-mce-fragment=\"1\">\n<p data-mce-fragment=\"1\">\u00a0<\/p>\n<\/div>\n<div class=\"product-actions\" data-mce-fragment=\"1\">\n<section class=\"product-discounts\" data-mce-fragment=\"1\"><\/section>\n<div class=\"product-add-to-cart\" data-mce-fragment=\"1\">\n<div class=\"product-quantity clearfix\" data-mce-fragment=\"1\">\n<div class=\"qty clearfix\" data-mce-fragment=\"1\">\n<div class=\"input-group bootstrap-touchspin\" data-mce-fragment=\"1\"><\/div>\n<\/div>\n<\/div>\n<\/div>\n<\/div>\n","protected":false},"excerpt":{"rendered":"<p>Bijou 1\/2\/3 TOURS en saphir et onyx. Ce bijou est en pierres naturelles saphir et onyx. Il peut se porter de 3 fa\u00e7ons : collier, bracelet ou bracelet de cheville gr\u00e2ce \u00e0 son cordon ajustable.\u00a0 Vertus des pierres : L\u2019Onyx\u00a0de couleur noir apporte une grande stabilit\u00e9 \u00e9motionnelle. C&#8217;est une pierre qui apporte l\u2019\u00e9quilibre et soutient [&hellip;]<\/p>\n","protected":false},"featured_media":699264,"comment_status":"open","ping_status":"closed","template":"","meta":[],"product_brand":[],"product_cat":[1807,1756],"product_tag":[2244],"acf":[],"_links":{"self":[{"href":"https:\/\/streetmarkets.fr\/app\/wp-json\/wp\/v2\/product\/699263"}],"collection":[{"href":"https:\/\/streetmarkets.fr\/app\/wp-json\/wp\/v2\/product"}],"about":[{"href":"https:\/\/streetmarkets.fr\/app\/wp-json\/wp\/v2\/types\/product"}],"replies":[{"embeddable":true,"href":"https:\/\/streetmarkets.fr\/app\/wp-json\/wp\/v2\/comments?post=699263"}],"wp:featuredmedia":[{"embeddable":true,"href":"https:\/\/streetmarkets.fr\/app\/wp-json\/wp\/v2\/media\/699264"}],"wp:attachment":[{"href":"https:\/\/streetmarkets.fr\/app\/wp-json\/wp\/v2\/media?parent=699263"}],"wp:term":[{"taxonomy":"product_brand","embeddable":true,"href":"https:\/\/streetmarkets.fr\/app\/wp-json\/wp\/v2\/product_brand?post=699263"},{"taxonomy":"product_cat","embeddable":true,"href":"https:\/\/streetmarkets.fr\/app\/wp-json\/wp\/v2\/product_cat?post=699263"},{"taxonomy":"product_tag","embeddable":true,"href":"https:\/\/streetmarkets.fr\/app\/wp-json\/wp\/v2\/product_tag?post=699263"}],"curies":[{"name":"wp","href":"https:\/\/api.w.org\/{rel}","templated":true}]}}