{"id":699260,"date":"2024-10-15T10:21:39","date_gmt":"2024-10-15T08:21:39","guid":{"rendered":"https:\/\/streetmarkets.fr\/app\/produit\/sac-darcy-coton-recycle-bois-de-rose-rive-droite\/"},"modified":"2026-05-05T08:36:37","modified_gmt":"2026-05-05T06:36:37","slug":"sac-darcy-coton-recycle-bois-de-rose-rive-droite","status":"publish","type":"product","link":"https:\/\/streetmarkets.fr\/app\/produit\/sac-darcy-coton-recycle-bois-de-rose-rive-droite\/","title":{"rendered":"Sac Darcy coton recycl\u00e9 Bois de rose &#8211; Rive Droite"},"content":{"rendered":"<p><span data-mce-fragment=\"1\">Vous aimerez le mod\u00e8le Darcy avec son style intemporel et son c\u00f4t\u00e9 ultra pratique avec sa grande pochette amovible, ses poches int\u00e9rieures (poche ext\u00e9rieure plaqu\u00e9e sur le devant du sac pour glisser son t\u00e9l\u00e9phone, poche int\u00e9rieure plaqu\u00e9e pour les couches, et une poche resserr\u00e9e par une \u00e9lastique pour le biberon), son passant pour le glisser sur une valise, ses attaches qui s&#8217;ajustent sur de nombreux mod\u00e8les de poussettes. <\/span><\/p>\n<p><span data-mce-fragment=\"1\">Avec sa grande anse r\u00e9glable, vous pouvez le porter \u00e0 l&#8217;\u00e9paule ou en bandouli\u00e8re.<\/span>\u00a0<\/p>\n","protected":false},"excerpt":{"rendered":"<p>Vous aimerez le mod\u00e8le Darcy avec son style intemporel et son c\u00f4t\u00e9 ultra pratique avec sa grande pochette amovible, ses poches int\u00e9rieures (poche ext\u00e9rieure plaqu\u00e9e sur le devant du sac pour glisser son t\u00e9l\u00e9phone, poche int\u00e9rieure plaqu\u00e9e pour les couches, et une poche resserr\u00e9e par une \u00e9lastique pour le biberon), son passant pour le glisser [&hellip;]<\/p>\n","protected":false},"featured_media":699261,"comment_status":"open","ping_status":"closed","template":"","meta":[],"product_brand":[],"product_cat":[1756,1764],"product_tag":[2244],"acf":[],"_links":{"self":[{"href":"https:\/\/streetmarkets.fr\/app\/wp-json\/wp\/v2\/product\/699260"}],"collection":[{"href":"https:\/\/streetmarkets.fr\/app\/wp-json\/wp\/v2\/product"}],"about":[{"href":"https:\/\/streetmarkets.fr\/app\/wp-json\/wp\/v2\/types\/product"}],"replies":[{"embeddable":true,"href":"https:\/\/streetmarkets.fr\/app\/wp-json\/wp\/v2\/comments?post=699260"}],"wp:featuredmedia":[{"embeddable":true,"href":"https:\/\/streetmarkets.fr\/app\/wp-json\/wp\/v2\/media\/699261"}],"wp:attachment":[{"href":"https:\/\/streetmarkets.fr\/app\/wp-json\/wp\/v2\/media?parent=699260"}],"wp:term":[{"taxonomy":"product_brand","embeddable":true,"href":"https:\/\/streetmarkets.fr\/app\/wp-json\/wp\/v2\/product_brand?post=699260"},{"taxonomy":"product_cat","embeddable":true,"href":"https:\/\/streetmarkets.fr\/app\/wp-json\/wp\/v2\/product_cat?post=699260"},{"taxonomy":"product_tag","embeddable":true,"href":"https:\/\/streetmarkets.fr\/app\/wp-json\/wp\/v2\/product_tag?post=699260"}],"curies":[{"name":"wp","href":"https:\/\/api.w.org\/{rel}","templated":true}]}}