{"id":699255,"date":"2024-10-15T10:21:39","date_gmt":"2024-10-15T08:21:39","guid":{"rendered":"https:\/\/streetmarkets.fr\/app\/produit\/mini-pam-bordeaux-atelier-farny\/"},"modified":"2026-05-08T08:36:40","modified_gmt":"2026-05-08T06:36:40","slug":"mini-pam-bordeaux-atelier-farny","status":"publish","type":"product","link":"https:\/\/streetmarkets.fr\/app\/produit\/mini-pam-bordeaux-atelier-farny\/","title":{"rendered":"Mini Pam Bordeaux &#8211; Atelier Farny"},"content":{"rendered":"<div class=\"et_pb_module et_pb_wc_description et_pb_wc_description_0 et_pb_bg_layout_light  et_pb_text_align_left\" data-mce-fragment=\"1\">\n<div class=\"et_pb_module_inner\" data-mce-fragment=\"1\">\nEn veau bordeaux imprim\u00e9 l\u00e9zard et doublure en veau bordeaux lisse<\/div>\n<div class=\"et_pb_module_inner\" data-mce-fragment=\"1\">\n<p>Fermeture top magn\u00e9tique et liens de resserrage.<br \/>Cha\u00eene grains de caf\u00e9 en laiton finition or et bandouli\u00e8re amovible en tressage fa\u00e7on grains de caf\u00e9\u00a0<br \/>Poche plaqu\u00e9e<\/p>\n<p><strong>Style<\/strong> : Il se porte \u00e0 la main gr\u00e2ce \u00e0 sa cha\u00eene \u00e0 maillons grains de caf\u00e9 ou \u00e0 l\u2019\u00e9paule avec sa bandouli\u00e8re tress\u00e9e en cuir.<\/p>\n<\/div>\n<div class=\"et_pb_module_inner\" data-mce-fragment=\"1\">\n<span><\/span>\n<\/div>\n<div class=\"et_pb_module_inner\" data-mce-fragment=\"1\">\n<p data-mce-fragment=\"1\">\u00a0<\/p>\n<\/div>\n<\/div>\n<div class=\"et_pb_module et_pb_text et_pb_text_0  et_pb_text_align_left et_pb_bg_layout_light\" data-mce-fragment=\"1\">\n<div class=\"et_pb_text_inner\" data-mce-fragment=\"1\"><\/div>\n<\/div>\n","protected":false},"excerpt":{"rendered":"<p>En veau bordeaux imprim\u00e9 l\u00e9zard et doublure en veau bordeaux lisse Fermeture top magn\u00e9tique et liens de resserrage.Cha\u00eene grains de caf\u00e9 en laiton finition or et bandouli\u00e8re amovible en tressage fa\u00e7on grains de caf\u00e9\u00a0Poche plaqu\u00e9e Style : Il se porte \u00e0 la main gr\u00e2ce \u00e0 sa cha\u00eene \u00e0 maillons grains de caf\u00e9 ou \u00e0 l\u2019\u00e9paule [&hellip;]<\/p>\n","protected":false},"featured_media":699256,"comment_status":"open","ping_status":"closed","template":"","meta":[],"product_brand":[],"product_cat":[1756,1762],"product_tag":[2244],"acf":[],"_links":{"self":[{"href":"https:\/\/streetmarkets.fr\/app\/wp-json\/wp\/v2\/product\/699255"}],"collection":[{"href":"https:\/\/streetmarkets.fr\/app\/wp-json\/wp\/v2\/product"}],"about":[{"href":"https:\/\/streetmarkets.fr\/app\/wp-json\/wp\/v2\/types\/product"}],"replies":[{"embeddable":true,"href":"https:\/\/streetmarkets.fr\/app\/wp-json\/wp\/v2\/comments?post=699255"}],"wp:featuredmedia":[{"embeddable":true,"href":"https:\/\/streetmarkets.fr\/app\/wp-json\/wp\/v2\/media\/699256"}],"wp:attachment":[{"href":"https:\/\/streetmarkets.fr\/app\/wp-json\/wp\/v2\/media?parent=699255"}],"wp:term":[{"taxonomy":"product_brand","embeddable":true,"href":"https:\/\/streetmarkets.fr\/app\/wp-json\/wp\/v2\/product_brand?post=699255"},{"taxonomy":"product_cat","embeddable":true,"href":"https:\/\/streetmarkets.fr\/app\/wp-json\/wp\/v2\/product_cat?post=699255"},{"taxonomy":"product_tag","embeddable":true,"href":"https:\/\/streetmarkets.fr\/app\/wp-json\/wp\/v2\/product_tag?post=699255"}],"curies":[{"name":"wp","href":"https:\/\/api.w.org\/{rel}","templated":true}]}}