{"id":699250,"date":"2024-10-15T10:21:39","date_gmt":"2024-10-15T08:21:39","guid":{"rendered":"https:\/\/streetmarkets.fr\/app\/produit\/body-coline-red-panther-lingerie-la-nouvelle\/"},"modified":"2026-05-05T08:36:37","modified_gmt":"2026-05-05T06:36:37","slug":"body-coline-red-panther-lingerie-la-nouvelle","status":"publish","type":"product","link":"https:\/\/streetmarkets.fr\/app\/produit\/body-coline-red-panther-lingerie-la-nouvelle\/","title":{"rendered":"Body Coline Red panther &#8211; Lingerie La Nouvelle"},"content":{"rendered":"<p>Ravissant body mod\u00e8le Coline rouge de la marque\u00a0Lingerie La Nouvelle\u00a0<\/p>\n<p>Un col V et un dos nu profond, bretelles en lurex de couleur ros\u00e9, r\u00e9glables et crois\u00e9es dans le dos. Couture milieu dos.<\/p>\n<p>Bonnets en forme triangle avec fronces pour souligner le volume naturel de la poitrine.\u00a0Elastique sous poitrine pour assurer maintien et confort.<\/p>\n<p><strong>Guide des tailles<\/strong> :<\/p>\n<p>&#8211; taille 1 correspond \u00e0 un 36<\/p>\n<p>&#8211; taille 2 \u00e0 un 38<\/p>\n<p><\/p>\n<p>Retrouvez sur notre eshop une s\u00e9lection des plus belles cr\u00e9ations lingerie de la nouvelle collection <a href=\"https:\/\/www.joee.fr\/concept-store-la-nouvelle-paris\" target=\"_blank\" rel=\"noopener\">La Nouvelle.<\/a><\/p>\n<p><\/p>\n","protected":false},"excerpt":{"rendered":"<p>Ravissant body mod\u00e8le Coline rouge de la marque\u00a0Lingerie La Nouvelle\u00a0 Un col V et un dos nu profond, bretelles en lurex de couleur ros\u00e9, r\u00e9glables et crois\u00e9es dans le dos. Couture milieu dos. Bonnets en forme triangle avec fronces pour souligner le volume naturel de la poitrine.\u00a0Elastique sous poitrine pour assurer maintien et confort. Guide [&hellip;]<\/p>\n","protected":false},"featured_media":699251,"comment_status":"open","ping_status":"closed","template":"","meta":[],"product_brand":[],"product_cat":[1756,1762],"product_tag":[2244],"acf":[],"_links":{"self":[{"href":"https:\/\/streetmarkets.fr\/app\/wp-json\/wp\/v2\/product\/699250"}],"collection":[{"href":"https:\/\/streetmarkets.fr\/app\/wp-json\/wp\/v2\/product"}],"about":[{"href":"https:\/\/streetmarkets.fr\/app\/wp-json\/wp\/v2\/types\/product"}],"replies":[{"embeddable":true,"href":"https:\/\/streetmarkets.fr\/app\/wp-json\/wp\/v2\/comments?post=699250"}],"wp:featuredmedia":[{"embeddable":true,"href":"https:\/\/streetmarkets.fr\/app\/wp-json\/wp\/v2\/media\/699251"}],"wp:attachment":[{"href":"https:\/\/streetmarkets.fr\/app\/wp-json\/wp\/v2\/media?parent=699250"}],"wp:term":[{"taxonomy":"product_brand","embeddable":true,"href":"https:\/\/streetmarkets.fr\/app\/wp-json\/wp\/v2\/product_brand?post=699250"},{"taxonomy":"product_cat","embeddable":true,"href":"https:\/\/streetmarkets.fr\/app\/wp-json\/wp\/v2\/product_cat?post=699250"},{"taxonomy":"product_tag","embeddable":true,"href":"https:\/\/streetmarkets.fr\/app\/wp-json\/wp\/v2\/product_tag?post=699250"}],"curies":[{"name":"wp","href":"https:\/\/api.w.org\/{rel}","templated":true}]}}