{"id":699228,"date":"2024-10-15T10:20:54","date_gmt":"2024-10-15T08:20:54","guid":{"rendered":"https:\/\/streetmarkets.fr\/app\/produit\/paire-de-boucles-iris-violette-perrine-taverniti\/"},"modified":"2026-05-05T08:36:37","modified_gmt":"2026-05-05T06:36:37","slug":"paire-de-boucles-iris-violette-perrine-taverniti","status":"publish","type":"product","link":"https:\/\/streetmarkets.fr\/app\/produit\/paire-de-boucles-iris-violette-perrine-taverniti\/","title":{"rendered":"Paire de boucles Iris violette &#8211; Perrine Taverniti"},"content":{"rendered":"<p><strong>NOUVEAUT\u00c9 !\u00a0<\/strong><\/p>\n<p><strong>. Composition<\/strong> : Elle est compos\u00e9 de maillons plaqu\u00e9 or et de cordon violet\u00a0en polyester.\u00a0<br \/>Longueur : +\/-10 cm\u00a0<\/p>\n<p data-mce-fragment=\"1\"><strong data-mce-fragment=\"1\">.\u00a0<\/strong><span data-mce-fragment=\"1\">laiton plaqu\u00e9 or 24 carats avec patine afin d&#8217;obtenir un aspect vintage.\u00a0<\/span><br data-mce-fragment=\"1\"><strong data-mce-fragment=\"1\"><\/strong><\/p>\n<p data-mce-fragment=\"1\"><strong data-mce-fragment=\"1\">. Entretien : <\/strong><span data-mce-fragment=\"1\">\u00c9vitez l&#8217;eau. Les bijoux peuvent \u00eatre nettoy\u00e9s \u00e0 l&#8217;aide d&#8217;un chiffon doux.\u00a0<\/span><\/p>\n<p data-mce-fragment=\"1\"><span data-mce-fragment=\"1\">Cr\u00e9atrice fran\u00e7aise, les bijoux sont dessin\u00e9s et\u00a0fabriqu\u00e9s \u00e0 Paris.<\/span><\/p>\n","protected":false},"excerpt":{"rendered":"<p>NOUVEAUT\u00c9 !\u00a0 . Composition : Elle est compos\u00e9 de maillons plaqu\u00e9 or et de cordon violet\u00a0en polyester.\u00a0Longueur : +\/-10 cm\u00a0 .\u00a0laiton plaqu\u00e9 or 24 carats avec patine afin d&#8217;obtenir un aspect vintage.\u00a0 . Entretien : \u00c9vitez l&#8217;eau. Les bijoux peuvent \u00eatre nettoy\u00e9s \u00e0 l&#8217;aide d&#8217;un chiffon doux.\u00a0 Cr\u00e9atrice fran\u00e7aise, les bijoux sont dessin\u00e9s et\u00a0fabriqu\u00e9s \u00e0 [&hellip;]<\/p>\n","protected":false},"featured_media":699229,"comment_status":"open","ping_status":"closed","template":"","meta":[],"product_brand":[],"product_cat":[1807,1756],"product_tag":[2244],"acf":[],"_links":{"self":[{"href":"https:\/\/streetmarkets.fr\/app\/wp-json\/wp\/v2\/product\/699228"}],"collection":[{"href":"https:\/\/streetmarkets.fr\/app\/wp-json\/wp\/v2\/product"}],"about":[{"href":"https:\/\/streetmarkets.fr\/app\/wp-json\/wp\/v2\/types\/product"}],"replies":[{"embeddable":true,"href":"https:\/\/streetmarkets.fr\/app\/wp-json\/wp\/v2\/comments?post=699228"}],"wp:featuredmedia":[{"embeddable":true,"href":"https:\/\/streetmarkets.fr\/app\/wp-json\/wp\/v2\/media\/699229"}],"wp:attachment":[{"href":"https:\/\/streetmarkets.fr\/app\/wp-json\/wp\/v2\/media?parent=699228"}],"wp:term":[{"taxonomy":"product_brand","embeddable":true,"href":"https:\/\/streetmarkets.fr\/app\/wp-json\/wp\/v2\/product_brand?post=699228"},{"taxonomy":"product_cat","embeddable":true,"href":"https:\/\/streetmarkets.fr\/app\/wp-json\/wp\/v2\/product_cat?post=699228"},{"taxonomy":"product_tag","embeddable":true,"href":"https:\/\/streetmarkets.fr\/app\/wp-json\/wp\/v2\/product_tag?post=699228"}],"curies":[{"name":"wp","href":"https:\/\/api.w.org\/{rel}","templated":true}]}}