{"id":699148,"date":"2024-10-15T10:20:50","date_gmt":"2024-10-15T08:20:50","guid":{"rendered":"https:\/\/streetmarkets.fr\/app\/produit\/pochette-brodee-via-pondichery\/"},"modified":"2026-05-03T08:36:52","modified_gmt":"2026-05-03T06:36:52","slug":"pochette-brodee-via-pondichery","status":"publish","type":"product","link":"https:\/\/streetmarkets.fr\/app\/produit\/pochette-brodee-via-pondichery\/","title":{"rendered":"Pochette brod\u00e9e &#8211; Via Pondichery"},"content":{"rendered":"<p>Pochette brod\u00e9e \u00e0 la main avec sequins et perles dans les coloris rose, fushia. <br \/>Dimensions de la pochette : 21,5 cm x 17 cm<\/p>\n","protected":false},"excerpt":{"rendered":"<p>Pochette brod\u00e9e \u00e0 la main avec sequins et perles dans les coloris rose, fushia. Dimensions de la pochette : 21,5 cm x 17 cm<\/p>\n","protected":false},"featured_media":699149,"comment_status":"open","ping_status":"closed","template":"","meta":[],"product_brand":[],"product_cat":[1756,1764],"product_tag":[2244],"acf":[],"_links":{"self":[{"href":"https:\/\/streetmarkets.fr\/app\/wp-json\/wp\/v2\/product\/699148"}],"collection":[{"href":"https:\/\/streetmarkets.fr\/app\/wp-json\/wp\/v2\/product"}],"about":[{"href":"https:\/\/streetmarkets.fr\/app\/wp-json\/wp\/v2\/types\/product"}],"replies":[{"embeddable":true,"href":"https:\/\/streetmarkets.fr\/app\/wp-json\/wp\/v2\/comments?post=699148"}],"wp:featuredmedia":[{"embeddable":true,"href":"https:\/\/streetmarkets.fr\/app\/wp-json\/wp\/v2\/media\/699149"}],"wp:attachment":[{"href":"https:\/\/streetmarkets.fr\/app\/wp-json\/wp\/v2\/media?parent=699148"}],"wp:term":[{"taxonomy":"product_brand","embeddable":true,"href":"https:\/\/streetmarkets.fr\/app\/wp-json\/wp\/v2\/product_brand?post=699148"},{"taxonomy":"product_cat","embeddable":true,"href":"https:\/\/streetmarkets.fr\/app\/wp-json\/wp\/v2\/product_cat?post=699148"},{"taxonomy":"product_tag","embeddable":true,"href":"https:\/\/streetmarkets.fr\/app\/wp-json\/wp\/v2\/product_tag?post=699148"}],"curies":[{"name":"wp","href":"https:\/\/api.w.org\/{rel}","templated":true}]}}