{"id":699140,"date":"2024-10-15T10:20:50","date_gmt":"2024-10-15T08:20:50","guid":{"rendered":"https:\/\/streetmarkets.fr\/app\/produit\/beauville-black-marie-martens\/"},"modified":"2026-05-10T08:36:34","modified_gmt":"2026-05-10T06:36:34","slug":"beauville-black-marie-martens","status":"publish","type":"product","link":"https:\/\/streetmarkets.fr\/app\/produit\/beauville-black-marie-martens\/","title":{"rendered":"Beauville black &#8211; Marie Martens"},"content":{"rendered":"<div>\n<div>\n<p>Ce sac peut se porter de diff\u00e9rentes fa\u00e7ons gr\u00e2ce \u00e0 sa bandouli\u00e8re ajustable.<\/p>\n<div><span style=\"background-color: transparent\">&#8211; 100% cuir de vachette ( Italie), fermeture zipp\u00e9e + fermeture par pression plate aimant\u00e9e. Doublure 100% coton. Un compartiment zipp\u00e9 et 2 poches interieures plaqu\u00e9es. <\/span><\/div>\n<\/div>\n<p>Sac fabriqu\u00e9 en France<\/p>\n<p>&#8211; 100% full grain \/ bovine leather Italy, Zipper closure + snap closure<\/p>\n<\/div>\n<p>Retrouvez sur notre eshop une s\u00e9lection des plus belles cr\u00e9ations de sacs de la nouvelle collection de <a href=\"https:\/\/www.joee.fr\/concept-store-marie-martens-paris\" target=\"_blank\" rel=\"noopener\">Marie Martens.<\/a><\/p>\n","protected":false},"excerpt":{"rendered":"<p>Ce sac peut se porter de diff\u00e9rentes fa\u00e7ons gr\u00e2ce \u00e0 sa bandouli\u00e8re ajustable. &#8211; 100% cuir de vachette ( Italie), fermeture zipp\u00e9e + fermeture par pression plate aimant\u00e9e. Doublure 100% coton. Un compartiment zipp\u00e9 et 2 poches interieures plaqu\u00e9es. Sac fabriqu\u00e9 en France &#8211; 100% full grain \/ bovine leather Italy, Zipper closure + snap [&hellip;]<\/p>\n","protected":false},"featured_media":699141,"comment_status":"open","ping_status":"closed","template":"","meta":[],"product_brand":[],"product_cat":[1756,1764],"product_tag":[2244],"acf":[],"_links":{"self":[{"href":"https:\/\/streetmarkets.fr\/app\/wp-json\/wp\/v2\/product\/699140"}],"collection":[{"href":"https:\/\/streetmarkets.fr\/app\/wp-json\/wp\/v2\/product"}],"about":[{"href":"https:\/\/streetmarkets.fr\/app\/wp-json\/wp\/v2\/types\/product"}],"replies":[{"embeddable":true,"href":"https:\/\/streetmarkets.fr\/app\/wp-json\/wp\/v2\/comments?post=699140"}],"wp:featuredmedia":[{"embeddable":true,"href":"https:\/\/streetmarkets.fr\/app\/wp-json\/wp\/v2\/media\/699141"}],"wp:attachment":[{"href":"https:\/\/streetmarkets.fr\/app\/wp-json\/wp\/v2\/media?parent=699140"}],"wp:term":[{"taxonomy":"product_brand","embeddable":true,"href":"https:\/\/streetmarkets.fr\/app\/wp-json\/wp\/v2\/product_brand?post=699140"},{"taxonomy":"product_cat","embeddable":true,"href":"https:\/\/streetmarkets.fr\/app\/wp-json\/wp\/v2\/product_cat?post=699140"},{"taxonomy":"product_tag","embeddable":true,"href":"https:\/\/streetmarkets.fr\/app\/wp-json\/wp\/v2\/product_tag?post=699140"}],"curies":[{"name":"wp","href":"https:\/\/api.w.org\/{rel}","templated":true}]}}