{"id":699135,"date":"2024-10-15T10:20:49","date_gmt":"2024-10-15T08:20:49","guid":{"rendered":"https:\/\/streetmarkets.fr\/app\/produit\/tokyo-black-croco-marie-martens\/"},"modified":"2026-05-08T08:36:38","modified_gmt":"2026-05-08T06:36:38","slug":"tokyo-black-croco-marie-martens","status":"publish","type":"product","link":"https:\/\/streetmarkets.fr\/app\/produit\/tokyo-black-croco-marie-martens\/","title":{"rendered":"Tokyo black croco &#8211; Marie Martens"},"content":{"rendered":"<div>\n<p>Sac cabas noir effet croco<\/p>\n<p>100% cuir de vachette emboss\u00e9 ( face avant et poche arri\u00e8re). 100% cuir suede ( c\u00f4t\u00e9s), 100% cuir de vachette grain\u00e9 ( face arri\u00e8re). Fermeture aimant\u00e9e, coublure 100% coton, Une poche int\u00e9rieure plaqu\u00e9e.<\/p>\n<div>Fabrication fran\u00e7aise<\/div>\n<div>\n<div>Tote bag black croco,100% embossed bovine leather from Italy (Front Side &amp; Back Pocket). 100% suede bovine leather (Sides), 100% grained textured bovine leather ( back side)<\/div>\n<\/div>\n<\/div>\n<p>Bag made in France<\/p>\n<p>Retrouvez sur notre eshop une s\u00e9lection des plus belles cr\u00e9ations de sacs de la nouvelle collection de <a href=\"https:\/\/www.joee.fr\/concept-store-marie-martens-paris\" target=\"_blank\" rel=\"noopener\">Marie Martens.<\/a><\/p>\n<p><\/p>\n","protected":false},"excerpt":{"rendered":"<p>Sac cabas noir effet croco 100% cuir de vachette emboss\u00e9 ( face avant et poche arri\u00e8re). 100% cuir suede ( c\u00f4t\u00e9s), 100% cuir de vachette grain\u00e9 ( face arri\u00e8re). Fermeture aimant\u00e9e, coublure 100% coton, Une poche int\u00e9rieure plaqu\u00e9e. Fabrication fran\u00e7aise Tote bag black croco,100% embossed bovine leather from Italy (Front Side &amp; Back Pocket). 100% [&hellip;]<\/p>\n","protected":false},"featured_media":699136,"comment_status":"open","ping_status":"closed","template":"","meta":[],"product_brand":[],"product_cat":[1756,1764],"product_tag":[2244],"acf":[],"_links":{"self":[{"href":"https:\/\/streetmarkets.fr\/app\/wp-json\/wp\/v2\/product\/699135"}],"collection":[{"href":"https:\/\/streetmarkets.fr\/app\/wp-json\/wp\/v2\/product"}],"about":[{"href":"https:\/\/streetmarkets.fr\/app\/wp-json\/wp\/v2\/types\/product"}],"replies":[{"embeddable":true,"href":"https:\/\/streetmarkets.fr\/app\/wp-json\/wp\/v2\/comments?post=699135"}],"wp:featuredmedia":[{"embeddable":true,"href":"https:\/\/streetmarkets.fr\/app\/wp-json\/wp\/v2\/media\/699136"}],"wp:attachment":[{"href":"https:\/\/streetmarkets.fr\/app\/wp-json\/wp\/v2\/media?parent=699135"}],"wp:term":[{"taxonomy":"product_brand","embeddable":true,"href":"https:\/\/streetmarkets.fr\/app\/wp-json\/wp\/v2\/product_brand?post=699135"},{"taxonomy":"product_cat","embeddable":true,"href":"https:\/\/streetmarkets.fr\/app\/wp-json\/wp\/v2\/product_cat?post=699135"},{"taxonomy":"product_tag","embeddable":true,"href":"https:\/\/streetmarkets.fr\/app\/wp-json\/wp\/v2\/product_tag?post=699135"}],"curies":[{"name":"wp","href":"https:\/\/api.w.org\/{rel}","templated":true}]}}