{"id":699129,"date":"2024-10-15T10:20:49","date_gmt":"2024-10-15T08:20:49","guid":{"rendered":"https:\/\/streetmarkets.fr\/app\/produit\/sac-n1-petit-bleu-archipel-paris\/"},"modified":"2026-05-10T08:36:34","modified_gmt":"2026-05-10T06:36:34","slug":"sac-n1-petit-bleu-archipel-paris","status":"publish","type":"product","link":"https:\/\/streetmarkets.fr\/app\/produit\/sac-n1-petit-bleu-archipel-paris\/","title":{"rendered":"Sac n\u00b01 petit bleu &#8211; Archipel Paris"},"content":{"rendered":"<p>Sac en cuir v\u00e9g\u00e9tal sans couture.<\/p>\n<p>Belles finitions avec boucles en laiton de qualit\u00e9.<\/p>\n<p>Anse r\u00e9glable \u00e0 l&#8217;int\u00e9rieur du sacId\u00e9al pour vos soir\u00e9es, il conf\u00e8re \u00e9l\u00e9gance \u00e0 vos tenues.<\/p>\n<p><\/p>\n","protected":false},"excerpt":{"rendered":"<p>Sac en cuir v\u00e9g\u00e9tal sans couture. Belles finitions avec boucles en laiton de qualit\u00e9. Anse r\u00e9glable \u00e0 l&#8217;int\u00e9rieur du sacId\u00e9al pour vos soir\u00e9es, il conf\u00e8re \u00e9l\u00e9gance \u00e0 vos tenues.<\/p>\n","protected":false},"featured_media":699130,"comment_status":"open","ping_status":"closed","template":"","meta":[],"product_brand":[],"product_cat":[1756,1764],"product_tag":[2244],"acf":[],"_links":{"self":[{"href":"https:\/\/streetmarkets.fr\/app\/wp-json\/wp\/v2\/product\/699129"}],"collection":[{"href":"https:\/\/streetmarkets.fr\/app\/wp-json\/wp\/v2\/product"}],"about":[{"href":"https:\/\/streetmarkets.fr\/app\/wp-json\/wp\/v2\/types\/product"}],"replies":[{"embeddable":true,"href":"https:\/\/streetmarkets.fr\/app\/wp-json\/wp\/v2\/comments?post=699129"}],"wp:featuredmedia":[{"embeddable":true,"href":"https:\/\/streetmarkets.fr\/app\/wp-json\/wp\/v2\/media\/699130"}],"wp:attachment":[{"href":"https:\/\/streetmarkets.fr\/app\/wp-json\/wp\/v2\/media?parent=699129"}],"wp:term":[{"taxonomy":"product_brand","embeddable":true,"href":"https:\/\/streetmarkets.fr\/app\/wp-json\/wp\/v2\/product_brand?post=699129"},{"taxonomy":"product_cat","embeddable":true,"href":"https:\/\/streetmarkets.fr\/app\/wp-json\/wp\/v2\/product_cat?post=699129"},{"taxonomy":"product_tag","embeddable":true,"href":"https:\/\/streetmarkets.fr\/app\/wp-json\/wp\/v2\/product_tag?post=699129"}],"curies":[{"name":"wp","href":"https:\/\/api.w.org\/{rel}","templated":true}]}}