{"id":699112,"date":"2024-10-15T10:20:48","date_gmt":"2024-10-15T08:20:48","guid":{"rendered":"https:\/\/streetmarkets.fr\/app\/produit\/mini-bag-wild-dots\/"},"modified":"2026-04-12T08:36:53","modified_gmt":"2026-04-12T06:36:53","slug":"mini-bag-wild-dots","status":"publish","type":"product","link":"https:\/\/streetmarkets.fr\/app\/produit\/mini-bag-wild-dots\/","title":{"rendered":"Mini bag Wild dots"},"content":{"rendered":"<p>Minaudi\u00e8re enti\u00e8rement brod\u00e9e et perl\u00e9e \u00e0 la main. <br \/>Chaine amovible en or pale, \u00e9paule cuir agneau. <br \/>Motif perles japonaises \u201cWilddots\u201d multicolore, broderie fond fil m\u00e9tal. <br \/>Doublure int\u00e9rieure coton noir. <br \/>Dimensions : 15x12x5cm<\/p>\n<p>creation artisanale r\u00e9alis\u00e9e en Inde, dans un atelier \u00e9thique au savoir faire incomparable. <\/p>\n","protected":false},"excerpt":{"rendered":"<p>Minaudi\u00e8re enti\u00e8rement brod\u00e9e et perl\u00e9e \u00e0 la main. Chaine amovible en or pale, \u00e9paule cuir agneau. Motif perles japonaises \u201cWilddots\u201d multicolore, broderie fond fil m\u00e9tal. Doublure int\u00e9rieure coton noir. Dimensions : 15x12x5cm creation artisanale r\u00e9alis\u00e9e en Inde, dans un atelier \u00e9thique au savoir faire incomparable.<\/p>\n","protected":false},"featured_media":699113,"comment_status":"open","ping_status":"closed","template":"","meta":[],"product_brand":[],"product_cat":[1756,1764],"product_tag":[2244],"acf":[],"_links":{"self":[{"href":"https:\/\/streetmarkets.fr\/app\/wp-json\/wp\/v2\/product\/699112"}],"collection":[{"href":"https:\/\/streetmarkets.fr\/app\/wp-json\/wp\/v2\/product"}],"about":[{"href":"https:\/\/streetmarkets.fr\/app\/wp-json\/wp\/v2\/types\/product"}],"replies":[{"embeddable":true,"href":"https:\/\/streetmarkets.fr\/app\/wp-json\/wp\/v2\/comments?post=699112"}],"wp:featuredmedia":[{"embeddable":true,"href":"https:\/\/streetmarkets.fr\/app\/wp-json\/wp\/v2\/media\/699113"}],"wp:attachment":[{"href":"https:\/\/streetmarkets.fr\/app\/wp-json\/wp\/v2\/media?parent=699112"}],"wp:term":[{"taxonomy":"product_brand","embeddable":true,"href":"https:\/\/streetmarkets.fr\/app\/wp-json\/wp\/v2\/product_brand?post=699112"},{"taxonomy":"product_cat","embeddable":true,"href":"https:\/\/streetmarkets.fr\/app\/wp-json\/wp\/v2\/product_cat?post=699112"},{"taxonomy":"product_tag","embeddable":true,"href":"https:\/\/streetmarkets.fr\/app\/wp-json\/wp\/v2\/product_tag?post=699112"}],"curies":[{"name":"wp","href":"https:\/\/api.w.org\/{rel}","templated":true}]}}