{"id":692148,"date":"2024-10-14T15:42:20","date_gmt":"2024-10-14T13:42:20","guid":{"rendered":"https:\/\/streetmarkets.fr\/app\/produit\/pull-col-rond-h24-homme-gris-chine-fonce-100-laine-merinos-rws\/"},"modified":"2025-02-04T01:06:53","modified_gmt":"2025-02-04T00:06:53","slug":"pull-col-rond-h24-homme-gris-chine-fonce-100-laine-merinos-rws","status":"publish","type":"product","link":"https:\/\/streetmarkets.fr\/app\/produit\/pull-col-rond-h24-homme-gris-chine-fonce-100-laine-merinos-rws\/","title":{"rendered":"Pull Col Rond (H24 \/ HOMME \/ Gris Chin\u00e9 Fonc\u00e9 \/ 100% Laine M\u00e9rinos RWS)"},"content":{"rendered":"<p>Optez pour l&#8217;\u00e9l\u00e9gance intemporelle avec ce pull confectionn\u00e9 en 100% laine m\u00e9rinos certifi\u00e9e RWS (Responsible Wool Standard). Muni d&#8217;un col rond, de manches longues et de bords c\u00f4tel\u00e9s, il se pare de rayures contrast\u00e9es pour twister votre vestiaire FROM FUTURE.<\/p>\n<p>&#8211; Pull en laine m\u00e9rinos Homme<br \/>\n<br \/>&#8211; Rayures contrast\u00e9es<br \/>\n<br \/>&#8211; Col rond<br \/>\n<br \/>&#8211; Manches longues<br \/>\n<br \/>&#8211; Bords c\u00f4tel\u00e9s<br \/>\n<br \/>&#8211; Coupe regular<br \/>\n<br \/>&#8211; Laine m\u00e9rinos : respirante et thermor\u00e9gulatrice, elle peut \u00eatre port\u00e9e \u00e9t\u00e9 comme hiver<\/p>\n","protected":false},"excerpt":{"rendered":"<p>Optez pour l&#8217;\u00e9l\u00e9gance intemporelle avec ce pull confectionn\u00e9 en 100% laine m\u00e9rinos certifi\u00e9e RWS (Responsible Wool Standard). Muni d&#8217;un col rond, de manches longues et de bords c\u00f4tel\u00e9s, il se pare de rayures contrast\u00e9es pour twister votre vestiaire FROM FUTURE. &#8211; Pull en laine m\u00e9rinos Homme &#8211; Rayures contrast\u00e9es &#8211; Col rond &#8211; Manches longues [&hellip;]<\/p>\n","protected":false},"featured_media":692149,"comment_status":"open","ping_status":"closed","template":"","meta":[],"product_brand":[6868],"product_cat":[1756,1758],"product_tag":[2244],"acf":[],"_links":{"self":[{"href":"https:\/\/streetmarkets.fr\/app\/wp-json\/wp\/v2\/product\/692148"}],"collection":[{"href":"https:\/\/streetmarkets.fr\/app\/wp-json\/wp\/v2\/product"}],"about":[{"href":"https:\/\/streetmarkets.fr\/app\/wp-json\/wp\/v2\/types\/product"}],"replies":[{"embeddable":true,"href":"https:\/\/streetmarkets.fr\/app\/wp-json\/wp\/v2\/comments?post=692148"}],"wp:featuredmedia":[{"embeddable":true,"href":"https:\/\/streetmarkets.fr\/app\/wp-json\/wp\/v2\/media\/692149"}],"wp:attachment":[{"href":"https:\/\/streetmarkets.fr\/app\/wp-json\/wp\/v2\/media?parent=692148"}],"wp:term":[{"taxonomy":"product_brand","embeddable":true,"href":"https:\/\/streetmarkets.fr\/app\/wp-json\/wp\/v2\/product_brand?post=692148"},{"taxonomy":"product_cat","embeddable":true,"href":"https:\/\/streetmarkets.fr\/app\/wp-json\/wp\/v2\/product_cat?post=692148"},{"taxonomy":"product_tag","embeddable":true,"href":"https:\/\/streetmarkets.fr\/app\/wp-json\/wp\/v2\/product_tag?post=692148"}],"curies":[{"name":"wp","href":"https:\/\/api.w.org\/{rel}","templated":true}]}}