{"id":692113,"date":"2024-10-14T15:42:19","date_gmt":"2024-10-14T13:42:19","guid":{"rendered":"https:\/\/streetmarkets.fr\/app\/produit\/pull-col-polo-h24-femme-sable-100-laine-merinos-rws\/"},"modified":"2025-02-08T01:05:21","modified_gmt":"2025-02-08T00:05:21","slug":"pull-col-polo-h24-femme-sable-100-laine-merinos-rws","status":"publish","type":"product","link":"https:\/\/streetmarkets.fr\/app\/produit\/pull-col-polo-h24-femme-sable-100-laine-merinos-rws\/","title":{"rendered":"Pull Col Polo (H24 \/ FEMME \/ Sable \/ 100% Laine M\u00e9rinos RWS)"},"content":{"rendered":"<p>Ce pull c\u00f4tel\u00e9, confectionn\u00e9 en laine m\u00e9rinos certifi\u00e9e RWS (Responsible Wool Standard), d\u00e9voile un col polo, orn\u00e9 d&#8217;une fermeture dor\u00e9e, et des manches longues. \u00c0 porter comme une seconde peau, compl\u00e9tez votre look de saison avec un pantalon d\u00e9contract\u00e9 ou un jean structur\u00e9.<\/p>\n<p>&#8211; Pull en laine m\u00e9rinos Femme<br \/>\n<br \/>&#8211; C\u00f4tel\u00e9<br \/>\n<br \/>&#8211; Col polo<br \/>\n<br \/>&#8211; Fermeture dor\u00e9e<br \/>\n<br \/>&#8211; Manches longues<br \/>\n<br \/>&#8211; Coupe slim<br \/>\n<br \/>&#8211; Laine m\u00e9rinos : respirante et thermor\u00e9gulatrice, elle peut \u00eatre port\u00e9e \u00e9t\u00e9 comme hiver<\/p>\n","protected":false},"excerpt":{"rendered":"<p>Ce pull c\u00f4tel\u00e9, confectionn\u00e9 en laine m\u00e9rinos certifi\u00e9e RWS (Responsible Wool Standard), d\u00e9voile un col polo, orn\u00e9 d&#8217;une fermeture dor\u00e9e, et des manches longues. \u00c0 porter comme une seconde peau, compl\u00e9tez votre look de saison avec un pantalon d\u00e9contract\u00e9 ou un jean structur\u00e9. &#8211; Pull en laine m\u00e9rinos Femme &#8211; C\u00f4tel\u00e9 &#8211; Col polo &#8211; [&hellip;]<\/p>\n","protected":false},"featured_media":692114,"comment_status":"open","ping_status":"closed","template":"","meta":[],"product_brand":[6868],"product_cat":[1756,1762],"product_tag":[2244],"acf":[],"_links":{"self":[{"href":"https:\/\/streetmarkets.fr\/app\/wp-json\/wp\/v2\/product\/692113"}],"collection":[{"href":"https:\/\/streetmarkets.fr\/app\/wp-json\/wp\/v2\/product"}],"about":[{"href":"https:\/\/streetmarkets.fr\/app\/wp-json\/wp\/v2\/types\/product"}],"replies":[{"embeddable":true,"href":"https:\/\/streetmarkets.fr\/app\/wp-json\/wp\/v2\/comments?post=692113"}],"wp:featuredmedia":[{"embeddable":true,"href":"https:\/\/streetmarkets.fr\/app\/wp-json\/wp\/v2\/media\/692114"}],"wp:attachment":[{"href":"https:\/\/streetmarkets.fr\/app\/wp-json\/wp\/v2\/media?parent=692113"}],"wp:term":[{"taxonomy":"product_brand","embeddable":true,"href":"https:\/\/streetmarkets.fr\/app\/wp-json\/wp\/v2\/product_brand?post=692113"},{"taxonomy":"product_cat","embeddable":true,"href":"https:\/\/streetmarkets.fr\/app\/wp-json\/wp\/v2\/product_cat?post=692113"},{"taxonomy":"product_tag","embeddable":true,"href":"https:\/\/streetmarkets.fr\/app\/wp-json\/wp\/v2\/product_tag?post=692113"}],"curies":[{"name":"wp","href":"https:\/\/api.w.org\/{rel}","templated":true}]}}