{"id":692107,"date":"2024-10-14T15:42:18","date_gmt":"2024-10-14T13:42:18","guid":{"rendered":"https:\/\/streetmarkets.fr\/app\/produit\/pull-col-roule-h24-femme-noir\/"},"modified":"2025-03-20T00:56:56","modified_gmt":"2025-03-19T23:56:56","slug":"pull-col-roule-h24-femme-noir","status":"publish","type":"product","link":"https:\/\/streetmarkets.fr\/app\/produit\/pull-col-roule-h24-femme-noir\/","title":{"rendered":"Pull Col Roul\u00e9 (H24 \/ FEMME \/ Noir)"},"content":{"rendered":"<p>Confectionn\u00e9 en laine m\u00e9rinos certifi\u00e9e RWS (Responsible Wool Standard), ce pull c\u00f4tel\u00e9 se porte comme une seconde peau. Des manches longues et un col roul\u00e9, orn\u00e9 d&#8217;une broderie signature FF, apporte une touche de sophistication \u00e0 votre silhouette. \u00c0 mixer selon vos envies, compl\u00e9tez votre look casual avec une jupe fluide ou un jean ample.<\/p>\n<p>&#8211; Pull en laine m\u00e9rinos Femme<br \/>\n<br \/>&#8211; C\u00f4tel\u00e9<br \/>\n<br \/>&#8211; Col roul\u00e9 \u00e0 broderie &#8220;FF&#8221;<br \/>\n<br \/>&#8211; Manches longues<br \/>\n<br \/>&#8211; Coupe slim<br \/>\n<br \/>&#8211; Laine m\u00e9rinos : respirante et thermor\u00e9gulatrice, elle peut \u00eatre port\u00e9e \u00e9t\u00e9 comme hiver<\/p>\n","protected":false},"excerpt":{"rendered":"<p>Confectionn\u00e9 en laine m\u00e9rinos certifi\u00e9e RWS (Responsible Wool Standard), ce pull c\u00f4tel\u00e9 se porte comme une seconde peau. Des manches longues et un col roul\u00e9, orn\u00e9 d&#8217;une broderie signature FF, apporte une touche de sophistication \u00e0 votre silhouette. \u00c0 mixer selon vos envies, compl\u00e9tez votre look casual avec une jupe fluide ou un jean ample. [&hellip;]<\/p>\n","protected":false},"featured_media":692108,"comment_status":"open","ping_status":"closed","template":"","meta":[],"product_brand":[6868],"product_cat":[1756,1762],"product_tag":[2244],"acf":[],"_links":{"self":[{"href":"https:\/\/streetmarkets.fr\/app\/wp-json\/wp\/v2\/product\/692107"}],"collection":[{"href":"https:\/\/streetmarkets.fr\/app\/wp-json\/wp\/v2\/product"}],"about":[{"href":"https:\/\/streetmarkets.fr\/app\/wp-json\/wp\/v2\/types\/product"}],"replies":[{"embeddable":true,"href":"https:\/\/streetmarkets.fr\/app\/wp-json\/wp\/v2\/comments?post=692107"}],"wp:featuredmedia":[{"embeddable":true,"href":"https:\/\/streetmarkets.fr\/app\/wp-json\/wp\/v2\/media\/692108"}],"wp:attachment":[{"href":"https:\/\/streetmarkets.fr\/app\/wp-json\/wp\/v2\/media?parent=692107"}],"wp:term":[{"taxonomy":"product_brand","embeddable":true,"href":"https:\/\/streetmarkets.fr\/app\/wp-json\/wp\/v2\/product_brand?post=692107"},{"taxonomy":"product_cat","embeddable":true,"href":"https:\/\/streetmarkets.fr\/app\/wp-json\/wp\/v2\/product_cat?post=692107"},{"taxonomy":"product_tag","embeddable":true,"href":"https:\/\/streetmarkets.fr\/app\/wp-json\/wp\/v2\/product_tag?post=692107"}],"curies":[{"name":"wp","href":"https:\/\/api.w.org\/{rel}","templated":true}]}}