{"id":692059,"date":"2024-10-14T15:42:16","date_gmt":"2024-10-14T13:42:16","guid":{"rendered":"https:\/\/streetmarkets.fr\/app\/produit\/robe-longue-bretelle-h24-femme-noir\/"},"modified":"2025-02-24T01:08:20","modified_gmt":"2025-02-24T00:08:20","slug":"robe-longue-bretelle-h24-femme-noir","status":"publish","type":"product","link":"https:\/\/streetmarkets.fr\/app\/produit\/robe-longue-bretelle-h24-femme-noir\/","title":{"rendered":"Robe Longue Bretelle (H24 \/ FEMME \/ Noir)"},"content":{"rendered":"<p>Confectionn\u00e9e en laine m\u00e9rinos certifi\u00e9e RWS (Responsible Wool Standard), cette robe longue et c\u00f4tel\u00e9e signe une silhouette audacieuse et sophistiqu\u00e9e. \u00c0 porter comme une seconde peau, son d\u00e9collet\u00e9 c\u0153ur et ses bretelles perl\u00e9es argent\u00e9es cr\u00e9ent un jeu de lumi\u00e8re subtil. Parfaites pour vos tenues de soir\u00e9es, associez-l\u00e0 \u00e0 une paire d\u2019escarpins et un sac. <\/p>\n<p>&#8211; Robe longue en laine m\u00e9rinos Femme<br \/>\n<br \/>&#8211; C\u00f4tel\u00e9e<br \/>\n<br \/>&#8211; Bretelles perles<br \/>\n<br \/>&#8211; D\u00e9collet\u00e9 c\u0153ur<br \/>\n<br \/>&#8211; Coupe slim<br \/>\n<br \/>&#8211; Laine m\u00e9rinos : respirante et thermor\u00e9gulatrice, elle peut \u00eatre port\u00e9e \u00e9t\u00e9 comme hiver<\/p>\n","protected":false},"excerpt":{"rendered":"<p>Confectionn\u00e9e en laine m\u00e9rinos certifi\u00e9e RWS (Responsible Wool Standard), cette robe longue et c\u00f4tel\u00e9e signe une silhouette audacieuse et sophistiqu\u00e9e. \u00c0 porter comme une seconde peau, son d\u00e9collet\u00e9 c\u0153ur et ses bretelles perl\u00e9es argent\u00e9es cr\u00e9ent un jeu de lumi\u00e8re subtil. Parfaites pour vos tenues de soir\u00e9es, associez-l\u00e0 \u00e0 une paire d\u2019escarpins et un sac. &#8211; [&hellip;]<\/p>\n","protected":false},"featured_media":692060,"comment_status":"open","ping_status":"closed","template":"","meta":[],"product_brand":[6868],"product_cat":[1756,1758],"product_tag":[2244],"acf":[],"_links":{"self":[{"href":"https:\/\/streetmarkets.fr\/app\/wp-json\/wp\/v2\/product\/692059"}],"collection":[{"href":"https:\/\/streetmarkets.fr\/app\/wp-json\/wp\/v2\/product"}],"about":[{"href":"https:\/\/streetmarkets.fr\/app\/wp-json\/wp\/v2\/types\/product"}],"replies":[{"embeddable":true,"href":"https:\/\/streetmarkets.fr\/app\/wp-json\/wp\/v2\/comments?post=692059"}],"wp:featuredmedia":[{"embeddable":true,"href":"https:\/\/streetmarkets.fr\/app\/wp-json\/wp\/v2\/media\/692060"}],"wp:attachment":[{"href":"https:\/\/streetmarkets.fr\/app\/wp-json\/wp\/v2\/media?parent=692059"}],"wp:term":[{"taxonomy":"product_brand","embeddable":true,"href":"https:\/\/streetmarkets.fr\/app\/wp-json\/wp\/v2\/product_brand?post=692059"},{"taxonomy":"product_cat","embeddable":true,"href":"https:\/\/streetmarkets.fr\/app\/wp-json\/wp\/v2\/product_cat?post=692059"},{"taxonomy":"product_tag","embeddable":true,"href":"https:\/\/streetmarkets.fr\/app\/wp-json\/wp\/v2\/product_tag?post=692059"}],"curies":[{"name":"wp","href":"https:\/\/api.w.org\/{rel}","templated":true}]}}