{"id":692027,"date":"2024-10-14T15:41:50","date_gmt":"2024-10-14T13:41:50","guid":{"rendered":"https:\/\/streetmarkets.fr\/app\/produit\/top-manches-longues-h24-femme-taupe-100-laine-merinos-rws\/"},"modified":"2025-02-12T01:35:12","modified_gmt":"2025-02-12T00:35:12","slug":"top-manches-longues-h24-femme-taupe-100-laine-merinos-rws","status":"publish","type":"product","link":"https:\/\/streetmarkets.fr\/app\/produit\/top-manches-longues-h24-femme-taupe-100-laine-merinos-rws\/","title":{"rendered":"Top Manches Longues (H24 \/ FEMME \/ Taupe \/ 100% Laine M\u00e9rinos RWS)"},"content":{"rendered":"<p>Confectionn\u00e9 en 100% laine m\u00e9rinos certifi\u00e9e RWS (Responsible Wool Standard), ce top c\u00f4tel\u00e9 d\u00e9voile un col rond et des manches longues raglan. Rehauss\u00e9 de d\u00e9licats boutons nacr\u00e9s, il incarne l&#8217;\u00e9l\u00e9gance intemporelle. Structurez votre silhouette en l&#8217;associant \u00e0 une jupe courte ou un pantalon de tailleur. <\/p>\n<p>&#8211; Top en laine m\u00e9rinos Femme<br \/>\n<br \/>&#8211; C\u00f4tel\u00e9<br \/>\n<br \/>&#8211; Boutons nacr\u00e9s<br \/>\n<br \/>&#8211; Col rond<br \/>\n<br \/>&#8211; Manches longues raglan<br \/>\n<br \/>&#8211; Coupe slim<br \/>\n<br \/>&#8211; Laine m\u00e9rinos : respirante et thermor\u00e9gulatrice, elle peut \u00eatre port\u00e9e \u00e9t\u00e9 comme hiver<\/p>\n","protected":false},"excerpt":{"rendered":"<p>Confectionn\u00e9 en 100% laine m\u00e9rinos certifi\u00e9e RWS (Responsible Wool Standard), ce top c\u00f4tel\u00e9 d\u00e9voile un col rond et des manches longues raglan. Rehauss\u00e9 de d\u00e9licats boutons nacr\u00e9s, il incarne l&#8217;\u00e9l\u00e9gance intemporelle. Structurez votre silhouette en l&#8217;associant \u00e0 une jupe courte ou un pantalon de tailleur. &#8211; Top en laine m\u00e9rinos Femme &#8211; C\u00f4tel\u00e9 &#8211; Boutons [&hellip;]<\/p>\n","protected":false},"featured_media":692028,"comment_status":"open","ping_status":"closed","template":"","meta":[],"product_brand":[6868],"product_cat":[1756,1762],"product_tag":[2244],"acf":[],"_links":{"self":[{"href":"https:\/\/streetmarkets.fr\/app\/wp-json\/wp\/v2\/product\/692027"}],"collection":[{"href":"https:\/\/streetmarkets.fr\/app\/wp-json\/wp\/v2\/product"}],"about":[{"href":"https:\/\/streetmarkets.fr\/app\/wp-json\/wp\/v2\/types\/product"}],"replies":[{"embeddable":true,"href":"https:\/\/streetmarkets.fr\/app\/wp-json\/wp\/v2\/comments?post=692027"}],"wp:featuredmedia":[{"embeddable":true,"href":"https:\/\/streetmarkets.fr\/app\/wp-json\/wp\/v2\/media\/692028"}],"wp:attachment":[{"href":"https:\/\/streetmarkets.fr\/app\/wp-json\/wp\/v2\/media?parent=692027"}],"wp:term":[{"taxonomy":"product_brand","embeddable":true,"href":"https:\/\/streetmarkets.fr\/app\/wp-json\/wp\/v2\/product_brand?post=692027"},{"taxonomy":"product_cat","embeddable":true,"href":"https:\/\/streetmarkets.fr\/app\/wp-json\/wp\/v2\/product_cat?post=692027"},{"taxonomy":"product_tag","embeddable":true,"href":"https:\/\/streetmarkets.fr\/app\/wp-json\/wp\/v2\/product_tag?post=692027"}],"curies":[{"name":"wp","href":"https:\/\/api.w.org\/{rel}","templated":true}]}}