{"id":692019,"date":"2024-10-14T15:41:50","date_gmt":"2024-10-14T13:41:50","guid":{"rendered":"https:\/\/streetmarkets.fr\/app\/produit\/top-manches-courtes-h24-femme-navy\/"},"modified":"2025-01-05T01:06:34","modified_gmt":"2025-01-05T00:06:34","slug":"top-manches-courtes-h24-femme-navy","status":"publish","type":"product","link":"https:\/\/streetmarkets.fr\/app\/produit\/top-manches-courtes-h24-femme-navy\/","title":{"rendered":"Top Manches Courtes (H24 \/ FEMME \/ Navy)"},"content":{"rendered":"<p>Confectionn\u00e9 en laine m\u00e9rinos certifi\u00e9e RWS (Responsible Wool Standard), ce top court et c\u00f4tel\u00e9 se porte comme une seconde peau. Orn\u00e9 d&#8217;une signature bijou &#8220;FF&#8221; dor\u00e9e \u00e0 l&#8217;avant et d&#8217;un jeu de contrastes sur les c\u00f4t\u00e9s, il d\u00e9voile un col rond et des manches courtes. Compl\u00e9tez votre look casual avec le pantalon coordonn\u00e9.<\/p>\n<p>&#8211; Top court en laine m\u00e9rinos Femme<br \/>\n<br \/>&#8211; C\u00f4tel\u00e9<br \/>\n<br \/>&#8211; Bijou dor\u00e9 &#8220;FF&#8221;<br \/>\n<br \/>&#8211; Col rond<br \/>\n<br \/>&#8211; Manches courtes<br \/>\n<br \/>&#8211; C\u00f4tes contrast\u00e9es<br \/>\n<br \/>&#8211; Coupe slim<br \/>\n<br \/>&#8211; Laine m\u00e9rinos : respirante et thermor\u00e9gulatrice, elle peut \u00eatre port\u00e9e \u00e9t\u00e9 comme hiver<\/p>\n","protected":false},"excerpt":{"rendered":"<p>Confectionn\u00e9 en laine m\u00e9rinos certifi\u00e9e RWS (Responsible Wool Standard), ce top court et c\u00f4tel\u00e9 se porte comme une seconde peau. Orn\u00e9 d&#8217;une signature bijou &#8220;FF&#8221; dor\u00e9e \u00e0 l&#8217;avant et d&#8217;un jeu de contrastes sur les c\u00f4t\u00e9s, il d\u00e9voile un col rond et des manches courtes. Compl\u00e9tez votre look casual avec le pantalon coordonn\u00e9. &#8211; Top [&hellip;]<\/p>\n","protected":false},"featured_media":692020,"comment_status":"open","ping_status":"closed","template":"","meta":[],"product_brand":[6868],"product_cat":[1756,1762],"product_tag":[2244],"acf":[],"_links":{"self":[{"href":"https:\/\/streetmarkets.fr\/app\/wp-json\/wp\/v2\/product\/692019"}],"collection":[{"href":"https:\/\/streetmarkets.fr\/app\/wp-json\/wp\/v2\/product"}],"about":[{"href":"https:\/\/streetmarkets.fr\/app\/wp-json\/wp\/v2\/types\/product"}],"replies":[{"embeddable":true,"href":"https:\/\/streetmarkets.fr\/app\/wp-json\/wp\/v2\/comments?post=692019"}],"wp:featuredmedia":[{"embeddable":true,"href":"https:\/\/streetmarkets.fr\/app\/wp-json\/wp\/v2\/media\/692020"}],"wp:attachment":[{"href":"https:\/\/streetmarkets.fr\/app\/wp-json\/wp\/v2\/media?parent=692019"}],"wp:term":[{"taxonomy":"product_brand","embeddable":true,"href":"https:\/\/streetmarkets.fr\/app\/wp-json\/wp\/v2\/product_brand?post=692019"},{"taxonomy":"product_cat","embeddable":true,"href":"https:\/\/streetmarkets.fr\/app\/wp-json\/wp\/v2\/product_cat?post=692019"},{"taxonomy":"product_tag","embeddable":true,"href":"https:\/\/streetmarkets.fr\/app\/wp-json\/wp\/v2\/product_tag?post=692019"}],"curies":[{"name":"wp","href":"https:\/\/api.w.org\/{rel}","templated":true}]}}