{"id":691998,"date":"2024-10-14T15:41:49","date_gmt":"2024-10-14T13:41:49","guid":{"rendered":"https:\/\/streetmarkets.fr\/app\/produit\/robe-courte-manche-longue-h24-femme-taupe-100-laine-merinos-rws\/"},"modified":"2025-03-15T01:03:53","modified_gmt":"2025-03-15T00:03:53","slug":"robe-courte-manche-longue-h24-femme-taupe-100-laine-merinos-rws","status":"publish","type":"product","link":"https:\/\/streetmarkets.fr\/app\/produit\/robe-courte-manche-longue-h24-femme-taupe-100-laine-merinos-rws\/","title":{"rendered":"Robe Courte Manche Longue (H24 \/ FEMME \/ Taupe \/ 100% Laine M\u00e9rinos RWS)"},"content":{"rendered":"<p>Une maille c\u00f4tel\u00e9e s&#8217;invite sur cette robe courte et ajust\u00e9e, confectionn\u00e9e en laine m\u00e9rinos certifi\u00e9e RWS (Responsible Wool Standard). Munie de manches longues et de poignets fendus, elle affiche un col chemise orn\u00e9 de boutons fantaisie. Associez-la \u00e0 une paire de sneakers pour un look chic et casual.<\/p>\n<p>&#8211; Robe courte en laine m\u00e9rinos Femme<br \/>\n<br \/>&#8211; C\u00f4tel\u00e9e<br \/>\n<br \/>&#8211; Col chemise<br \/>\n<br \/>&#8211; Boutons fantaisie<br \/>\n<br \/>&#8211; Manches longues<br \/>\n<br \/>&#8211; Poignets fendues<br \/>\n<br \/>&#8211; Coupe slim<br \/>\n<br \/>&#8211; Laine m\u00e9rinos : respirante et thermor\u00e9gulatrice, elle peut \u00eatre port\u00e9e \u00e9t\u00e9 comme hiver<\/p>\n","protected":false},"excerpt":{"rendered":"<p>Une maille c\u00f4tel\u00e9e s&#8217;invite sur cette robe courte et ajust\u00e9e, confectionn\u00e9e en laine m\u00e9rinos certifi\u00e9e RWS (Responsible Wool Standard). Munie de manches longues et de poignets fendus, elle affiche un col chemise orn\u00e9 de boutons fantaisie. Associez-la \u00e0 une paire de sneakers pour un look chic et casual. &#8211; Robe courte en laine m\u00e9rinos Femme [&hellip;]<\/p>\n","protected":false},"featured_media":691999,"comment_status":"open","ping_status":"closed","template":"","meta":[],"product_brand":[6868],"product_cat":[1756,1762],"product_tag":[2244],"acf":[],"_links":{"self":[{"href":"https:\/\/streetmarkets.fr\/app\/wp-json\/wp\/v2\/product\/691998"}],"collection":[{"href":"https:\/\/streetmarkets.fr\/app\/wp-json\/wp\/v2\/product"}],"about":[{"href":"https:\/\/streetmarkets.fr\/app\/wp-json\/wp\/v2\/types\/product"}],"replies":[{"embeddable":true,"href":"https:\/\/streetmarkets.fr\/app\/wp-json\/wp\/v2\/comments?post=691998"}],"wp:featuredmedia":[{"embeddable":true,"href":"https:\/\/streetmarkets.fr\/app\/wp-json\/wp\/v2\/media\/691999"}],"wp:attachment":[{"href":"https:\/\/streetmarkets.fr\/app\/wp-json\/wp\/v2\/media?parent=691998"}],"wp:term":[{"taxonomy":"product_brand","embeddable":true,"href":"https:\/\/streetmarkets.fr\/app\/wp-json\/wp\/v2\/product_brand?post=691998"},{"taxonomy":"product_cat","embeddable":true,"href":"https:\/\/streetmarkets.fr\/app\/wp-json\/wp\/v2\/product_cat?post=691998"},{"taxonomy":"product_tag","embeddable":true,"href":"https:\/\/streetmarkets.fr\/app\/wp-json\/wp\/v2\/product_tag?post=691998"}],"curies":[{"name":"wp","href":"https:\/\/api.w.org\/{rel}","templated":true}]}}