{"id":691946,"date":"2024-10-14T15:41:46","date_gmt":"2024-10-14T13:41:46","guid":{"rendered":"https:\/\/streetmarkets.fr\/app\/produit\/pull-col-montant-h24-femme-beige-chine\/"},"modified":"2025-01-13T01:23:52","modified_gmt":"2025-01-13T00:23:52","slug":"pull-col-montant-h24-femme-beige-chine","status":"publish","type":"product","link":"https:\/\/streetmarkets.fr\/app\/produit\/pull-col-montant-h24-femme-beige-chine\/","title":{"rendered":"Pull Col Montant (H24 \/ FEMME \/ Beige Chin\u00e9)"},"content":{"rendered":"<p>Des liser\u00e9s fluo se dessinent le long des manches, illuminant votre silhouette de saison. Confectionn\u00e9 en cachemire, ce pull oversize d\u00e9voile un col montant et des bords c\u00f4tel\u00e9s. Adoptez un look chic et casual en l&#8217;associant \u00e0 un jean ample ou un pantalon structur\u00e9.<\/p>\n<p>&#8211; Pull en cachemire certifi\u00e9 GCS\u00ae Femme<br \/>\n<br \/>&#8211; Liser\u00e9s contrast\u00e9s<br \/>\n<br \/>&#8211; Col montant<br \/>\n<br \/>&#8211; Manches longues<br \/>\n<br \/>&#8211; Bords c\u00f4tel\u00e9s<br \/>\n<br \/>&#8211; Coupe oversize<br \/>\n<br \/>&#8211; Le Good Cashmere Standard\u00ae (GCS) est une norme ind\u00e9pendante pour un cachemire plus durable et plus responsable. Il vise \u00e0 am\u00e9liorer le bien-\u00eatre des ch\u00e8vres cachemire, les conditions de travail des \u00e9leveurs ainsi qu&#8217;\u00e0 prot\u00e9ger l&#8217;environnement.<br \/>&#8211; <u>Cachemire 2 fils<\/u> <\/p>\n","protected":false},"excerpt":{"rendered":"<p>Des liser\u00e9s fluo se dessinent le long des manches, illuminant votre silhouette de saison. Confectionn\u00e9 en cachemire, ce pull oversize d\u00e9voile un col montant et des bords c\u00f4tel\u00e9s. Adoptez un look chic et casual en l&#8217;associant \u00e0 un jean ample ou un pantalon structur\u00e9. &#8211; Pull en cachemire certifi\u00e9 GCS\u00ae Femme &#8211; Liser\u00e9s contrast\u00e9s &#8211; [&hellip;]<\/p>\n","protected":false},"featured_media":691947,"comment_status":"open","ping_status":"closed","template":"","meta":[],"product_brand":[6868],"product_cat":[1756,1762],"product_tag":[2244],"acf":[],"_links":{"self":[{"href":"https:\/\/streetmarkets.fr\/app\/wp-json\/wp\/v2\/product\/691946"}],"collection":[{"href":"https:\/\/streetmarkets.fr\/app\/wp-json\/wp\/v2\/product"}],"about":[{"href":"https:\/\/streetmarkets.fr\/app\/wp-json\/wp\/v2\/types\/product"}],"replies":[{"embeddable":true,"href":"https:\/\/streetmarkets.fr\/app\/wp-json\/wp\/v2\/comments?post=691946"}],"wp:featuredmedia":[{"embeddable":true,"href":"https:\/\/streetmarkets.fr\/app\/wp-json\/wp\/v2\/media\/691947"}],"wp:attachment":[{"href":"https:\/\/streetmarkets.fr\/app\/wp-json\/wp\/v2\/media?parent=691946"}],"wp:term":[{"taxonomy":"product_brand","embeddable":true,"href":"https:\/\/streetmarkets.fr\/app\/wp-json\/wp\/v2\/product_brand?post=691946"},{"taxonomy":"product_cat","embeddable":true,"href":"https:\/\/streetmarkets.fr\/app\/wp-json\/wp\/v2\/product_cat?post=691946"},{"taxonomy":"product_tag","embeddable":true,"href":"https:\/\/streetmarkets.fr\/app\/wp-json\/wp\/v2\/product_tag?post=691946"}],"curies":[{"name":"wp","href":"https:\/\/api.w.org\/{rel}","templated":true}]}}