{"id":691925,"date":"2024-10-14T15:41:45","date_gmt":"2024-10-14T13:41:45","guid":{"rendered":"https:\/\/streetmarkets.fr\/app\/produit\/pull-col-camionneur-oversize-h24-homme-taupe-mouline\/"},"modified":"2025-01-02T01:05:51","modified_gmt":"2025-01-02T00:05:51","slug":"pull-col-camionneur-oversize-h24-homme-taupe-mouline","status":"publish","type":"product","link":"https:\/\/streetmarkets.fr\/app\/produit\/pull-col-camionneur-oversize-h24-homme-taupe-mouline\/","title":{"rendered":"Pull Col Camionneur Oversize (H24 \/ HOMME \/ Taupe Mouline)"},"content":{"rendered":"<p>Il est de tous les vestiaires : ce pull oversize en cachemire 4 fils s&#8217;impose comme un incontournable de la saison. Muni d&#8217;un col camionneur et de manches longues, il conf\u00e8re une silhouette allur\u00e9e en toute simplicit\u00e9 et se mixe facilement \u00e0 un jean pour un look casual sans effort.<\/p>\n<p>&#8211; Pull en cachemire 4 fils certifi\u00e9 GCS\u00ae Homme<br \/>\n<br \/>&#8211; Col camionneur<br \/>\n<br \/>&#8211; Manches longues<br \/>\n<br \/>&#8211; Bords c\u00f4tel\u00e9s<br \/>\n<br \/>&#8211; Coupe oversize<br \/>\n<br \/>&#8211; Le Good Cashmere Standard\u00ae (GCS) est une norme ind\u00e9pendante pour un cachemire plus durable et plus responsable. Il vise \u00e0 am\u00e9liorer le bien-\u00eatre des ch\u00e8vres cachemire, les conditions de travail des \u00e9leveurs ainsi qu&#8217;\u00e0 prot\u00e9ger l&#8217;environnement.<\/p>\n","protected":false},"excerpt":{"rendered":"<p>Il est de tous les vestiaires : ce pull oversize en cachemire 4 fils s&#8217;impose comme un incontournable de la saison. Muni d&#8217;un col camionneur et de manches longues, il conf\u00e8re une silhouette allur\u00e9e en toute simplicit\u00e9 et se mixe facilement \u00e0 un jean pour un look casual sans effort. &#8211; Pull en cachemire 4 [&hellip;]<\/p>\n","protected":false},"featured_media":691926,"comment_status":"open","ping_status":"closed","template":"","meta":[],"product_brand":[6868],"product_cat":[1756,1758],"product_tag":[2244],"acf":[],"_links":{"self":[{"href":"https:\/\/streetmarkets.fr\/app\/wp-json\/wp\/v2\/product\/691925"}],"collection":[{"href":"https:\/\/streetmarkets.fr\/app\/wp-json\/wp\/v2\/product"}],"about":[{"href":"https:\/\/streetmarkets.fr\/app\/wp-json\/wp\/v2\/types\/product"}],"replies":[{"embeddable":true,"href":"https:\/\/streetmarkets.fr\/app\/wp-json\/wp\/v2\/comments?post=691925"}],"wp:featuredmedia":[{"embeddable":true,"href":"https:\/\/streetmarkets.fr\/app\/wp-json\/wp\/v2\/media\/691926"}],"wp:attachment":[{"href":"https:\/\/streetmarkets.fr\/app\/wp-json\/wp\/v2\/media?parent=691925"}],"wp:term":[{"taxonomy":"product_brand","embeddable":true,"href":"https:\/\/streetmarkets.fr\/app\/wp-json\/wp\/v2\/product_brand?post=691925"},{"taxonomy":"product_cat","embeddable":true,"href":"https:\/\/streetmarkets.fr\/app\/wp-json\/wp\/v2\/product_cat?post=691925"},{"taxonomy":"product_tag","embeddable":true,"href":"https:\/\/streetmarkets.fr\/app\/wp-json\/wp\/v2\/product_tag?post=691925"}],"curies":[{"name":"wp","href":"https:\/\/api.w.org\/{rel}","templated":true}]}}