{"id":691888,"date":"2024-10-14T15:41:44","date_gmt":"2024-10-14T13:41:44","guid":{"rendered":"https:\/\/streetmarkets.fr\/app\/produit\/pull-col-camionneur-h24-femme-gris-chine-fonce\/"},"modified":"2025-01-23T01:22:50","modified_gmt":"2025-01-23T00:22:50","slug":"pull-col-camionneur-h24-femme-gris-chine-fonce","status":"publish","type":"product","link":"https:\/\/streetmarkets.fr\/app\/produit\/pull-col-camionneur-h24-femme-gris-chine-fonce\/","title":{"rendered":"Pull Col Camionneur (H24 \/ FEMME \/ Gris Chin\u00e9 Fonc\u00e9)"},"content":{"rendered":"<p>Un classique r\u00e9invent\u00e9 avec audace : ce pull court en cachemire se distingue par son col camionneur contrast\u00e9. Ses manches longues et ses bords c\u00f4tel\u00e9s r\u00e9chauffent votre allure avec \u00e9l\u00e9gance. Mixez-le \u00e0 un jean ample ou une jupe fluide pour un look chic et casual.<\/p>\n<p>&#8211; Pull court en cachemire certifi\u00e9 GCS\u00ae Femme<br \/>\n<br \/>&#8211; Col camionneur contrast\u00e9<br \/>\n<br \/>&#8211; Manches longues<br \/>\n<br \/>&#8211; Bords c\u00f4tel\u00e9s<br \/>\n<br \/>&#8211; Coupe regular<br \/>\n<br \/>&#8211; Le Good Cashmere Standard\u00ae (GCS) est une norme ind\u00e9pendante pour un cachemire plus durable et plus responsable. Il vise \u00e0 am\u00e9liorer le bien-\u00eatre des ch\u00e8vres cachemire, les conditions de travail des \u00e9leveurs ainsi qu&#8217;\u00e0 prot\u00e9ger l&#8217;environnement.<br \/>&#8211; <u>Cachemire 6 fils<\/u> <\/p>\n","protected":false},"excerpt":{"rendered":"<p>Un classique r\u00e9invent\u00e9 avec audace : ce pull court en cachemire se distingue par son col camionneur contrast\u00e9. Ses manches longues et ses bords c\u00f4tel\u00e9s r\u00e9chauffent votre allure avec \u00e9l\u00e9gance. Mixez-le \u00e0 un jean ample ou une jupe fluide pour un look chic et casual. &#8211; Pull court en cachemire certifi\u00e9 GCS\u00ae Femme &#8211; Col [&hellip;]<\/p>\n","protected":false},"featured_media":691889,"comment_status":"open","ping_status":"closed","template":"","meta":[],"product_brand":[6868],"product_cat":[1756,1762],"product_tag":[2244],"acf":[],"_links":{"self":[{"href":"https:\/\/streetmarkets.fr\/app\/wp-json\/wp\/v2\/product\/691888"}],"collection":[{"href":"https:\/\/streetmarkets.fr\/app\/wp-json\/wp\/v2\/product"}],"about":[{"href":"https:\/\/streetmarkets.fr\/app\/wp-json\/wp\/v2\/types\/product"}],"replies":[{"embeddable":true,"href":"https:\/\/streetmarkets.fr\/app\/wp-json\/wp\/v2\/comments?post=691888"}],"wp:featuredmedia":[{"embeddable":true,"href":"https:\/\/streetmarkets.fr\/app\/wp-json\/wp\/v2\/media\/691889"}],"wp:attachment":[{"href":"https:\/\/streetmarkets.fr\/app\/wp-json\/wp\/v2\/media?parent=691888"}],"wp:term":[{"taxonomy":"product_brand","embeddable":true,"href":"https:\/\/streetmarkets.fr\/app\/wp-json\/wp\/v2\/product_brand?post=691888"},{"taxonomy":"product_cat","embeddable":true,"href":"https:\/\/streetmarkets.fr\/app\/wp-json\/wp\/v2\/product_cat?post=691888"},{"taxonomy":"product_tag","embeddable":true,"href":"https:\/\/streetmarkets.fr\/app\/wp-json\/wp\/v2\/product_tag?post=691888"}],"curies":[{"name":"wp","href":"https:\/\/api.w.org\/{rel}","templated":true}]}}